{"id":7454,"date":"2019-11-13T10:40:23","date_gmt":"2019-11-13T10:40:23","guid":{"rendered":"https:\/\/adamasglobal.org\/?page_id=7454"},"modified":"2023-03-18T21:31:21","modified_gmt":"2023-03-18T14:31:21","slug":"quoc-gia","status":"publish","type":"page","link":"https:\/\/adamasglobal.org\/en\/quoc-gia","title":{"rendered":"COUNTRY"},"content":{"rendered":"<p><\/p>\n<p>[vc_section][vc_row][vc_column][vc_single_image image=&#8221;7455&#8243; img_size=&#8221;full&#8221; alignment=&#8221;center&#8221; css=&#8221;.vc_custom_1583308346872{margin-right: 0px !important;margin-left: 0px !important;}&#8221;][\/vc_column][\/vc_row][\/vc_section][vc_section][vc_row css=&#8221;.vc_custom_1573642221819{margin-right: 20px !important;margin-left: 20px !important;}&#8221;][vc_column width=&#8221;1\/3&#8243;][vc_single_image image=&#8221;10186&#8243; img_size=&#8221;full&#8221; alignment=&#8221;center&#8221;][vc_column_text]<\/p>\n<h2 style=\"text-align: center; font-size: 30px;\"><a href=\"https:\/\/adamasglobal.org\/bat-dong-san-viet-nam\"><strong>VI\u1ec6T NAM<\/strong><\/a><\/h2>\n<p style=\"font-size: 18px;\">Th\u1ecb tr\u01b0\u1eddng b\u1ea5t \u0111\u1ed9ng s\u1ea3n Vi\u1ec7t Nam \u0111\u00e3 ch\u00ednh th\u1ee9c h\u1ed9i nh\u1eadp v\u1edbi qu\u1ed1c t\u1ebf, ch\u00ednh th\u1ee9c m\u1edf c\u1eeda, \u0111\u00f3n nh\u1eefng d\u00f2ng v\u1ed1n \u0111\u1ea7u t\u01b0 n\u01b0\u1edbc ngo\u00e0i.<\/p>\n<p>[\/vc_column_text][vc_btn title=&#8221;Xem th\u00eam&#8221; style=&#8221;classic&#8221; color=&#8221;sandy-brown&#8221; size=&#8221;lg&#8221; align=&#8221;center&#8221; link=&#8221;url:https%3A%2F%2Fadamasglobal.org%2Fbat-dong-san-viet-nam%2F|title:%5B%3Avi%5DB%E1%BA%A5t%20%C4%90%E1%BB%99ng%20S%E1%BA%A3n%20Vi%E1%BB%87t%20Nam%5B%3Aen%5DViet%20Nam%20Real%20Estate%5B%3A%5D||&#8221;][\/vc_column][vc_column width=&#8221;1\/3&#8243;][vc_single_image image=&#8221;7459&#8243; img_size=&#8221;large&#8221; alignment=&#8221;center&#8221; onclick=&#8221;custom_link&#8221; link=&#8221;https:\/\/adamasglobal.org\/bat-dong-san-sip&#8221;][vc_column_text]<\/p>\n<h2 style=\"text-align: center; font-size: 30px;\"><a href=\"https:\/\/adamasglobal.org\/bat-dong-san-sip\"><strong>CYPRUS<\/strong><\/a><\/h2>\n<p style=\"font-size: 18px;\">\u0110\u1ecbnh c\u01b0 \u0111\u1ea3o S\u00edp \u0111\u01b0\u1ee3c xem l\u00e0 con \u0111\u01b0\u1eddng nhanh nh\u1ea5t \u0111\u1ec3 tr\u1edf th\u00e0nh c\u00f4ng d\u00e2n ch\u00e2u \u00c2u v\u00e0 nh\u1eadn to\u00e0n b\u1ed9 nh\u1eefng quy\u1ec1n l\u1ee3i c\u1ee7a m\u1ed9t c\u00f4ng d\u00e2n Ch\u00e2u \u00c2u<\/p>\n<p>[\/vc_column_text][vc_btn title=&#8221;Xem th\u00eam&#8221; style=&#8221;classic&#8221; color=&#8221;sandy-brown&#8221; size=&#8221;lg&#8221; align=&#8221;center&#8221; link=&#8221;url:https%3A%2F%2Fadamasglobal.org%2Fbat-dong-san-sip|title:%5B%3Avi%5DB%E1%BA%A4T%20%C4%90%E1%BB%98NG%20S%E1%BA%A2N%20%C4%90%E1%BA%A2O%20S%C3%8DP%5B%3Aen%5DCYPRUS%20REAL%20ESTATE%5B%3A%5D||&#8221;][\/vc_column][vc_column width=&#8221;1\/3&#8243;][vc_single_image image=&#8221;7458&#8243; img_size=&#8221;large&#8221; alignment=&#8221;center&#8221; onclick=&#8221;custom_link&#8221; link=&#8221;https:\/\/adamasglobal.org\/bat-dong-san-hy-lap&#8221;][vc_column_text]<\/p>\n<h2 style=\"text-align: center; font-size: 30px;\"><a href=\"https:\/\/adamasglobal.org\/bat-dong-san-hy-lap\"><strong>GREECE<\/strong><\/a><\/h2>\n<p style=\"font-size: 18px;\">Hy L\u1ea1p v\u1edbi h\u01a1n 3,400 n\u0103m l\u1ecbch s\u1eed, s\u1edf h\u1eefu v\u00f4 s\u1ed1 b\u1ea3o t\u00e0ng v\u00e0 di s\u1ea3n \u0111\u01b0\u1ee3c Unesco c\u00f4ng nh\u1eadn nh\u01b0 th\u00e0nh c\u1ed5 Acropolis, \u0111\u1ec1n Parthenon, \u0111\u1ec1n th\u1edd th\u1ea7n Zeus\u2026<\/p>\n<p>[\/vc_column_text][vc_btn title=&#8221;Xem th\u00eam&#8221; style=&#8221;classic&#8221; color=&#8221;sandy-brown&#8221; size=&#8221;lg&#8221; align=&#8221;center&#8221; link=&#8221;url:https%3A%2F%2Fadamasglobal.org%2Fbat-dong-san-hy-lap|title:B%E1%BA%A4T%20%C4%90%E1%BB%98NG%20S%E1%BA%A2N%20HY%20L%E1%BA%A0P||&#8221;][\/vc_column][\/vc_row][vc_row css=&#8221;.vc_custom_1573642221819{margin-right: 20px !important;margin-left: 20px !important;}&#8221;][vc_column width=&#8221;1\/3&#8243;][vc_single_image image=&#8221;19099&#8243; img_size=&#8221;full&#8221; alignment=&#8221;center&#8221; onclick=&#8221;custom_link&#8221; link=&#8221;https:\/\/adamasglobal.org\/bat-dong-san-saint-lucia&#8221;][vc_column_text]<\/p>\n<h2 style=\"text-align: center; font-size: 30px;\"><a href=\"https:\/\/adamasglobal.org\/bat-dong-san-saint-lucia\"><strong>SAINT LUCIA<\/strong><\/a><\/h2>\n<p style=\"font-size: 18px;\">\u0110\u1ea7u t\u01b0 Saint Lucia \u2013 4 th\u1ebf h\u1ec7 s\u1edf h\u1eefu song t\u1ecbch. L\u00e0 Th\u00e0nh vi\u00ean Li\u00ean H\u1ee3p Qu\u1ed1c, Kh\u1ed1i th\u1ecbnh v\u01b0\u1ee3ng chung Anh, Ng\u00e2n h\u00e0ng th\u1ebf gi\u1edbi.<\/p>\n<p>[\/vc_column_text][vc_btn title=&#8221;Xem th\u00eam&#8221; style=&#8221;classic&#8221; color=&#8221;sandy-brown&#8221; size=&#8221;lg&#8221; align=&#8221;center&#8221; link=&#8221;url:https%3A%2F%2Fadamasglobal.org%2Fbat-dong-san-six-sences-grenada|title:%5B%3Avi%5DB%E1%BA%A4T%20%C4%90%E1%BB%98NG%20S%E1%BA%A2N%20SIX%20SENCES%20GRENADA%5B%3Aen%5DSIX%20SENCES%20GRENADA%5B%3A%5D||&#8221;][\/vc_column][vc_column width=&#8221;1\/3&#8243;][vc_single_image image=&#8221;19217&#8243; img_size=&#8221;full&#8221; alignment=&#8221;center&#8221; onclick=&#8221;custom_link&#8221; link=&#8221;https:\/\/adamasglobal.org\/bat-dong-san-eb5&#8243;][vc_column_text]<\/p>\n<h2 style=\"text-align: center; font-size: 30px;\"><a href=\"https:\/\/adamasglobal.org\/bat-dong-san-eb5\"><strong>USA<\/strong><\/a><\/h2>\n<p style=\"font-size: 18px;\">T\u00ecnh tr\u1ea1ng \u01b0u ti\u00ean c\u1ee7a Vi\u1ec7t Nam hi\u1ec7n \u0111ang &#8220;CURRENT&#8221; &#8211; kh\u00f4ng b\u1ecb t\u1ed3n \u0111\u1ecdng. \u0110\u00e2y l\u00e0 th\u1eddi \u0111i\u1ec3m t\u1ed1t nh\u1ea5t \u0111\u1ec3 nh\u00e0 \u0111\u1ea7u t\u01b0 Vi\u1ec7t Nam \u0111\u1ea7u t\u01b0.<\/p>\n<p>[\/vc_column_text][vc_btn title=&#8221;Xem th\u00eam&#8221; style=&#8221;classic&#8221; color=&#8221;sandy-brown&#8221; size=&#8221;lg&#8221; align=&#8221;center&#8221; link=&#8221;url:https%3A%2F%2Fadamasglobal.org%2Fbat-dong-san-eb5|title:%5B%3Avi%5DB%E1%BA%A4T%20%C4%90%E1%BB%98NG%20S%E1%BA%A2N%20SIX%20SENCES%20GRENADA%5B%3Aen%5DSIX%20SENCES%20GRENADA%5B%3A%5D||&#8221;][\/vc_column][vc_column width=&#8221;1\/3&#8243;][\/vc_column][\/vc_row][\/vc_section]<\/p>\n<p><\/p>","protected":false},"excerpt":{"rendered":"<p>[vc_section][vc_row][vc_column][vc_single_image image=&#8221;7455&#8243; img_size=&#8221;full&#8221; alignment=&#8221;center&#8221; css=&#8221;.vc_custom_1583308346872{margin-right: 0px !important;margin-left: 0px !important;}&#8221;][\/vc_column][\/vc_row][\/vc_section][vc_section][vc_row css=&#8221;.vc_custom_1573642221819{margin-right: 20px !important;margin-left: 20px !important;}&#8221;][vc_column width=&#8221;1\/3&#8243;][vc_single_image image=&#8221;10186&#8243; img_size=&#8221;full&#8221; alignment=&#8221;center&#8221;][vc_column_text] VI\u1ec6T NAM Th\u1ecb tr\u01b0\u1eddng b\u1ea5t \u0111\u1ed9ng s\u1ea3n Vi\u1ec7t Nam \u0111\u00e3 ch\u00ednh th\u1ee9c h\u1ed9i nh\u1eadp v\u1edbi qu\u1ed1c t\u1ebf, ch\u00ednh th\u1ee9c m\u1edf c\u1eeda, \u0111\u00f3n nh\u1eefng d\u00f2ng v\u1ed1n \u0111\u1ea7u t\u01b0 n\u01b0\u1edbc ngo\u00e0i. [\/vc_column_text][vc_btn title=&#8221;Xem th\u00eam&#8221; style=&#8221;classic&#8221; color=&#8221;sandy-brown&#8221; size=&#8221;lg&#8221; align=&#8221;center&#8221; link=&#8221;url:https%3A%2F%2Fadamasglobal.org%2Fbat-dong-san-viet-nam%2F|title:%5B%3Avi%5DB%E1%BA%A5t%20%C4%90%E1%BB%99ng%20S%E1%BA%A3n%20Vi%E1%BB%87t%20Nam%5B%3Aen%5DViet%20Nam%20Real%20Estate%5B%3A%5D||&#8221;][\/vc_column][vc_column&#8230;<\/p>\n","protected":false},"author":1,"featured_media":0,"parent":0,"menu_order":0,"comment_status":"closed","ping_status":"closed","template":"elementor_header_footer","meta":[],"yoast_head":"<!-- This site is optimized with the Yoast SEO plugin v21.1 - https:\/\/yoast.com\/wordpress\/plugins\/seo\/ -->\n<title>COUNTRY - ADAMAS GLOBAL INVESTMENT<\/title>\n<meta name=\"robots\" content=\"index, follow, max-snippet:-1, max-image-preview:large, max-video-preview:-1\" \/>\n<link rel=\"canonical\" href=\"https:\/\/adamasglobal.org\/quoc-gia\" \/>\n<meta property=\"og:locale\" content=\"en_US\" \/>\n<meta property=\"og:type\" content=\"article\" \/>\n<meta property=\"og:title\" content=\"COUNTRY - ADAMAS GLOBAL INVESTMENT\" \/>\n<meta property=\"og:description\" content=\"[vc_section][vc_row][vc_column][vc_single_image image=&#8221;7455&#8243; img_size=&#8221;full&#8221; alignment=&#8221;center&#8221; css=&#8221;.vc_custom_1583308346872{margin-right: 0px !important;margin-left: 0px !important;}&#8221;][\/vc_column][\/vc_row][\/vc_section][vc_section][vc_row css=&#8221;.vc_custom_1573642221819{margin-right: 20px !important;margin-left: 20px !important;}&#8221;][vc_column width=&#8221;1\/3&#8243;][vc_single_image image=&#8221;10186&#8243; img_size=&#8221;full&#8221; alignment=&#8221;center&#8221;][vc_column_text] VI\u1ec6T NAM Th\u1ecb tr\u01b0\u1eddng b\u1ea5t \u0111\u1ed9ng s\u1ea3n Vi\u1ec7t Nam \u0111\u00e3 ch\u00ednh th\u1ee9c h\u1ed9i nh\u1eadp v\u1edbi qu\u1ed1c t\u1ebf, ch\u00ednh th\u1ee9c m\u1edf c\u1eeda, \u0111\u00f3n nh\u1eefng d\u00f2ng v\u1ed1n \u0111\u1ea7u t\u01b0 n\u01b0\u1edbc ngo\u00e0i. [\/vc_column_text][vc_btn title=&#8221;Xem th\u00eam&#8221; style=&#8221;classic&#8221; color=&#8221;sandy-brown&#8221; size=&#8221;lg&#8221; align=&#8221;center&#8221; link=&#8221;url:https%3A%2F%2Fadamasglobal.org%2Fbat-dong-san-viet-nam%2F|title:%5B%3Avi%5DB%E1%BA%A5t%20%C4%90%E1%BB%99ng%20S%E1%BA%A3n%20Vi%E1%BB%87t%20Nam%5B%3Aen%5DViet%20Nam%20Real%20Estate%5B%3A%5D||&#8221;][\/vc_column][vc_column...\" \/>\n<meta property=\"og:url\" content=\"https:\/\/adamasglobal.org\/quoc-gia\" \/>\n<meta property=\"og:site_name\" content=\"ADAMAS GLOBAL INVESTMENT\" \/>\n<meta property=\"article:modified_time\" content=\"2023-03-18T14:31:21+00:00\" \/>\n<meta name=\"twitter:card\" content=\"summary_large_image\" \/>\n<meta name=\"twitter:label1\" content=\"Est. reading time\" \/>\n\t<meta name=\"twitter:data1\" content=\"2 minutes\" \/>\n<script type=\"application\/ld+json\" class=\"yoast-schema-graph\">{\"@context\":\"https:\/\/schema.org\",\"@graph\":[{\"@type\":\"WebPage\",\"@id\":\"https:\/\/adamasglobal.org\/quoc-gia\",\"url\":\"https:\/\/adamasglobal.org\/quoc-gia\",\"name\":\"COUNTRY - ADAMAS GLOBAL INVESTMENT\",\"isPartOf\":{\"@id\":\"https:\/\/adamasglobal.org\/#website\"},\"datePublished\":\"2019-11-13T10:40:23+00:00\",\"dateModified\":\"2023-03-18T14:31:21+00:00\",\"breadcrumb\":{\"@id\":\"https:\/\/adamasglobal.org\/quoc-gia#breadcrumb\"},\"inLanguage\":\"en-US\",\"potentialAction\":[{\"@type\":\"ReadAction\",\"target\":[\"https:\/\/adamasglobal.org\/quoc-gia\"]}]},{\"@type\":\"BreadcrumbList\",\"@id\":\"https:\/\/adamasglobal.org\/quoc-gia#breadcrumb\",\"itemListElement\":[{\"@type\":\"ListItem\",\"position\":1,\"name\":\"Home\",\"item\":\"https:\/\/adamasglobal.org\/\"},{\"@type\":\"ListItem\",\"position\":2,\"name\":\"QU\u1ed0C GIA\"}]},{\"@type\":\"WebSite\",\"@id\":\"https:\/\/adamasglobal.org\/#website\",\"url\":\"https:\/\/adamasglobal.org\/\",\"name\":\"ADAMAS GLOBAL INVESTMENT\",\"description\":\"\",\"publisher\":{\"@id\":\"https:\/\/adamasglobal.org\/#organization\"},\"potentialAction\":[{\"@type\":\"SearchAction\",\"target\":{\"@type\":\"EntryPoint\",\"urlTemplate\":\"https:\/\/adamasglobal.org\/?s={search_term_string}\"},\"query-input\":\"required name=search_term_string\"}],\"inLanguage\":\"en-US\"},{\"@type\":\"Organization\",\"@id\":\"https:\/\/adamasglobal.org\/#organization\",\"name\":\"C\u00d4NG TY \u0110\u1ea6U T\u01af B\u1ea4T \u0110\u1ed8NG S\u1ea2N QU\u1ed0C T\u1ebe ADAMAS\",\"url\":\"https:\/\/adamasglobal.org\/\",\"logo\":{\"@type\":\"ImageObject\",\"inLanguage\":\"en-US\",\"@id\":\"https:\/\/adamasglobal.org\/#\/schema\/logo\/image\/\",\"url\":\"https:\/\/adamasglobal.org\/wp-content\/uploads\/2020\/02\/adamas-logo-new-400.png\",\"contentUrl\":\"https:\/\/adamasglobal.org\/wp-content\/uploads\/2020\/02\/adamas-logo-new-400.png\",\"width\":600,\"height\":209,\"caption\":\"C\u00d4NG TY \u0110\u1ea6U T\u01af B\u1ea4T \u0110\u1ed8NG S\u1ea2N QU\u1ed0C T\u1ebe ADAMAS\"},\"image\":{\"@id\":\"https:\/\/adamasglobal.org\/#\/schema\/logo\/image\/\"}}]}<\/script>\n<!-- \/ Yoast SEO plugin. -->","yoast_head_json":{"title":"COUNTRY - ADAMAS GLOBAL INVESTMENT","robots":{"index":"index","follow":"follow","max-snippet":"max-snippet:-1","max-image-preview":"max-image-preview:large","max-video-preview":"max-video-preview:-1"},"canonical":"https:\/\/adamasglobal.org\/quoc-gia","og_locale":"en_US","og_type":"article","og_title":"COUNTRY - ADAMAS GLOBAL INVESTMENT","og_description":"[vc_section][vc_row][vc_column][vc_single_image image=&#8221;7455&#8243; img_size=&#8221;full&#8221; alignment=&#8221;center&#8221; css=&#8221;.vc_custom_1583308346872{margin-right: 0px !important;margin-left: 0px !important;}&#8221;][\/vc_column][\/vc_row][\/vc_section][vc_section][vc_row css=&#8221;.vc_custom_1573642221819{margin-right: 20px !important;margin-left: 20px !important;}&#8221;][vc_column width=&#8221;1\/3&#8243;][vc_single_image image=&#8221;10186&#8243; img_size=&#8221;full&#8221; alignment=&#8221;center&#8221;][vc_column_text] VI\u1ec6T NAM Th\u1ecb tr\u01b0\u1eddng b\u1ea5t \u0111\u1ed9ng s\u1ea3n Vi\u1ec7t Nam \u0111\u00e3 ch\u00ednh th\u1ee9c h\u1ed9i nh\u1eadp v\u1edbi qu\u1ed1c t\u1ebf, ch\u00ednh th\u1ee9c m\u1edf c\u1eeda, \u0111\u00f3n nh\u1eefng d\u00f2ng v\u1ed1n \u0111\u1ea7u t\u01b0 n\u01b0\u1edbc ngo\u00e0i. [\/vc_column_text][vc_btn title=&#8221;Xem th\u00eam&#8221; style=&#8221;classic&#8221; color=&#8221;sandy-brown&#8221; size=&#8221;lg&#8221; align=&#8221;center&#8221; link=&#8221;url:https%3A%2F%2Fadamasglobal.org%2Fbat-dong-san-viet-nam%2F|title:%5B%3Avi%5DB%E1%BA%A5t%20%C4%90%E1%BB%99ng%20S%E1%BA%A3n%20Vi%E1%BB%87t%20Nam%5B%3Aen%5DViet%20Nam%20Real%20Estate%5B%3A%5D||&#8221;][\/vc_column][vc_column...","og_url":"https:\/\/adamasglobal.org\/quoc-gia","og_site_name":"ADAMAS GLOBAL INVESTMENT","article_modified_time":"2023-03-18T14:31:21+00:00","twitter_card":"summary_large_image","twitter_misc":{"Est. reading time":"2 minutes"},"schema":{"@context":"https:\/\/schema.org","@graph":[{"@type":"WebPage","@id":"https:\/\/adamasglobal.org\/quoc-gia","url":"https:\/\/adamasglobal.org\/quoc-gia","name":"COUNTRY - ADAMAS GLOBAL INVESTMENT","isPartOf":{"@id":"https:\/\/adamasglobal.org\/#website"},"datePublished":"2019-11-13T10:40:23+00:00","dateModified":"2023-03-18T14:31:21+00:00","breadcrumb":{"@id":"https:\/\/adamasglobal.org\/quoc-gia#breadcrumb"},"inLanguage":"en-US","potentialAction":[{"@type":"ReadAction","target":["https:\/\/adamasglobal.org\/quoc-gia"]}]},{"@type":"BreadcrumbList","@id":"https:\/\/adamasglobal.org\/quoc-gia#breadcrumb","itemListElement":[{"@type":"ListItem","position":1,"name":"Home","item":"https:\/\/adamasglobal.org\/"},{"@type":"ListItem","position":2,"name":"QU\u1ed0C GIA"}]},{"@type":"WebSite","@id":"https:\/\/adamasglobal.org\/#website","url":"https:\/\/adamasglobal.org\/","name":"ADAMAS GLOBAL INVESTMENT","description":"","publisher":{"@id":"https:\/\/adamasglobal.org\/#organization"},"potentialAction":[{"@type":"SearchAction","target":{"@type":"EntryPoint","urlTemplate":"https:\/\/adamasglobal.org\/?s={search_term_string}"},"query-input":"required name=search_term_string"}],"inLanguage":"en-US"},{"@type":"Organization","@id":"https:\/\/adamasglobal.org\/#organization","name":"C\u00d4NG TY \u0110\u1ea6U T\u01af B\u1ea4T \u0110\u1ed8NG S\u1ea2N QU\u1ed0C T\u1ebe ADAMAS","url":"https:\/\/adamasglobal.org\/","logo":{"@type":"ImageObject","inLanguage":"en-US","@id":"https:\/\/adamasglobal.org\/#\/schema\/logo\/image\/","url":"https:\/\/adamasglobal.org\/wp-content\/uploads\/2020\/02\/adamas-logo-new-400.png","contentUrl":"https:\/\/adamasglobal.org\/wp-content\/uploads\/2020\/02\/adamas-logo-new-400.png","width":600,"height":209,"caption":"C\u00d4NG TY \u0110\u1ea6U T\u01af B\u1ea4T \u0110\u1ed8NG S\u1ea2N QU\u1ed0C T\u1ebe ADAMAS"},"image":{"@id":"https:\/\/adamasglobal.org\/#\/schema\/logo\/image\/"}}]}},"_links":{"self":[{"href":"https:\/\/adamasglobal.org\/en\/wp-json\/wp\/v2\/pages\/7454"}],"collection":[{"href":"https:\/\/adamasglobal.org\/en\/wp-json\/wp\/v2\/pages"}],"about":[{"href":"https:\/\/adamasglobal.org\/en\/wp-json\/wp\/v2\/types\/page"}],"author":[{"embeddable":true,"href":"https:\/\/adamasglobal.org\/en\/wp-json\/wp\/v2\/users\/1"}],"replies":[{"embeddable":true,"href":"https:\/\/adamasglobal.org\/en\/wp-json\/wp\/v2\/comments?post=7454"}],"version-history":[{"count":22,"href":"https:\/\/adamasglobal.org\/en\/wp-json\/wp\/v2\/pages\/7454\/revisions"}],"predecessor-version":[{"id":19219,"href":"https:\/\/adamasglobal.org\/en\/wp-json\/wp\/v2\/pages\/7454\/revisions\/19219"}],"wp:attachment":[{"href":"https:\/\/adamasglobal.org\/en\/wp-json\/wp\/v2\/media?parent=7454"}],"curies":[{"name":"wp","href":"https:\/\/api.w.org\/{rel}","templated":true}]}}