{"id":5687,"date":"2019-09-20T09:08:23","date_gmt":"2019-09-20T09:08:23","guid":{"rendered":"https:\/\/adamasglobal.org\/?page_id=5687"},"modified":"2020-03-02T16:45:21","modified_gmt":"2020-03-02T09:45:21","slug":"ky-hop-dong","status":"publish","type":"page","link":"https:\/\/adamasglobal.org\/en\/ky-hop-dong","title":{"rendered":"SIGNING CONTRACT"},"content":{"rendered":"<p>[vc_row][vc_column][vc_column_text el_class=&#8221;title-h3-page&#8221;]<\/p>\n<h3 style=\"text-align: center;\">SIGNING CONTRACT<\/h3>\n<p>[\/vc_column_text][\/vc_column][\/vc_row][vc_row][vc_column][vc_column_text]<br \/>\n[\/vc_column_text][\/vc_column][\/vc_row][vc_row][vc_column][vc_column_text]<span style=\"font-weight: 400; font-size: 18px;\">V\u1edbi s\u1ef1 h\u1ed7 tr\u1ee3 t\u1eeb \u0110\u1ed9i ng\u0169 chuy\u00ean gia t\u01b0 v\u1ea5n c\u1ee7a Adamas Global Investment, Kh\u00e1ch h\u00e0ng s\u1ebd c\u1ea7n \u0111\u1ecdc v\u00e0 n\u1eafm r\u00f5 t\u1ea5t c\u1ea3 c\u00e1c \u0111i\u1ec1u kho\u1ea3n v\u00e0 \u0111i\u1ec1u ki\u1ec7n c\u1ee7a c\u00e1c lo\u1ea1i h\u1ee3p \u0111\u1ed3ng (h\u1ee3p \u0111\u1ed3ng \u0111\u1eb7t c\u1ecdc, h\u1ee3p \u0111\u1ed3ng b\u00e1n ra v\u00e0 mua v\u00e0o, h\u1ee3p \u0111\u1ed3ng thu\u00ea m\u01b0\u1edbn n\u1ebfu c\u00f3&#8230;). C\u00e1c chuy\u00ean gia t\u01b0 v\u1ea5n c\u1ee7a ch\u00fang t\u00f4i s\u1ebd lu\u00f4n theo s\u00e1t v\u00e0 gi\u1ea3i th\u00edch r\u00f5 nh\u1ea5t c\u00e1c \u0111i\u1ec1u kho\u1ea3n n\u00e0o ch\u01b0a r\u00f5 r\u00e0ng \u0111\u1ec3 h\u01b0\u1edbng \u0111\u1ebfn m\u1ee5c \u0111\u00edch \u0111\u00e1p \u1ee9ng s\u1ef1 h\u00e0i l\u00f2ng ho\u00e0n h\u1ea3o nh\u1ea5t t\u1eeb ph\u00ed Kh\u00e1ch h\u00e0ng. <\/span>[\/vc_column_text][\/vc_column][\/vc_row][vc_row][vc_column][vc_column_text]<\/p>\n<h4 style=\"text-align: center; font-size: 30px; letter-spacing: 2px;\">Li\u00ean h\u1ec7 T\u01b0 v\u1ea5n<\/h4>\n<p>[\/vc_column_text][\/vc_column][\/vc_row]<\/p>","protected":false},"excerpt":{"rendered":"<p>[vc_row][vc_column][vc_column_text el_class=&#8221;title-h3-page&#8221;] SIGNING CONTRACT [\/vc_column_text][\/vc_column][\/vc_row][vc_row][vc_column][vc_column_text] [\/vc_column_text][\/vc_column][\/vc_row][vc_row][vc_column][vc_column_text]V\u1edbi s\u1ef1 h\u1ed7 tr\u1ee3 t\u1eeb \u0110\u1ed9i ng\u0169 chuy\u00ean gia t\u01b0 v\u1ea5n c\u1ee7a Adamas Global Investment, Kh\u00e1ch h\u00e0ng s\u1ebd c\u1ea7n \u0111\u1ecdc v\u00e0 n\u1eafm r\u00f5 t\u1ea5t c\u1ea3 c\u00e1c \u0111i\u1ec1u kho\u1ea3n v\u00e0 \u0111i\u1ec1u ki\u1ec7n c\u1ee7a c\u00e1c lo\u1ea1i h\u1ee3p \u0111\u1ed3ng (h\u1ee3p \u0111\u1ed3ng \u0111\u1eb7t c\u1ecdc, h\u1ee3p \u0111\u1ed3ng b\u00e1n ra v\u00e0 mua v\u00e0o, h\u1ee3p \u0111\u1ed3ng thu\u00ea&#8230;<\/p>\n","protected":false},"author":1,"featured_media":0,"parent":0,"menu_order":0,"comment_status":"closed","ping_status":"closed","template":"templates\/contact.php","meta":[],"yoast_head":"<!-- This site is optimized with the Yoast SEO plugin v21.1 - https:\/\/yoast.com\/wordpress\/plugins\/seo\/ -->\n<title>SIGNING CONTRACT - ADAMAS GLOBAL INVESTMENT<\/title>\n<meta name=\"robots\" content=\"index, follow, max-snippet:-1, max-image-preview:large, max-video-preview:-1\" \/>\n<link rel=\"canonical\" href=\"https:\/\/adamasglobal.org\/en\/ky-hop-dong\" \/>\n<meta property=\"og:locale\" content=\"en_US\" \/>\n<meta property=\"og:type\" content=\"article\" \/>\n<meta property=\"og:title\" content=\"SIGNING CONTRACT - ADAMAS GLOBAL INVESTMENT\" \/>\n<meta property=\"og:description\" content=\"[vc_row][vc_column][vc_column_text el_class=&#8221;title-h3-page&#8221;] SIGNING CONTRACT [\/vc_column_text][\/vc_column][\/vc_row][vc_row][vc_column][vc_column_text] [\/vc_column_text][\/vc_column][\/vc_row][vc_row][vc_column][vc_column_text]V\u1edbi s\u1ef1 h\u1ed7 tr\u1ee3 t\u1eeb \u0110\u1ed9i ng\u0169 chuy\u00ean gia t\u01b0 v\u1ea5n c\u1ee7a Adamas Global Investment, Kh\u00e1ch h\u00e0ng s\u1ebd c\u1ea7n \u0111\u1ecdc v\u00e0 n\u1eafm r\u00f5 t\u1ea5t c\u1ea3 c\u00e1c \u0111i\u1ec1u kho\u1ea3n v\u00e0 \u0111i\u1ec1u ki\u1ec7n c\u1ee7a c\u00e1c lo\u1ea1i h\u1ee3p \u0111\u1ed3ng (h\u1ee3p \u0111\u1ed3ng \u0111\u1eb7t c\u1ecdc, h\u1ee3p \u0111\u1ed3ng b\u00e1n ra v\u00e0 mua v\u00e0o, h\u1ee3p \u0111\u1ed3ng thu\u00ea...\" \/>\n<meta property=\"og:url\" content=\"https:\/\/adamasglobal.org\/en\/ky-hop-dong\" \/>\n<meta property=\"og:site_name\" content=\"ADAMAS GLOBAL INVESTMENT\" \/>\n<meta property=\"article:modified_time\" content=\"2020-03-02T09:45:21+00:00\" \/>\n<meta name=\"twitter:card\" content=\"summary_large_image\" \/>\n<meta name=\"twitter:label1\" content=\"Est. reading time\" \/>\n\t<meta name=\"twitter:data1\" content=\"2 minutes\" \/>\n<script type=\"application\/ld+json\" class=\"yoast-schema-graph\">{\"@context\":\"https:\/\/schema.org\",\"@graph\":[{\"@type\":\"WebPage\",\"@id\":\"https:\/\/adamasglobal.org\/en\/ky-hop-dong\",\"url\":\"https:\/\/adamasglobal.org\/en\/ky-hop-dong\",\"name\":\"SIGNING CONTRACT - ADAMAS GLOBAL INVESTMENT\",\"isPartOf\":{\"@id\":\"https:\/\/adamasglobal.org\/#website\"},\"datePublished\":\"2019-09-20T09:08:23+00:00\",\"dateModified\":\"2020-03-02T09:45:21+00:00\",\"breadcrumb\":{\"@id\":\"https:\/\/adamasglobal.org\/en\/ky-hop-dong#breadcrumb\"},\"inLanguage\":\"en-US\",\"potentialAction\":[{\"@type\":\"ReadAction\",\"target\":[\"https:\/\/adamasglobal.org\/en\/ky-hop-dong\"]}]},{\"@type\":\"BreadcrumbList\",\"@id\":\"https:\/\/adamasglobal.org\/en\/ky-hop-dong#breadcrumb\",\"itemListElement\":[{\"@type\":\"ListItem\",\"position\":1,\"name\":\"Home\",\"item\":\"https:\/\/adamasglobal.org\/\"},{\"@type\":\"ListItem\",\"position\":2,\"name\":\"SIGNING CONTRACT\"}]},{\"@type\":\"WebSite\",\"@id\":\"https:\/\/adamasglobal.org\/#website\",\"url\":\"https:\/\/adamasglobal.org\/\",\"name\":\"ADAMAS GLOBAL INVESTMENT\",\"description\":\"\",\"publisher\":{\"@id\":\"https:\/\/adamasglobal.org\/#organization\"},\"potentialAction\":[{\"@type\":\"SearchAction\",\"target\":{\"@type\":\"EntryPoint\",\"urlTemplate\":\"https:\/\/adamasglobal.org\/?s={search_term_string}\"},\"query-input\":\"required name=search_term_string\"}],\"inLanguage\":\"en-US\"},{\"@type\":\"Organization\",\"@id\":\"https:\/\/adamasglobal.org\/#organization\",\"name\":\"C\u00d4NG TY \u0110\u1ea6U T\u01af B\u1ea4T \u0110\u1ed8NG S\u1ea2N QU\u1ed0C T\u1ebe ADAMAS\",\"url\":\"https:\/\/adamasglobal.org\/\",\"logo\":{\"@type\":\"ImageObject\",\"inLanguage\":\"en-US\",\"@id\":\"https:\/\/adamasglobal.org\/#\/schema\/logo\/image\/\",\"url\":\"https:\/\/adamasglobal.org\/wp-content\/uploads\/2020\/02\/adamas-logo-new-400.png\",\"contentUrl\":\"https:\/\/adamasglobal.org\/wp-content\/uploads\/2020\/02\/adamas-logo-new-400.png\",\"width\":600,\"height\":209,\"caption\":\"C\u00d4NG TY \u0110\u1ea6U T\u01af B\u1ea4T \u0110\u1ed8NG S\u1ea2N QU\u1ed0C T\u1ebe ADAMAS\"},\"image\":{\"@id\":\"https:\/\/adamasglobal.org\/#\/schema\/logo\/image\/\"}}]}<\/script>\n<!-- \/ Yoast SEO plugin. -->","yoast_head_json":{"title":"SIGNING CONTRACT - ADAMAS GLOBAL INVESTMENT","robots":{"index":"index","follow":"follow","max-snippet":"max-snippet:-1","max-image-preview":"max-image-preview:large","max-video-preview":"max-video-preview:-1"},"canonical":"https:\/\/adamasglobal.org\/en\/ky-hop-dong","og_locale":"en_US","og_type":"article","og_title":"SIGNING CONTRACT - ADAMAS GLOBAL INVESTMENT","og_description":"[vc_row][vc_column][vc_column_text el_class=&#8221;title-h3-page&#8221;] SIGNING CONTRACT [\/vc_column_text][\/vc_column][\/vc_row][vc_row][vc_column][vc_column_text] [\/vc_column_text][\/vc_column][\/vc_row][vc_row][vc_column][vc_column_text]V\u1edbi s\u1ef1 h\u1ed7 tr\u1ee3 t\u1eeb \u0110\u1ed9i ng\u0169 chuy\u00ean gia t\u01b0 v\u1ea5n c\u1ee7a Adamas Global Investment, Kh\u00e1ch h\u00e0ng s\u1ebd c\u1ea7n \u0111\u1ecdc v\u00e0 n\u1eafm r\u00f5 t\u1ea5t c\u1ea3 c\u00e1c \u0111i\u1ec1u kho\u1ea3n v\u00e0 \u0111i\u1ec1u ki\u1ec7n c\u1ee7a c\u00e1c lo\u1ea1i h\u1ee3p \u0111\u1ed3ng (h\u1ee3p \u0111\u1ed3ng \u0111\u1eb7t c\u1ecdc, h\u1ee3p \u0111\u1ed3ng b\u00e1n ra v\u00e0 mua v\u00e0o, h\u1ee3p \u0111\u1ed3ng thu\u00ea...","og_url":"https:\/\/adamasglobal.org\/en\/ky-hop-dong","og_site_name":"ADAMAS GLOBAL INVESTMENT","article_modified_time":"2020-03-02T09:45:21+00:00","twitter_card":"summary_large_image","twitter_misc":{"Est. reading time":"2 minutes"},"schema":{"@context":"https:\/\/schema.org","@graph":[{"@type":"WebPage","@id":"https:\/\/adamasglobal.org\/en\/ky-hop-dong","url":"https:\/\/adamasglobal.org\/en\/ky-hop-dong","name":"SIGNING CONTRACT - ADAMAS GLOBAL INVESTMENT","isPartOf":{"@id":"https:\/\/adamasglobal.org\/#website"},"datePublished":"2019-09-20T09:08:23+00:00","dateModified":"2020-03-02T09:45:21+00:00","breadcrumb":{"@id":"https:\/\/adamasglobal.org\/en\/ky-hop-dong#breadcrumb"},"inLanguage":"en-US","potentialAction":[{"@type":"ReadAction","target":["https:\/\/adamasglobal.org\/en\/ky-hop-dong"]}]},{"@type":"BreadcrumbList","@id":"https:\/\/adamasglobal.org\/en\/ky-hop-dong#breadcrumb","itemListElement":[{"@type":"ListItem","position":1,"name":"Home","item":"https:\/\/adamasglobal.org\/"},{"@type":"ListItem","position":2,"name":"SIGNING CONTRACT"}]},{"@type":"WebSite","@id":"https:\/\/adamasglobal.org\/#website","url":"https:\/\/adamasglobal.org\/","name":"ADAMAS GLOBAL INVESTMENT","description":"","publisher":{"@id":"https:\/\/adamasglobal.org\/#organization"},"potentialAction":[{"@type":"SearchAction","target":{"@type":"EntryPoint","urlTemplate":"https:\/\/adamasglobal.org\/?s={search_term_string}"},"query-input":"required name=search_term_string"}],"inLanguage":"en-US"},{"@type":"Organization","@id":"https:\/\/adamasglobal.org\/#organization","name":"C\u00d4NG TY \u0110\u1ea6U T\u01af B\u1ea4T \u0110\u1ed8NG S\u1ea2N QU\u1ed0C T\u1ebe ADAMAS","url":"https:\/\/adamasglobal.org\/","logo":{"@type":"ImageObject","inLanguage":"en-US","@id":"https:\/\/adamasglobal.org\/#\/schema\/logo\/image\/","url":"https:\/\/adamasglobal.org\/wp-content\/uploads\/2020\/02\/adamas-logo-new-400.png","contentUrl":"https:\/\/adamasglobal.org\/wp-content\/uploads\/2020\/02\/adamas-logo-new-400.png","width":600,"height":209,"caption":"C\u00d4NG TY \u0110\u1ea6U T\u01af B\u1ea4T \u0110\u1ed8NG S\u1ea2N QU\u1ed0C T\u1ebe ADAMAS"},"image":{"@id":"https:\/\/adamasglobal.org\/#\/schema\/logo\/image\/"}}]}},"_links":{"self":[{"href":"https:\/\/adamasglobal.org\/en\/wp-json\/wp\/v2\/pages\/5687"}],"collection":[{"href":"https:\/\/adamasglobal.org\/en\/wp-json\/wp\/v2\/pages"}],"about":[{"href":"https:\/\/adamasglobal.org\/en\/wp-json\/wp\/v2\/types\/page"}],"author":[{"embeddable":true,"href":"https:\/\/adamasglobal.org\/en\/wp-json\/wp\/v2\/users\/1"}],"replies":[{"embeddable":true,"href":"https:\/\/adamasglobal.org\/en\/wp-json\/wp\/v2\/comments?post=5687"}],"version-history":[{"count":7,"href":"https:\/\/adamasglobal.org\/en\/wp-json\/wp\/v2\/pages\/5687\/revisions"}],"predecessor-version":[{"id":11415,"href":"https:\/\/adamasglobal.org\/en\/wp-json\/wp\/v2\/pages\/5687\/revisions\/11415"}],"wp:attachment":[{"href":"https:\/\/adamasglobal.org\/en\/wp-json\/wp\/v2\/media?parent=5687"}],"curies":[{"name":"wp","href":"https:\/\/api.w.org\/{rel}","templated":true}]}}