{"id":5678,"date":"2019-09-20T08:56:56","date_gmt":"2019-09-20T08:56:56","guid":{"rendered":"https:\/\/adamasglobal.org\/?page_id=5678"},"modified":"2019-11-13T13:42:38","modified_gmt":"2019-11-13T13:42:38","slug":"thu-tuc-ho-so-phap-ly","status":"publish","type":"page","link":"https:\/\/adamasglobal.org\/en\/thu-tuc-ho-so-phap-ly","title":{"rendered":"Procedures Profile \u2013 Legal"},"content":{"rendered":"<p>[vc_row][vc_column][vc_column_text el_class=&#8221;title-h3-page&#8221;]<\/p>\n<h3 style=\"text-align: center;\">PROCEDURES PROFILE \u2013 LEGAL<\/h3>\n<p>[\/vc_column_text][\/vc_column][\/vc_row][vc_row][vc_column][vc_column_text]<span style=\"font-weight: 400;\">Khi mua b\u1ea5t \u0111\u1ed9ng s\u1ea3n t\u1ea1i th\u1ecb tr\u01b0\u1eddng n\u01b0\u1edbc ngo\u00e0i, th\u1ee7 t\u1ee5c ph\u00e1p l\u00fd v\u00e0 thu\u1ebf l\u00e0 nh\u1eefng y\u1ebfu t\u1ed1 \u0111\u00e1ng ch\u00fa \u00fd nh\u1ea5t m\u00e0 Kh\u00e1ch h\u00e0ng ph\u1ea3i bi\u1ebft.<\/span><\/p>\n<p><span style=\"font-weight: 400;\">M\u1ed7i qu\u1ed1c gia \u0111\u1ec1u c\u00f3 lu\u1eadt ri\u00eang v\u1ec1 b\u1ea5t \u0111\u1ed9ng s\u1ea3n. L\u00e0 m\u1ed9t chuy\u00ean gia v\u1ec1 th\u1ecb tr\u01b0\u1eddng b\u1ea5t \u0111\u1ed9ng s\u1ea3n qu\u1ed1c t\u1ebf, m\u1ed9t nh\u00e0 t\u01b0 v\u1ea5n b\u1ea5t \u0111\u1ed9ng s\u1ea3n t\u1ed1t c\u00f3 th\u1ec3 h\u01b0\u1edbng d\u1eabn Kh\u00e1ch h\u00e0ng th\u00f4ng qua c\u00e1c quy \u0111\u1ecbnh v\u1ec1 thu\u1ebf c\u1ee7a ch\u00ednh ph\u1ee7 v\u00e0 gi\u1ea3i th\u00edch c\u00e1c kho\u1ea3n thanh to\u00e1n kh\u00e1c nhau c\u1ee7a nh\u00e0 ph\u00e1t tri\u1ec3n d\u1ef1 \u00e1n, \u0111\u1ea3m b\u1ea3o t\u1ea5t c\u1ea3 c\u00e1c b\u01b0\u1edbc h\u01b0\u1edbng t\u1edbi quy\u1ec1n s\u1edf h\u1eefu c\u1ee7a Kh\u00e1ch h\u00e0ng l\u00e0 h\u1ee3p ph\u00e1p.<\/span><\/p>\n<p><span style=\"font-weight: 400;\">T\u01b0 v\u1ea5n ph\u00e1p lu\u1eadt c\u00f3 th\u1ec3 gi\u00fap \u0111\u00e1nh gi\u00e1 c\u00e1c t\u00e0i li\u1ec7u th\u01b0\u1eddng \u0111\u01b0\u1ee3c k\u00fd b\u1eb1ng ti\u1ebfng Anh v\u00e0 ti\u1ebfng Vi\u1ec7t v\u00e0 xem x\u00e9t c\u00e1c v\u0103n b\u1ea3n ph\u00e1p lu\u1eadt v\u1ec1 \u0111\u1ea5t \u0111ai v\u00e0 d\u1ef1 \u00e1n \u0111\u1ec3 \u0111\u1ea3m b\u1ea3o \u0111\u00e1p \u1ee9ng \u0111\u1ea7y \u0111\u1ee7 c\u00e1c y\u00eau c\u1ea7u ph\u00e1p l\u00fd v\u00e0 \u0111\u00e1nh gi\u00e1 ti\u1ec1m n\u0103ng li\u00ean quan \u0111\u1ebfn n\u00f3.\u00a0\u00a0\u00a0\u00a0\u00a0\u00a0<\/span>[\/vc_column_text][\/vc_column][\/vc_row][vc_row][vc_column][vc_column_text]<\/p>\n<h4 style=\"text-align: center;\"><strong>Li\u00ean h\u1ec7 T\u01b0 v\u1ea5n<\/strong><\/h4>\n<p>[\/vc_column_text][\/vc_column][\/vc_row]<\/p>","protected":false},"excerpt":{"rendered":"<p>[vc_row][vc_column][vc_column_text el_class=&#8221;title-h3-page&#8221;] PROCEDURES PROFILE \u2013 LEGAL [\/vc_column_text][\/vc_column][\/vc_row][vc_row][vc_column][vc_column_text]Khi mua b\u1ea5t \u0111\u1ed9ng s\u1ea3n t\u1ea1i th\u1ecb tr\u01b0\u1eddng n\u01b0\u1edbc ngo\u00e0i, th\u1ee7 t\u1ee5c ph\u00e1p l\u00fd v\u00e0 thu\u1ebf l\u00e0 nh\u1eefng y\u1ebfu t\u1ed1 \u0111\u00e1ng ch\u00fa \u00fd nh\u1ea5t m\u00e0 Kh\u00e1ch h\u00e0ng ph\u1ea3i bi\u1ebft. M\u1ed7i qu\u1ed1c gia \u0111\u1ec1u c\u00f3 lu\u1eadt ri\u00eang v\u1ec1 b\u1ea5t \u0111\u1ed9ng s\u1ea3n. L\u00e0 m\u1ed9t chuy\u00ean gia v\u1ec1 th\u1ecb tr\u01b0\u1eddng b\u1ea5t \u0111\u1ed9ng&#8230;<\/p>\n","protected":false},"author":1,"featured_media":0,"parent":0,"menu_order":0,"comment_status":"closed","ping_status":"closed","template":"templates\/contact.php","meta":[],"yoast_head":"<!-- This site is optimized with the Yoast SEO plugin v21.1 - https:\/\/yoast.com\/wordpress\/plugins\/seo\/ -->\n<title>Procedures Profile \u2013 Legal - ADAMAS GLOBAL INVESTMENT<\/title>\n<meta name=\"robots\" content=\"index, follow, max-snippet:-1, max-image-preview:large, max-video-preview:-1\" \/>\n<link rel=\"canonical\" href=\"https:\/\/adamasglobal.org\/en\/thu-tuc-ho-so-phap-ly\" \/>\n<meta property=\"og:locale\" content=\"en_US\" \/>\n<meta property=\"og:type\" content=\"article\" \/>\n<meta property=\"og:title\" content=\"Procedures Profile \u2013 Legal - ADAMAS GLOBAL INVESTMENT\" \/>\n<meta property=\"og:description\" content=\"[vc_row][vc_column][vc_column_text el_class=&#8221;title-h3-page&#8221;] PROCEDURES PROFILE \u2013 LEGAL [\/vc_column_text][\/vc_column][\/vc_row][vc_row][vc_column][vc_column_text]Khi mua b\u1ea5t \u0111\u1ed9ng s\u1ea3n t\u1ea1i th\u1ecb tr\u01b0\u1eddng n\u01b0\u1edbc ngo\u00e0i, th\u1ee7 t\u1ee5c ph\u00e1p l\u00fd v\u00e0 thu\u1ebf l\u00e0 nh\u1eefng y\u1ebfu t\u1ed1 \u0111\u00e1ng ch\u00fa \u00fd nh\u1ea5t m\u00e0 Kh\u00e1ch h\u00e0ng ph\u1ea3i bi\u1ebft. M\u1ed7i qu\u1ed1c gia \u0111\u1ec1u c\u00f3 lu\u1eadt ri\u00eang v\u1ec1 b\u1ea5t \u0111\u1ed9ng s\u1ea3n. L\u00e0 m\u1ed9t chuy\u00ean gia v\u1ec1 th\u1ecb tr\u01b0\u1eddng b\u1ea5t \u0111\u1ed9ng...\" \/>\n<meta property=\"og:url\" content=\"https:\/\/adamasglobal.org\/en\/thu-tuc-ho-so-phap-ly\" \/>\n<meta property=\"og:site_name\" content=\"ADAMAS GLOBAL INVESTMENT\" \/>\n<meta property=\"article:modified_time\" content=\"2019-11-13T13:42:38+00:00\" \/>\n<meta name=\"twitter:card\" content=\"summary_large_image\" \/>\n<meta name=\"twitter:label1\" content=\"Est. reading time\" \/>\n\t<meta name=\"twitter:data1\" content=\"3 minutes\" \/>\n<script type=\"application\/ld+json\" class=\"yoast-schema-graph\">{\"@context\":\"https:\/\/schema.org\",\"@graph\":[{\"@type\":\"WebPage\",\"@id\":\"https:\/\/adamasglobal.org\/en\/thu-tuc-ho-so-phap-ly\",\"url\":\"https:\/\/adamasglobal.org\/en\/thu-tuc-ho-so-phap-ly\",\"name\":\"Procedures Profile \u2013 Legal - ADAMAS GLOBAL INVESTMENT\",\"isPartOf\":{\"@id\":\"https:\/\/adamasglobal.org\/#website\"},\"datePublished\":\"2019-09-20T08:56:56+00:00\",\"dateModified\":\"2019-11-13T13:42:38+00:00\",\"breadcrumb\":{\"@id\":\"https:\/\/adamasglobal.org\/en\/thu-tuc-ho-so-phap-ly#breadcrumb\"},\"inLanguage\":\"en-US\",\"potentialAction\":[{\"@type\":\"ReadAction\",\"target\":[\"https:\/\/adamasglobal.org\/en\/thu-tuc-ho-so-phap-ly\"]}]},{\"@type\":\"BreadcrumbList\",\"@id\":\"https:\/\/adamasglobal.org\/en\/thu-tuc-ho-so-phap-ly#breadcrumb\",\"itemListElement\":[{\"@type\":\"ListItem\",\"position\":1,\"name\":\"Home\",\"item\":\"https:\/\/adamasglobal.org\/\"},{\"@type\":\"ListItem\",\"position\":2,\"name\":\"Procedures Profile \u2013 Legal\"}]},{\"@type\":\"WebSite\",\"@id\":\"https:\/\/adamasglobal.org\/#website\",\"url\":\"https:\/\/adamasglobal.org\/\",\"name\":\"ADAMAS GLOBAL INVESTMENT\",\"description\":\"\",\"publisher\":{\"@id\":\"https:\/\/adamasglobal.org\/#organization\"},\"potentialAction\":[{\"@type\":\"SearchAction\",\"target\":{\"@type\":\"EntryPoint\",\"urlTemplate\":\"https:\/\/adamasglobal.org\/?s={search_term_string}\"},\"query-input\":\"required name=search_term_string\"}],\"inLanguage\":\"en-US\"},{\"@type\":\"Organization\",\"@id\":\"https:\/\/adamasglobal.org\/#organization\",\"name\":\"C\u00d4NG TY \u0110\u1ea6U T\u01af B\u1ea4T \u0110\u1ed8NG S\u1ea2N QU\u1ed0C T\u1ebe ADAMAS\",\"url\":\"https:\/\/adamasglobal.org\/\",\"logo\":{\"@type\":\"ImageObject\",\"inLanguage\":\"en-US\",\"@id\":\"https:\/\/adamasglobal.org\/#\/schema\/logo\/image\/\",\"url\":\"https:\/\/adamasglobal.org\/wp-content\/uploads\/2020\/02\/adamas-logo-new-400.png\",\"contentUrl\":\"https:\/\/adamasglobal.org\/wp-content\/uploads\/2020\/02\/adamas-logo-new-400.png\",\"width\":600,\"height\":209,\"caption\":\"C\u00d4NG TY \u0110\u1ea6U T\u01af B\u1ea4T \u0110\u1ed8NG S\u1ea2N QU\u1ed0C T\u1ebe ADAMAS\"},\"image\":{\"@id\":\"https:\/\/adamasglobal.org\/#\/schema\/logo\/image\/\"}}]}<\/script>\n<!-- \/ Yoast SEO plugin. -->","yoast_head_json":{"title":"Procedures Profile \u2013 Legal - ADAMAS GLOBAL INVESTMENT","robots":{"index":"index","follow":"follow","max-snippet":"max-snippet:-1","max-image-preview":"max-image-preview:large","max-video-preview":"max-video-preview:-1"},"canonical":"https:\/\/adamasglobal.org\/en\/thu-tuc-ho-so-phap-ly","og_locale":"en_US","og_type":"article","og_title":"Procedures Profile \u2013 Legal - ADAMAS GLOBAL INVESTMENT","og_description":"[vc_row][vc_column][vc_column_text el_class=&#8221;title-h3-page&#8221;] PROCEDURES PROFILE \u2013 LEGAL [\/vc_column_text][\/vc_column][\/vc_row][vc_row][vc_column][vc_column_text]Khi mua b\u1ea5t \u0111\u1ed9ng s\u1ea3n t\u1ea1i th\u1ecb tr\u01b0\u1eddng n\u01b0\u1edbc ngo\u00e0i, th\u1ee7 t\u1ee5c ph\u00e1p l\u00fd v\u00e0 thu\u1ebf l\u00e0 nh\u1eefng y\u1ebfu t\u1ed1 \u0111\u00e1ng ch\u00fa \u00fd nh\u1ea5t m\u00e0 Kh\u00e1ch h\u00e0ng ph\u1ea3i bi\u1ebft. M\u1ed7i qu\u1ed1c gia \u0111\u1ec1u c\u00f3 lu\u1eadt ri\u00eang v\u1ec1 b\u1ea5t \u0111\u1ed9ng s\u1ea3n. L\u00e0 m\u1ed9t chuy\u00ean gia v\u1ec1 th\u1ecb tr\u01b0\u1eddng b\u1ea5t \u0111\u1ed9ng...","og_url":"https:\/\/adamasglobal.org\/en\/thu-tuc-ho-so-phap-ly","og_site_name":"ADAMAS GLOBAL INVESTMENT","article_modified_time":"2019-11-13T13:42:38+00:00","twitter_card":"summary_large_image","twitter_misc":{"Est. reading time":"3 minutes"},"schema":{"@context":"https:\/\/schema.org","@graph":[{"@type":"WebPage","@id":"https:\/\/adamasglobal.org\/en\/thu-tuc-ho-so-phap-ly","url":"https:\/\/adamasglobal.org\/en\/thu-tuc-ho-so-phap-ly","name":"Procedures Profile \u2013 Legal - ADAMAS GLOBAL INVESTMENT","isPartOf":{"@id":"https:\/\/adamasglobal.org\/#website"},"datePublished":"2019-09-20T08:56:56+00:00","dateModified":"2019-11-13T13:42:38+00:00","breadcrumb":{"@id":"https:\/\/adamasglobal.org\/en\/thu-tuc-ho-so-phap-ly#breadcrumb"},"inLanguage":"en-US","potentialAction":[{"@type":"ReadAction","target":["https:\/\/adamasglobal.org\/en\/thu-tuc-ho-so-phap-ly"]}]},{"@type":"BreadcrumbList","@id":"https:\/\/adamasglobal.org\/en\/thu-tuc-ho-so-phap-ly#breadcrumb","itemListElement":[{"@type":"ListItem","position":1,"name":"Home","item":"https:\/\/adamasglobal.org\/"},{"@type":"ListItem","position":2,"name":"Procedures Profile \u2013 Legal"}]},{"@type":"WebSite","@id":"https:\/\/adamasglobal.org\/#website","url":"https:\/\/adamasglobal.org\/","name":"ADAMAS GLOBAL INVESTMENT","description":"","publisher":{"@id":"https:\/\/adamasglobal.org\/#organization"},"potentialAction":[{"@type":"SearchAction","target":{"@type":"EntryPoint","urlTemplate":"https:\/\/adamasglobal.org\/?s={search_term_string}"},"query-input":"required name=search_term_string"}],"inLanguage":"en-US"},{"@type":"Organization","@id":"https:\/\/adamasglobal.org\/#organization","name":"C\u00d4NG TY \u0110\u1ea6U T\u01af B\u1ea4T \u0110\u1ed8NG S\u1ea2N QU\u1ed0C T\u1ebe ADAMAS","url":"https:\/\/adamasglobal.org\/","logo":{"@type":"ImageObject","inLanguage":"en-US","@id":"https:\/\/adamasglobal.org\/#\/schema\/logo\/image\/","url":"https:\/\/adamasglobal.org\/wp-content\/uploads\/2020\/02\/adamas-logo-new-400.png","contentUrl":"https:\/\/adamasglobal.org\/wp-content\/uploads\/2020\/02\/adamas-logo-new-400.png","width":600,"height":209,"caption":"C\u00d4NG TY \u0110\u1ea6U T\u01af B\u1ea4T \u0110\u1ed8NG S\u1ea2N QU\u1ed0C T\u1ebe ADAMAS"},"image":{"@id":"https:\/\/adamasglobal.org\/#\/schema\/logo\/image\/"}}]}},"_links":{"self":[{"href":"https:\/\/adamasglobal.org\/en\/wp-json\/wp\/v2\/pages\/5678"}],"collection":[{"href":"https:\/\/adamasglobal.org\/en\/wp-json\/wp\/v2\/pages"}],"about":[{"href":"https:\/\/adamasglobal.org\/en\/wp-json\/wp\/v2\/types\/page"}],"author":[{"embeddable":true,"href":"https:\/\/adamasglobal.org\/en\/wp-json\/wp\/v2\/users\/1"}],"replies":[{"embeddable":true,"href":"https:\/\/adamasglobal.org\/en\/wp-json\/wp\/v2\/comments?post=5678"}],"version-history":[{"count":10,"href":"https:\/\/adamasglobal.org\/en\/wp-json\/wp\/v2\/pages\/5678\/revisions"}],"predecessor-version":[{"id":7496,"href":"https:\/\/adamasglobal.org\/en\/wp-json\/wp\/v2\/pages\/5678\/revisions\/7496"}],"wp:attachment":[{"href":"https:\/\/adamasglobal.org\/en\/wp-json\/wp\/v2\/media?parent=5678"}],"curies":[{"name":"wp","href":"https:\/\/api.w.org\/{rel}","templated":true}]}}