{"id":5669,"date":"2019-09-20T08:43:24","date_gmt":"2019-09-20T08:43:24","guid":{"rendered":"https:\/\/adamasglobal.org\/?page_id=5669"},"modified":"2019-09-20T09:23:07","modified_gmt":"2019-09-20T09:23:07","slug":"chuan-bi-thu-mua-bat-dong-san","status":"publish","type":"page","link":"https:\/\/adamasglobal.org\/en\/chuan-bi-thu-mua-bat-dong-san","title":{"rendered":"PREPARATION OF REAL ESTATE PURCHASE"},"content":{"rendered":"<p>[vc_row][vc_column][vc_column_text el_class=&#8221;title-h3-page&#8221;]<\/p>\n<h3 style=\"text-align: center;\">PREPARATION OF REAL ESTATE PURCHASE<\/h3>\n<p>[\/vc_column_text][\/vc_column][\/vc_row][vc_row][vc_column][vc_column_text]<span style=\"font-weight: 400;\">Tr\u01b0\u1edbc khi ti\u1ebfn h\u00e0nh thu mua b\u1ea5t \u0111\u1ed9ng s\u1ea3n, Kh\u00e1ch h\u00e0ng &#8211; Nh\u00e0 \u0111\u1ea7u t\u01b0 c\u1ea7n ph\u1ea3i \u0111\u01b0\u1ee3c chu\u1ea9n b\u1ecb tr\u01b0\u1edbc. \u0110\u1ec3 qu\u00e1 tr\u00ecnh mua b\u00e1n di\u1ec5n ra su\u00f4n s\u1ebb, Kh\u00e1ch h\u00e0ng c\u1ea7n \u0111\u1ea3m b\u1ea3o t\u00e0i ch\u00ednh c\u1ee7a m\u00ecnh. T\u00f9y thu\u1ed9c v\u00e0o \u0111i\u1ec1u n\u00e0y m\u00e0 b\u1ea1n c\u00f3 th\u1ec3 x\u00e1c \u0111\u1ecbnh ng\u00e2n s\u00e1ch c\u1ee7a m\u00ecnh v\u00e0 \u0111\u01b0a ra quy\u1ebft \u0111\u1ecbnh v\u1ec1 lo\u1ea1i h\u00ecnh b\u1ea5t \u0111\u1ed9ng s\u1ea3n ph\u00f9 h\u1ee3p v\u1edbi b\u1ea1n.\u00a0\u00a0<\/span><\/p>\n<p><span style=\"font-weight: 400;\">Khi quy\u1ebft \u0111\u1ecbnh ti\u1ebfn h\u00e0nh mua b\u1ea5t \u0111\u1ed9ng s\u1ea3n, th\u00f4ng th\u01b0\u1eddng Kh\u00e1ch h\u00e0ng ph\u1ea3i \u0111\u1eb7t c\u1ecdc v\u1edbi nh\u00e0 ph\u00e1t tri\u1ec3n\/ch\u1ee7 \u0111\u1ea7u t\u01b0 \u0111\u1ec3 th\u1ec3 hi\u1ec7n s\u1ef1 cam k\u1ebft c\u1ee7a m\u00ecnh. \u0110\u00e2y c\u00f3 th\u1ec3 l\u00e0 m\u1ed9t kho\u1ea3n ti\u1ec1n danh ngh\u0129a c\u00f3 th\u1ec3 \u0111\u01b0\u1ee3c thanh to\u00e1n b\u1eb1ng ti\u1ec1n m\u1eb7t, th\u1ebb t\u00edn d\u1ee5ng ho\u1eb7c chuy\u1ec3n kho\u1ea3n ng\u00e2n h\u00e0ng.<\/span><\/p>\n<p><span style=\"font-weight: 400;\">Thanh to\u00e1n theo chu k\u00ec: Sau khi t\u01b0 v\u1ea5n vi\u00ean h\u1ed7 tr\u1ee3 vi\u1ec7c m\u1edf t\u00e0i kho\u1ea3n ng\u00e2n h\u00e0ng, theo lu\u1eadt ph\u00e1p, c\u00e1c kho\u1ea3n thanh to\u00e1n th\u00eam ph\u1ea3i \u0111\u01b0\u1ee3c th\u1ef1c hi\u1ec7n th\u00f4ng qua t\u00e0i kho\u1ea3n n\u1ed9i \u0111\u1ecba Vi\u1ec7t Nam cho ng\u01b0\u1eddi b\u00e1n ho\u1eb7c nh\u00e0 ph\u00e1t tri\u1ec3n. Adamas Global Investment s\u1ebd gi\u00fap Kh\u00e1ch h\u00e0ng gi\u1ea3i quy\u1ebft qu\u00e1 tr\u00ecnh n\u00e0y v\u00e0 cung c\u1ea5p cho Kh\u00e1ch h\u00e0ng c\u00e1c l\u1eddi khuy\u00ean \u0111\u00fang \u0111\u1eafn \u0111\u1ec3 kh\u00f4ng g\u1eb7p b\u1ea5t k\u1ef3 v\u1ea5n \u0111\u1ec1 g\u00ec xuy\u00ean su\u1ed1t trong qu\u00e1 tr\u00ecnh mua b\u00e1n cho \u0111\u1ebfn khi ho\u00e0n th\u00e0nh.\u00a0<\/span>[\/vc_column_text][\/vc_column][\/vc_row][vc_row][vc_column][vc_column_text]<\/p>\n<h4 style=\"text-align: center;\"><strong>Li\u00ean h\u1ec7 T\u01b0 v\u1ea5n<\/strong><\/h4>\n<p>[\/vc_column_text][\/vc_column][\/vc_row]<\/p>","protected":false},"excerpt":{"rendered":"<p>[vc_row][vc_column][vc_column_text el_class=&#8221;title-h3-page&#8221;] PREPARATION OF REAL ESTATE PURCHASE [\/vc_column_text][\/vc_column][\/vc_row][vc_row][vc_column][vc_column_text]Tr\u01b0\u1edbc khi ti\u1ebfn h\u00e0nh thu mua b\u1ea5t \u0111\u1ed9ng s\u1ea3n, Kh\u00e1ch h\u00e0ng &#8211; Nh\u00e0 \u0111\u1ea7u t\u01b0 c\u1ea7n ph\u1ea3i \u0111\u01b0\u1ee3c chu\u1ea9n b\u1ecb tr\u01b0\u1edbc. \u0110\u1ec3 qu\u00e1 tr\u00ecnh mua b\u00e1n di\u1ec5n ra su\u00f4n s\u1ebb, Kh\u00e1ch h\u00e0ng c\u1ea7n \u0111\u1ea3m b\u1ea3o t\u00e0i ch\u00ednh c\u1ee7a m\u00ecnh. T\u00f9y thu\u1ed9c v\u00e0o \u0111i\u1ec1u n\u00e0y m\u00e0 b\u1ea1n c\u00f3 th\u1ec3&#8230;<\/p>\n","protected":false},"author":1,"featured_media":0,"parent":0,"menu_order":0,"comment_status":"closed","ping_status":"closed","template":"templates\/contact.php","meta":[],"yoast_head":"<!-- This site is optimized with the Yoast SEO plugin v21.1 - https:\/\/yoast.com\/wordpress\/plugins\/seo\/ -->\n<title>PREPARATION OF REAL ESTATE PURCHASE - ADAMAS GLOBAL INVESTMENT<\/title>\n<meta name=\"robots\" content=\"index, follow, max-snippet:-1, max-image-preview:large, max-video-preview:-1\" \/>\n<link rel=\"canonical\" href=\"https:\/\/adamasglobal.org\/chuan-bi-thu-mua-bat-dong-san\" \/>\n<meta property=\"og:locale\" content=\"en_US\" \/>\n<meta property=\"og:type\" content=\"article\" \/>\n<meta property=\"og:title\" content=\"PREPARATION OF REAL ESTATE PURCHASE - ADAMAS GLOBAL INVESTMENT\" \/>\n<meta property=\"og:description\" content=\"[vc_row][vc_column][vc_column_text el_class=&#8221;title-h3-page&#8221;] PREPARATION OF REAL ESTATE PURCHASE [\/vc_column_text][\/vc_column][\/vc_row][vc_row][vc_column][vc_column_text]Tr\u01b0\u1edbc khi ti\u1ebfn h\u00e0nh thu mua b\u1ea5t \u0111\u1ed9ng s\u1ea3n, Kh\u00e1ch h\u00e0ng &#8211; Nh\u00e0 \u0111\u1ea7u t\u01b0 c\u1ea7n ph\u1ea3i \u0111\u01b0\u1ee3c chu\u1ea9n b\u1ecb tr\u01b0\u1edbc. \u0110\u1ec3 qu\u00e1 tr\u00ecnh mua b\u00e1n di\u1ec5n ra su\u00f4n s\u1ebb, Kh\u00e1ch h\u00e0ng c\u1ea7n \u0111\u1ea3m b\u1ea3o t\u00e0i ch\u00ednh c\u1ee7a m\u00ecnh. T\u00f9y thu\u1ed9c v\u00e0o \u0111i\u1ec1u n\u00e0y m\u00e0 b\u1ea1n c\u00f3 th\u1ec3...\" \/>\n<meta property=\"og:url\" content=\"https:\/\/adamasglobal.org\/chuan-bi-thu-mua-bat-dong-san\" \/>\n<meta property=\"og:site_name\" content=\"ADAMAS GLOBAL INVESTMENT\" \/>\n<meta property=\"article:modified_time\" content=\"2019-09-20T09:23:07+00:00\" \/>\n<meta name=\"twitter:card\" content=\"summary_large_image\" \/>\n<meta name=\"twitter:label1\" content=\"Est. reading time\" \/>\n\t<meta name=\"twitter:data1\" content=\"4 minutes\" \/>\n<script type=\"application\/ld+json\" class=\"yoast-schema-graph\">{\"@context\":\"https:\/\/schema.org\",\"@graph\":[{\"@type\":\"WebPage\",\"@id\":\"https:\/\/adamasglobal.org\/chuan-bi-thu-mua-bat-dong-san\",\"url\":\"https:\/\/adamasglobal.org\/chuan-bi-thu-mua-bat-dong-san\",\"name\":\"PREPARATION OF REAL ESTATE PURCHASE - ADAMAS GLOBAL INVESTMENT\",\"isPartOf\":{\"@id\":\"https:\/\/adamasglobal.org\/#website\"},\"datePublished\":\"2019-09-20T08:43:24+00:00\",\"dateModified\":\"2019-09-20T09:23:07+00:00\",\"breadcrumb\":{\"@id\":\"https:\/\/adamasglobal.org\/chuan-bi-thu-mua-bat-dong-san#breadcrumb\"},\"inLanguage\":\"en-US\",\"potentialAction\":[{\"@type\":\"ReadAction\",\"target\":[\"https:\/\/adamasglobal.org\/chuan-bi-thu-mua-bat-dong-san\"]}]},{\"@type\":\"BreadcrumbList\",\"@id\":\"https:\/\/adamasglobal.org\/chuan-bi-thu-mua-bat-dong-san#breadcrumb\",\"itemListElement\":[{\"@type\":\"ListItem\",\"position\":1,\"name\":\"Home\",\"item\":\"https:\/\/adamasglobal.org\/\"},{\"@type\":\"ListItem\",\"position\":2,\"name\":\"CHU\u1ea8N B\u1eca THU MUA B\u1ea4T \u0110\u1ed8NG S\u1ea2N\"}]},{\"@type\":\"WebSite\",\"@id\":\"https:\/\/adamasglobal.org\/#website\",\"url\":\"https:\/\/adamasglobal.org\/\",\"name\":\"ADAMAS GLOBAL INVESTMENT\",\"description\":\"\",\"publisher\":{\"@id\":\"https:\/\/adamasglobal.org\/#organization\"},\"potentialAction\":[{\"@type\":\"SearchAction\",\"target\":{\"@type\":\"EntryPoint\",\"urlTemplate\":\"https:\/\/adamasglobal.org\/?s={search_term_string}\"},\"query-input\":\"required name=search_term_string\"}],\"inLanguage\":\"en-US\"},{\"@type\":\"Organization\",\"@id\":\"https:\/\/adamasglobal.org\/#organization\",\"name\":\"C\u00d4NG TY \u0110\u1ea6U T\u01af B\u1ea4T \u0110\u1ed8NG S\u1ea2N QU\u1ed0C T\u1ebe ADAMAS\",\"url\":\"https:\/\/adamasglobal.org\/\",\"logo\":{\"@type\":\"ImageObject\",\"inLanguage\":\"en-US\",\"@id\":\"https:\/\/adamasglobal.org\/#\/schema\/logo\/image\/\",\"url\":\"https:\/\/adamasglobal.org\/wp-content\/uploads\/2020\/02\/adamas-logo-new-400.png\",\"contentUrl\":\"https:\/\/adamasglobal.org\/wp-content\/uploads\/2020\/02\/adamas-logo-new-400.png\",\"width\":600,\"height\":209,\"caption\":\"C\u00d4NG TY \u0110\u1ea6U T\u01af B\u1ea4T \u0110\u1ed8NG S\u1ea2N QU\u1ed0C T\u1ebe ADAMAS\"},\"image\":{\"@id\":\"https:\/\/adamasglobal.org\/#\/schema\/logo\/image\/\"}}]}<\/script>\n<!-- \/ Yoast SEO plugin. -->","yoast_head_json":{"title":"PREPARATION OF REAL ESTATE PURCHASE - ADAMAS GLOBAL INVESTMENT","robots":{"index":"index","follow":"follow","max-snippet":"max-snippet:-1","max-image-preview":"max-image-preview:large","max-video-preview":"max-video-preview:-1"},"canonical":"https:\/\/adamasglobal.org\/chuan-bi-thu-mua-bat-dong-san","og_locale":"en_US","og_type":"article","og_title":"PREPARATION OF REAL ESTATE PURCHASE - ADAMAS GLOBAL INVESTMENT","og_description":"[vc_row][vc_column][vc_column_text el_class=&#8221;title-h3-page&#8221;] PREPARATION OF REAL ESTATE PURCHASE [\/vc_column_text][\/vc_column][\/vc_row][vc_row][vc_column][vc_column_text]Tr\u01b0\u1edbc khi ti\u1ebfn h\u00e0nh thu mua b\u1ea5t \u0111\u1ed9ng s\u1ea3n, Kh\u00e1ch h\u00e0ng &#8211; Nh\u00e0 \u0111\u1ea7u t\u01b0 c\u1ea7n ph\u1ea3i \u0111\u01b0\u1ee3c chu\u1ea9n b\u1ecb tr\u01b0\u1edbc. \u0110\u1ec3 qu\u00e1 tr\u00ecnh mua b\u00e1n di\u1ec5n ra su\u00f4n s\u1ebb, Kh\u00e1ch h\u00e0ng c\u1ea7n \u0111\u1ea3m b\u1ea3o t\u00e0i ch\u00ednh c\u1ee7a m\u00ecnh. T\u00f9y thu\u1ed9c v\u00e0o \u0111i\u1ec1u n\u00e0y m\u00e0 b\u1ea1n c\u00f3 th\u1ec3...","og_url":"https:\/\/adamasglobal.org\/chuan-bi-thu-mua-bat-dong-san","og_site_name":"ADAMAS GLOBAL INVESTMENT","article_modified_time":"2019-09-20T09:23:07+00:00","twitter_card":"summary_large_image","twitter_misc":{"Est. reading time":"4 minutes"},"schema":{"@context":"https:\/\/schema.org","@graph":[{"@type":"WebPage","@id":"https:\/\/adamasglobal.org\/chuan-bi-thu-mua-bat-dong-san","url":"https:\/\/adamasglobal.org\/chuan-bi-thu-mua-bat-dong-san","name":"PREPARATION OF REAL ESTATE PURCHASE - ADAMAS GLOBAL INVESTMENT","isPartOf":{"@id":"https:\/\/adamasglobal.org\/#website"},"datePublished":"2019-09-20T08:43:24+00:00","dateModified":"2019-09-20T09:23:07+00:00","breadcrumb":{"@id":"https:\/\/adamasglobal.org\/chuan-bi-thu-mua-bat-dong-san#breadcrumb"},"inLanguage":"en-US","potentialAction":[{"@type":"ReadAction","target":["https:\/\/adamasglobal.org\/chuan-bi-thu-mua-bat-dong-san"]}]},{"@type":"BreadcrumbList","@id":"https:\/\/adamasglobal.org\/chuan-bi-thu-mua-bat-dong-san#breadcrumb","itemListElement":[{"@type":"ListItem","position":1,"name":"Home","item":"https:\/\/adamasglobal.org\/"},{"@type":"ListItem","position":2,"name":"CHU\u1ea8N B\u1eca THU MUA B\u1ea4T \u0110\u1ed8NG S\u1ea2N"}]},{"@type":"WebSite","@id":"https:\/\/adamasglobal.org\/#website","url":"https:\/\/adamasglobal.org\/","name":"ADAMAS GLOBAL INVESTMENT","description":"","publisher":{"@id":"https:\/\/adamasglobal.org\/#organization"},"potentialAction":[{"@type":"SearchAction","target":{"@type":"EntryPoint","urlTemplate":"https:\/\/adamasglobal.org\/?s={search_term_string}"},"query-input":"required name=search_term_string"}],"inLanguage":"en-US"},{"@type":"Organization","@id":"https:\/\/adamasglobal.org\/#organization","name":"C\u00d4NG TY \u0110\u1ea6U T\u01af B\u1ea4T \u0110\u1ed8NG S\u1ea2N QU\u1ed0C T\u1ebe ADAMAS","url":"https:\/\/adamasglobal.org\/","logo":{"@type":"ImageObject","inLanguage":"en-US","@id":"https:\/\/adamasglobal.org\/#\/schema\/logo\/image\/","url":"https:\/\/adamasglobal.org\/wp-content\/uploads\/2020\/02\/adamas-logo-new-400.png","contentUrl":"https:\/\/adamasglobal.org\/wp-content\/uploads\/2020\/02\/adamas-logo-new-400.png","width":600,"height":209,"caption":"C\u00d4NG TY \u0110\u1ea6U T\u01af B\u1ea4T \u0110\u1ed8NG S\u1ea2N QU\u1ed0C T\u1ebe ADAMAS"},"image":{"@id":"https:\/\/adamasglobal.org\/#\/schema\/logo\/image\/"}}]}},"_links":{"self":[{"href":"https:\/\/adamasglobal.org\/en\/wp-json\/wp\/v2\/pages\/5669"}],"collection":[{"href":"https:\/\/adamasglobal.org\/en\/wp-json\/wp\/v2\/pages"}],"about":[{"href":"https:\/\/adamasglobal.org\/en\/wp-json\/wp\/v2\/types\/page"}],"author":[{"embeddable":true,"href":"https:\/\/adamasglobal.org\/en\/wp-json\/wp\/v2\/users\/1"}],"replies":[{"embeddable":true,"href":"https:\/\/adamasglobal.org\/en\/wp-json\/wp\/v2\/comments?post=5669"}],"version-history":[{"count":7,"href":"https:\/\/adamasglobal.org\/en\/wp-json\/wp\/v2\/pages\/5669\/revisions"}],"predecessor-version":[{"id":5693,"href":"https:\/\/adamasglobal.org\/en\/wp-json\/wp\/v2\/pages\/5669\/revisions\/5693"}],"wp:attachment":[{"href":"https:\/\/adamasglobal.org\/en\/wp-json\/wp\/v2\/media?parent=5669"}],"curies":[{"name":"wp","href":"https:\/\/api.w.org\/{rel}","templated":true}]}}