{"id":5480,"date":"2019-09-19T03:56:11","date_gmt":"2019-09-19T03:56:11","guid":{"rendered":"https:\/\/adamasglobal.org\/?page_id=5480"},"modified":"2025-10-03T13:14:21","modified_gmt":"2025-10-03T06:14:21","slug":"doi-tac-chien-luoc","status":"publish","type":"page","link":"https:\/\/adamasglobal.org\/en\/doi-tac-chien-luoc","title":{"rendered":"PARTNER"},"content":{"rendered":"<p>[vc_row][vc_column][vc_column_text]<\/p>\n<p style=\"font-size: 18px;\"><strong>C\u00f4ng Ty \u0110\u1ea7u T\u01b0 B\u1ea5t \u0110\u1ed9ng S\u1ea3n Qu\u1ed1c T\u1ebf Adamas<\/strong> c\u00f3 l\u1ecbch s\u1eed h\u00ecnh th\u00e0nh v\u1eefng ch\u00e3i v\u1edbi kinh nghi\u1ec7m ho\u1ea1t \u0111\u1ed9ng ti\u00ean phong v\u00e0 uy t\u00edn h\u00e0ng \u0111\u1ea7u v\u1ec1 l\u0129nh v\u1ef1c \u0111\u1ea7u t\u01b0 b\u1ea5t \u0111\u1ed9ng s\u1ea3n, khu ngh\u1ec9 d\u01b0\u1ee1ng cao c\u1ea5p Qu\u1ed1c t\u1ebf k\u1ebft h\u1ee3p v\u1edbi c\u00e1c \u0111\u1ed1i t\u00e1c n\u1ed5i ti\u1ebfng to\u00e0n c\u1ea7u trong l\u0129nh v\u1ef1c \u0111\u1ea7u t\u01b0 b\u1ea5t \u0111\u1ed9ng s\u1ea3n.<\/p>\n<p>[\/vc_column_text][\/vc_column][\/vc_row][vc_row][vc_column][vc_custom_heading text=&#8221;1. ARTON CAPITAL&#8221; font_container=&#8221;tag:h3|font_size:20px|text_align:left|color:%23e9bc67&#8243; google_fonts=&#8221;font_family:Aclonica%3Aregular|font_style:400%20regular%3A400%3Anormal&#8221;][vc_single_image image=&#8221;13612&#8243; img_size=&#8221;300&#215;150&#8243; alignment=&#8221;center&#8221;][vc_column_text]<\/p>\n<p style=\"font-size: 18px;\">Arton Capital L\u00e0 m\u1ed9t c\u00f4ng ty t\u01b0 v\u1ea5n t\u00e0i ch\u00ednh to\u00e0n c\u1ea7u chuy\u00ean v\u1ec1 c\u00e1c ch\u01b0\u01a1ng tr\u00ecnh \u0111\u1ea7u t\u01b0 cho c\u01b0 d\u00e2n v\u00e0 quy\u1ec1n c\u00f4ng d\u00e2n, Arton \u0111\u00f3ng m\u1ed9t vai tr\u00f2 quan tr\u1ecdng trong vi\u1ec7c trao quy\u1ec1n cho ch\u00ednh ph\u1ee7, chuy\u00ean gia t\u01b0 v\u1ea5n, chuy\u00ean gia ph\u00e1p l\u00fd v\u00e0 t\u00e0i ch\u00ednh v\u00e0 nh\u00e0 \u0111\u1ea7u t\u01b0 \u0111\u1ec3 \u0111\u00e1p \u1ee9ng m\u1ee5c ti\u00eau c\u1ee7a h\u1ecd m\u1ed9t c\u00e1ch hi\u1ec7u qu\u1ea3, hi\u1ec7u qu\u1ea3 v\u00e0 c\u00f3 tr\u00e1ch nhi\u1ec7m.<\/p>\n<p>[\/vc_column_text][vc_single_image image=&#8221;11615&#8243; img_size=&#8221;full&#8221; alignment=&#8221;center&#8221;][vc_column_text]<\/p>\n<p style=\"font-size: 18px;\">Arton l\u00e0 m\u1ed9t nh\u00e0 l\u00e3nh \u0111\u1ea1o ng\u00e0nh c\u00f4ng nghi\u1ec7p Arton qu\u1ea3n l\u00fd Di\u1ec5n \u0111\u00e0n c\u00f4ng d\u00e2n to\u00e0n c\u1ea7u, n\u01a1i t\u1eadp h\u1ee3p nh\u1eefng ng\u01b0\u1eddi c\u00f3 t\u1ea7m nh\u00ecn, c\u00e1c nh\u00e0 l\u00e3nh \u0111\u1ea1o to\u00e0n c\u1ea7u v\u00e0 quan \u0111i\u1ec3m m\u1edbi cho ng\u00e0nh c\u00f4ng nghi\u1ec7p c\u1ee7a ch\u00fang t\u00f4i \u0111\u1ec3 trao \u0111\u1ed5i, x\u00e2y d\u1ef1ng nh\u1eadn th\u1ee9c, gi\u00e1o d\u1ee5c v\u00e0 th\u00fac \u0111\u1ea9y c\u00f4ng d\u00e2n to\u00e0n c\u1ea7u.<\/p>\n<p style=\"font-size: 18px;\">H\u01a1n n\u1eefa, Arton l\u00e0 th\u00e0nh vi\u00ean s\u00e1ng l\u1eadp c\u1ee7a H\u1ed9i \u0111\u1ed3ng Di tr\u00fa Nh\u00e0 \u0111\u1ea7u t\u01b0 To\u00e0n c\u1ea7u (GIIC), c\u00f3 nhi\u1ec7m v\u1ee5 thi\u1ebft l\u1eadp c\u00e1c th\u1ef1c ti\u1ec5n t\u1ed1t nh\u1ea5t v\u00e0 th\u00fac \u0111\u1ea9y qu\u1ea3n tr\u1ecb ng\u00e0nh b\u1ec1n v\u1eefng v\u00e0 c\u00f3 tr\u00e1ch nhi\u1ec7m.<\/p>\n<p>[\/vc_column_text][\/vc_column][\/vc_row][vc_row][vc_column][vc_custom_heading text=&#8221;2. RANGE DEVELOPMENTS&#8221; font_container=&#8221;tag:h3|font_size:20px|text_align:left|color:%23e9bc67&#8243; google_fonts=&#8221;font_family:Aclonica%3Aregular|font_style:400%20regular%3A400%3Anormal&#8221;][vc_single_image image=&#8221;10483&#8243; img_size=&#8221;full&#8221; alignment=&#8221;center&#8221;][vc_column_text]<\/p>\n<p style=\"font-size: 18px;\">\u0110\u01b0\u1ee3c th\u00e0nh l\u1eadp v\u00e0o n\u0103m 2011, <strong>Range Developments<\/strong> l\u00e0 m\u1ed9t c\u00f4ng ty \u0111\u1ea7u t\u01b0 b\u1ea5t \u0111\u1ed9ng s\u1ea3n, khu ngh\u1ec9 d\u01b0\u1ee1ng cao c\u1ea5p, ho\u1ea1t \u0111\u1ed9ng tr\u00ean kh\u1eafp v\u00f9ng \u0110\u00f4ng Carib\u00ea. L\u00e0 m\u1ed9t nh\u00e0 ph\u00e1t tri\u1ec3n b\u1ea5t \u0111\u1ed9ng s\u1ea3n h\u00e0ng \u0111\u1ea7u, Range Developments t\u1ef1 h\u00e0o mang \u0111\u1ebfn m\u1ed9t s\u1ea3n ph\u1ea9m ch\u1ea5t l\u01b0\u1ee3ng cao nh\u1ea5t v\u00e0 cam k\u1ebft th\u00e0nh c\u00f4ng trong c\u00e1c d\u1ef1 \u00e1n \u0110\u1ea7u t\u01b0 \u0111\u1ecbnh c\u01b0.D\u1ef1 \u00e1n h\u00e0ng \u0111\u1ea7u c\u1ee7a Range Developments, khu ngh\u1ec9 d\u01b0\u1ee1ng 5 sao c\u1ef1c k\u1ef3 sang tr\u1ecdng Park Hyatt St. Kitts \u0111\u00e3 ho\u00e0n th\u00e0nh v\u00e0 ho\u1ea1t \u0111\u1ed9ng \u0111\u1ea7y \u0111\u1ee7 k\u1ec3 t\u1eeb ng\u00e0y 1 th\u00e1ng 11 n\u0103m 2017.<\/p>\n<p>[\/vc_column_text][vc_single_image image=&#8221;5483&#8243; img_size=&#8221;full&#8221; alignment=&#8221;center&#8221;][vc_column_text]<\/p>\n<p style=\"font-size: 18px;\">Range Developments c\u00f3 hai d\u1ef1 \u00e1n \u0111ang ph\u00e1t tri\u1ec3n kh\u00e1c trong khu v\u1ef1c. Cabrits Resort Kempinski, Dominica hi\u1ec7n \u0111ang \u0111\u01b0\u1ee3c x\u00e2y d\u1ef1ng v\u1edbi k\u1ebf ho\u1ea1ch khai tr\u01b0\u01a1ng v\u00e0o n\u0103m 2019. X\u00e2y d\u1ef1ng Six Senses La Sagesse Grenada s\u1ebd b\u1eaft \u0111\u1ea7u v\u00e0o n\u0103m 2019.<\/p>\n<p>[\/vc_column_text][\/vc_column][\/vc_row][vc_row][vc_column][vc_custom_heading text=&#8221;3. CITRINE ESTATE&#8221; font_container=&#8221;tag:h3|font_size:20px|text_align:left|color:%23e9bc67&#8243; google_fonts=&#8221;font_family:Aclonica%3Aregular|font_style:400%20regular%3A400%3Anormal&#8221;][vc_single_image image=&#8221;11207&#8243; img_size=&#8221;193&#215;140&#8243; alignment=&#8221;center&#8221;][vc_column_text]<\/p>\n<p style=\"font-size: 18px;\">N\u1eb1m trong th\u1ecb tr\u1ea5n nh\u1ecf c\u1ee7a Zakaki, <strong>Citrine Estates<\/strong> n\u00e9p m\u00ecnh trong B\u00e1n \u0111\u1ea3o Akrotiri li\u1ec1n k\u1ec1 khu ngh\u1ec9 m\u00e1t s\u00f2ng b\u1ea1c l\u1edbn nh\u1ea5t ch\u00e2u \u00c2u \u2018Th\u00e0nh ph\u1ed1 c\u1ee7a nh\u1eefng gi\u1ea5c m\u01a1 \u0110\u1ecba Trung H\u1ea3i\u2019. H\u1ed3 Salt v\u00e0 khu b\u1ea3o t\u1ed3n c\u1ee7a n\u00f3, \u0111\u01b0\u1ee3c bi\u1ebft \u0111\u1ebfn v\u1edbi m\u00e0n tr\u00ecnh di\u1ec5n tuy\u1ec7t v\u1eddi c\u1ee7a h\u1ed3ng h\u1ea1c, c\u00f3 \u0111\u1eddi s\u1ed1ng chim phong ph\u00fa v\u00e0 \u0111\u1ed9ng v\u1eadt hoang d\u00e3 phong ph\u00fa kh\u00f4ng k\u00e9m.<\/p>\n<p>[\/vc_column_text][vc_single_image image=&#8221;6360&#8243; img_size=&#8221;full&#8221; alignment=&#8221;center&#8221;][vc_column_text]<\/p>\n<p style=\"font-size: 18px;\">\u0110\u01b0\u1ee3c th\u00fac \u0111\u1ea9y b\u1edfi s\u1ef1 t\u0103ng tr\u01b0\u1edfng ng\u00e0y c\u00e0ng t\u0103ng cao \u0111\u1ed1i v\u1edbi c\u00e1c t\u00e0i s\u1ea3n d\u00e2n c\u01b0 cao c\u1ea5p, T\u1eadp \u0111o\u00e0n CNS, m\u1ed9t trong nh\u1eefng t\u1eadp \u0111o\u00e0n n\u1ed5i ti\u1ebfng v\u00e0 \u0111a d\u1ea1ng nh\u1ea5t \u1edf S\u00edp, tuy\u00ean b\u1ed1 ra m\u1eaft Citrine Estates, m\u1ed9t s\u1ef1 ph\u00e1t tri\u1ec3n \u0111\u1ed9c quy\u1ec1n t\u1ea1i Limassol. N\u1eb1m li\u1ec1n k\u1ec1 v\u1edbi khu ngh\u1ec9 d\u01b0\u1ee1ng s\u00f2ng b\u1ea1c h\u00e0ng \u0111\u1ea7u r\u1ea5t \u0111\u01b0\u1ee3c mong \u0111\u1ee3i, City of Dreams \u0110\u1ecba Trung H\u1ea3i, Citrine Estates h\u1ee9a h\u1eb9n s\u1ebd l\u00e0 \u0111i\u1ec3m \u0111\u1ebfn qu\u1ed1c t\u1ebf quan tr\u1ecdng cho cu\u1ed9c s\u1ed1ng xa x\u1ec9 v\u00e0 \u0111i\u1ec3m n\u00f3ng cho c\u00e1c nh\u00e0 \u0111\u1ea7u t\u01b0 b\u1ea5t \u0111\u1ed9ng s\u1ea3n.<\/p>\n<p>[\/vc_column_text][\/vc_column][\/vc_row][vc_row][vc_column][vc_custom_heading text=&#8221;4. SKYPRIME&#8221; font_container=&#8221;tag:h3|font_size:20px|text_align:left|color:%23e9bc67&#8243; google_fonts=&#8221;font_family:Aclonica%3Aregular|font_style:400%20regular%3A400%3Anormal&#8221;][vc_single_image image=&#8221;5486&#8243; img_size=&#8221;full&#8221; alignment=&#8221;center&#8221;][vc_column_text]<\/p>\n<p style=\"font-size: 18px;\">T\u1eadp trung ch\u1ee7 y\u1ebfu v\u00e0o b\u1ea5t \u0111\u1ed9ng s\u1ea3n cao c\u1ea5p \u1edf S\u00edp, T\u1eadp \u0111o\u00e0n SkyPrime cung c\u1ea5p cho b\u1ea1n nh\u1eefng l\u1ee3i \u00edch tuy\u1ec7t v\u1eddi nh\u1ea5t m\u00e0 c\u00e1c b\u1ea5t \u0111\u1ed9ng s\u1ea3n \u2013 khu ngh\u1ec9 d\u01b0\u1ee1ng c\u1ee7a T\u1eadp \u0111o\u00e0n mang l\u1ea1i.<\/p>\n<p style=\"font-size: 18px;\">V\u1edbi l\u1ee3i th\u1ebf l\u1edbn nh\u1ea5t t\u1ea1i th\u1ecb tr\u01b0\u1eddng \u0111\u1ecba ph\u01b0\u01a1ng c\u0169ng nh\u01b0 khu v\u1ef1c, SkyPrime c\u00f3 v\u1ecb tr\u00ed ho\u00e0n h\u1ea3o \u0111\u1ec3 ph\u1ee5c v\u1ee5 nh\u1eefng nh\u00e0 \u0111\u1ea7u t\u01b0 gi\u00e0u c\u00f3 ho\u1eb7c c\u00e1c nh\u00e0 \u0111\u1ea7u t\u01b0 quan t\u00e2m t\u1eeb kh\u1eafp n\u01a1i tr\u00ean th\u1ebf gi\u1edbi.<\/p>\n<p style=\"font-size: 18px;\">T\u1ea5t c\u1ea3 c\u00e1c c\u00f4ng ty th\u00e0nh vi\u00ean c\u1ee7a T\u1eadp \u0111o\u00e0n SkyPrime \u0111\u01b0\u1ee3c l\u00e3nh \u0111\u1ea1o b\u1edfi c\u00e1c chuy\u00ean gia v\u1edbi r\u1ea5t nhi\u1ec1u n\u0103m kinh nghi\u1ec7m t\u1eadp th\u1ec3 trong c\u00e1c l\u0129nh v\u1ef1c t\u01b0\u01a1ng \u1ee9ng, bao g\u1ed3m vi\u1ec7c tham gia v\u00e0o c\u00e1c d\u1ef1 \u00e1n ph\u00e1t tri\u1ec3n tr\u1ecb gi\u00e1 h\u00e0ng tri\u1ec7u Euro.<\/p>\n<p>[\/vc_column_text][vc_single_image image=&#8221;10987&#8243; img_size=&#8221;full&#8221; alignment=&#8221;center&#8221;][vc_column_text]<\/p>\n<p style=\"font-size: 18px;\">C\u1ea5u tr\u00fac T\u1eadp \u0111o\u00e0n \u0111\u01b0\u1ee3c thi\u1ebft k\u1ebf \u0111\u1ec3 t\u1ed1i \u0111a h\u00f3a hi\u1ec7u su\u1ea5t ti\u1ec1m n\u0103ng v\u00e0 hi\u1ec7u qu\u1ea3 c\u1ee7a c\u00e1c c\u00f4ng ty th\u00e0nh vi\u00ean, b\u1eb1ng c\u00e1ch h\u1ee3p l\u00fd h\u00f3a ho\u1ea1t \u0111\u1ed9ng c\u1ee7a h\u1ecd d\u01b0\u1edbi m\u1ed9t nh\u00f3m qu\u1ea3n l\u00fd trung t\u00e2m \u2013 m\u1ee5c ti\u00eau cu\u1ed1i c\u00f9ng v\u00ec l\u1ee3i \u00edch c\u1ee7a ng\u01b0\u1eddi mua v\u00e0 nh\u00e0 \u0111\u1ea7u t\u01b0.<\/p>\n<p style=\"font-size: 18px;\">Ngo\u00e0i ra, T\u1eadp \u0111o\u00e0n c\u00f2n li\u00ean k\u1ebft ch\u1eb7t ch\u1ebd v\u1edbi m\u1ed9t lo\u1ea1t c\u00e1c chuy\u00ean gia c\u00f3 uy t\u00edn, c\u00f3 th\u1ec3 m\u1edf r\u1ed9ng danh m\u1ee5c d\u1ecbch v\u1ee5 kh\u00e1ch h\u00e0ng c\u1ee7a T\u1eadp \u0111o\u00e0n Skyprime b\u1ea5t c\u1ee9 l\u00fac n\u00e0o.<\/p>\n<p>[\/vc_column_text][\/vc_column][\/vc_row][vc_row][vc_column][vc_custom_heading text=&#8221;5. THE POINT \u2013 GRENADA&#8221; font_container=&#8221;tag:h3|font_size:20px|text_align:left|color:%23e9bc67&#8243; google_fonts=&#8221;font_family:Aclonica%3Aregular|font_style:400%20regular%3A400%3Anormal&#8221;][vc_single_image image=&#8221;5488&#8243; img_size=&#8221;full&#8221; alignment=&#8221;center&#8221;][vc_column_text]<\/p>\n<p style=\"font-size: 18px;\">The Point at Petite Calivigny l\u00e0 C\u00e2u l\u1ea1c b\u1ed9 v\u00e0 Khu ngh\u1ec9 d\u01b0\u1ee1ng t\u01b0 nh\u00e2n Luxury Boutique n\u1eb1m tr\u00ean b\u1edd bi\u1ec3n ph\u00eda nam c\u1ee7a Grenada. V\u00f9ng bi\u1ec3n tuy\u1ec7t \u0111\u1eb9p n\u00e0y \u0111\u01b0\u1ee3c h\u00ecnh th\u00e0nh b\u1edfi Ti\u1ebfn s\u0129 Christofer Ashby, m\u1ed9t doanh nh\u00e2n \u0111\u00e3 tr\u1edf v\u1ec1 qu\u00ea h\u01b0\u01a1ng Grenada sau m\u1ed9t s\u1ef1 nghi\u1ec7p th\u00e0nh c\u00f4ng \u0111\u1ec3 ph\u00e1t tri\u1ec3n c\u00e1c ngu\u1ed3n t\u00e0i nguy\u00ean c\u1ee7a Qu\u1ed1c gia. Ti\u1ebfn s\u0129 Ashby \u0111\u00e3 t\u1eadp h\u1ee3p m\u1ed9t nh\u00f3m c\u00e1c chuy\u00ean gia trong ng\u00e0nh v\u00e0 qu\u1ed1c t\u1ebf \u0111\u1ec3 ph\u00e1t tri\u1ec3n b\u1ea5t \u0111\u1ed9ng s\u1ea3n cao c\u1ea5p sang tr\u1ecdng c\u1ea1nh tranh v\u1edbi nh\u1eefng ng\u00f4i nh\u00e0 sang tr\u1ecdng k\u1ef3 ngh\u1ec9 \u0111\u1ed9c nh\u1ea5t v\u00e0 xa hoa nh\u1ea5t \u1edf v\u00f9ng bi\u1ec3n Caribbean. C\u00e2u l\u1ea1c b\u1ed9 t\u01b0 nh\u00e2n Point l\u00e0 c\u00e2u l\u1ea1c b\u1ed9 c\u01b0 tr\u00fa sang tr\u1ecdng \u0111\u1ea7u ti\u00ean v\u00e0 duy nh\u1ea5t \u1edf Grenada. \u0110\u00e2y c\u0169ng l\u00e0 t\u00e0i s\u1ea3n xa x\u1ec9 \u0111\u1ea7u ti\u00ean cung c\u1ea5p b\u1ea5t \u0111\u1ed9ng s\u1ea3n ph\u00e2n kh\u00fac tr\u00ean \u0111\u1ea3o, m\u1ed9t kh\u00e1i ni\u1ec7m cung c\u1ea5p cho ch\u1ee7 s\u1edf h\u1eefu t\u00f9y ch\u1ecdn mua nh\u00e0 ngh\u1ec9 sang tr\u1ecdng \u1edf Caribbean m\u00e0 kh\u00f4ng ph\u1ea3i cam k\u1ebft chi ph\u00ed l\u1edbn li\u00ean quan \u0111\u1ebfn vi\u1ec7c duy tr\u00ec ng\u00f4i nh\u00e0 th\u1ee9 hai. T\u1eebng chi ti\u1ebft c\u1ee7a The Point \u0111\u1ec1u \u0111\u01b0\u1ee3c thi\u1ebft k\u1ebf v\u00e0 qu\u1ea3n l\u00fd \u0111\u1eb7c bi\u1ec7t cho con m\u1eaft s\u00e0nh \u0111i\u1ec7u, t\u1eeb v\u1ecb tr\u00ed v\u00e0 ki\u1ebfn \u200b\u200btr\u00fac c\u1ee7a nh\u00e0 \u1edf \u0111\u1ebfn nh\u1eefng khu v\u01b0\u1eddn nhi\u1ec7t \u0111\u1edbi \u0111\u01b0\u1ee3c ch\u0103m s\u00f3c c\u1ea9n th\u1eadn v\u00e0 nh\u1eefng tr\u1ea3i nghi\u1ec7m \u0111\u1eb7c bi\u1ec7t.<\/p>\n<p>[\/vc_column_text][vc_single_image image=&#8221;11205&#8243; img_size=&#8221;full&#8221; alignment=&#8221;center&#8221;][\/vc_column][\/vc_row][vc_row full_width=&#8221;stretch_row_content_no_spaces&#8221; content_placement=&#8221;middle&#8221;][vc_column width=&#8221;1\/5&#8243;][vc_single_image image=&#8221;16879&#8243; img_size=&#8221;full&#8221; alignment=&#8221;center&#8221;][\/vc_column][vc_column width=&#8221;1\/5&#8243;][vc_single_image image=&#8221;17068&#8243; img_size=&#8221;185pxx135px&#8221; alignment=&#8221;center&#8221;][\/vc_column][vc_column width=&#8221;1\/5&#8243;][vc_single_image image=&#8221;11243&#8243; img_size=&#8221;full&#8221; alignment=&#8221;center&#8221;][\/vc_column][vc_column width=&#8221;1\/5&#8243;][vc_single_image image=&#8221;17071&#8243; img_size=&#8221;230&#215;135&#8243; alignment=&#8221;center&#8221;][\/vc_column][vc_column width=&#8221;1\/5&#8243;][vc_single_image image=&#8221;11385&#8243; img_size=&#8221;full&#8221; alignment=&#8221;center&#8221;][\/vc_column][\/vc_row][vc_row full_width=&#8221;stretch_row_content_no_spaces&#8221; content_placement=&#8221;middle&#8221;][vc_column width=&#8221;1\/5&#8243;][vc_single_image image=&#8221;18108&#8243; img_size=&#8221;120&#215;120&#8243; alignment=&#8221;center&#8221;][\/vc_column][vc_column width=&#8221;1\/5&#8243;][vc_single_image image=&#8221;11215&#8243; img_size=&#8221;full&#8221; alignment=&#8221;center&#8221;][\/vc_column][vc_column width=&#8221;1\/5&#8243;][vc_single_image image=&#8221;17076&#8243; img_size=&#8221;full&#8221; alignment=&#8221;center&#8221;][\/vc_column][vc_column width=&#8221;1\/5&#8243;][vc_single_image image=&#8221;18109&#8243; img_size=&#8221;full&#8221; alignment=&#8221;center&#8221;][\/vc_column][vc_column width=&#8221;1\/5&#8243;][\/vc_column][\/vc_row]<\/p>\n","protected":false},"excerpt":{"rendered":"<p>[vc_row][vc_column][vc_column_text] C\u00f4ng Ty \u0110\u1ea7u T\u01b0 B\u1ea5t \u0110\u1ed9ng S\u1ea3n Qu\u1ed1c T\u1ebf Adamas c\u00f3 l\u1ecbch s\u1eed h\u00ecnh th\u00e0nh v\u1eefng ch\u00e3i v\u1edbi kinh nghi\u1ec7m ho\u1ea1t \u0111\u1ed9ng ti\u00ean phong v\u00e0 uy t\u00edn h\u00e0ng \u0111\u1ea7u v\u1ec1 l\u0129nh v\u1ef1c \u0111\u1ea7u t\u01b0 b\u1ea5t \u0111\u1ed9ng s\u1ea3n, khu ngh\u1ec9 d\u01b0\u1ee1ng cao c\u1ea5p Qu\u1ed1c t\u1ebf k\u1ebft h\u1ee3p v\u1edbi c\u00e1c \u0111\u1ed1i t\u00e1c n\u1ed5i ti\u1ebfng to\u00e0n c\u1ea7u&#8230;<\/p>\n","protected":false},"author":1,"featured_media":0,"parent":0,"menu_order":0,"comment_status":"closed","ping_status":"closed","template":"templates\/full-width.php","meta":[],"yoast_head":"<!-- This site is optimized with the Yoast SEO plugin v21.1 - https:\/\/yoast.com\/wordpress\/plugins\/seo\/ -->\n<title>PARTNER - ADAMAS GLOBAL INVESTMENT<\/title>\n<meta name=\"description\" content=\"C\u00f4ng Ty \u0110\u1ea7u T\u01b0 B\u1ea5t \u0110\u1ed9ng S\u1ea3n Qu\u1ed1c T\u1ebf Adamas c\u00f3 l\u1ecbch s\u1eed h\u00ecnh th\u00e0nh v\u1eefng ch\u00e3i v\u1edbi kinh nghi\u1ec7m ho\u1ea1t \u0111\u1ed9ng ti\u00ean phong v\u00e0 uy t\u00edn v\u1ec1 l\u0129nh v\u1ef1c \u0111\u1ea7u t\u01b0 B\u0110S.\" \/>\n<meta name=\"robots\" content=\"index, follow, max-snippet:-1, max-image-preview:large, max-video-preview:-1\" \/>\n<link rel=\"canonical\" href=\"https:\/\/adamasglobal.org\/doi-tac-chien-luoc\" \/>\n<meta property=\"og:locale\" content=\"en_US\" \/>\n<meta property=\"og:type\" content=\"article\" \/>\n<meta property=\"og:title\" content=\"[:vi]PARTNER - Adamas Global Investment[:en]PARTNER - ADAMAS GLOBAL INVESTMENT[:]\" \/>\n<meta property=\"og:description\" content=\"C\u00f4ng Ty \u0110\u1ea7u T\u01b0 B\u1ea5t \u0110\u1ed9ng S\u1ea3n Qu\u1ed1c T\u1ebf Adamas c\u00f3 l\u1ecbch s\u1eed h\u00ecnh th\u00e0nh v\u1eefng ch\u00e3i v\u1edbi kinh nghi\u1ec7m ho\u1ea1t \u0111\u1ed9ng ti\u00ean phong v\u00e0 uy t\u00edn v\u1ec1 l\u0129nh v\u1ef1c \u0111\u1ea7u t\u01b0 B\u0110S.\" \/>\n<meta property=\"og:url\" content=\"https:\/\/adamasglobal.org\/doi-tac-chien-luoc\" \/>\n<meta property=\"og:site_name\" content=\"ADAMAS GLOBAL INVESTMENT\" \/>\n<meta property=\"article:modified_time\" content=\"2025-10-03T06:14:21+00:00\" \/>\n<meta name=\"twitter:card\" content=\"summary_large_image\" \/>\n<meta name=\"twitter:label1\" content=\"Est. reading time\" \/>\n\t<meta name=\"twitter:data1\" content=\"7 minutes\" \/>\n<script type=\"application\/ld+json\" class=\"yoast-schema-graph\">{\"@context\":\"https:\/\/schema.org\",\"@graph\":[{\"@type\":\"WebPage\",\"@id\":\"https:\/\/adamasglobal.org\/doi-tac-chien-luoc\",\"url\":\"https:\/\/adamasglobal.org\/doi-tac-chien-luoc\",\"name\":\"[:vi]PARTNER - Adamas Global Investment[:en]PARTNER - ADAMAS GLOBAL INVESTMENT[:]\",\"isPartOf\":{\"@id\":\"https:\/\/adamasglobal.org\/#website\"},\"datePublished\":\"2019-09-19T03:56:11+00:00\",\"dateModified\":\"2025-10-03T06:14:21+00:00\",\"description\":\"C\u00f4ng Ty \u0110\u1ea7u T\u01b0 B\u1ea5t \u0110\u1ed9ng S\u1ea3n Qu\u1ed1c T\u1ebf Adamas c\u00f3 l\u1ecbch s\u1eed h\u00ecnh th\u00e0nh v\u1eefng ch\u00e3i v\u1edbi kinh nghi\u1ec7m ho\u1ea1t \u0111\u1ed9ng ti\u00ean phong v\u00e0 uy t\u00edn v\u1ec1 l\u0129nh v\u1ef1c \u0111\u1ea7u t\u01b0 B\u0110S.\",\"breadcrumb\":{\"@id\":\"https:\/\/adamasglobal.org\/doi-tac-chien-luoc#breadcrumb\"},\"inLanguage\":\"en-US\",\"potentialAction\":[{\"@type\":\"ReadAction\",\"target\":[\"https:\/\/adamasglobal.org\/doi-tac-chien-luoc\"]}]},{\"@type\":\"BreadcrumbList\",\"@id\":\"https:\/\/adamasglobal.org\/doi-tac-chien-luoc#breadcrumb\",\"itemListElement\":[{\"@type\":\"ListItem\",\"position\":1,\"name\":\"Home\",\"item\":\"https:\/\/adamasglobal.org\/\"},{\"@type\":\"ListItem\",\"position\":2,\"name\":\"\u0110\u1ed0I T\u00c1C CHI\u1ebeN L\u01af\u1ee2C\"}]},{\"@type\":\"WebSite\",\"@id\":\"https:\/\/adamasglobal.org\/#website\",\"url\":\"https:\/\/adamasglobal.org\/\",\"name\":\"ADAMAS GLOBAL INVESTMENT\",\"description\":\"\",\"publisher\":{\"@id\":\"https:\/\/adamasglobal.org\/#organization\"},\"potentialAction\":[{\"@type\":\"SearchAction\",\"target\":{\"@type\":\"EntryPoint\",\"urlTemplate\":\"https:\/\/adamasglobal.org\/?s={search_term_string}\"},\"query-input\":\"required name=search_term_string\"}],\"inLanguage\":\"en-US\"},{\"@type\":\"Organization\",\"@id\":\"https:\/\/adamasglobal.org\/#organization\",\"name\":\"C\u00d4NG TY \u0110\u1ea6U T\u01af B\u1ea4T \u0110\u1ed8NG S\u1ea2N QU\u1ed0C T\u1ebe ADAMAS\",\"url\":\"https:\/\/adamasglobal.org\/\",\"logo\":{\"@type\":\"ImageObject\",\"inLanguage\":\"en-US\",\"@id\":\"https:\/\/adamasglobal.org\/#\/schema\/logo\/image\/\",\"url\":\"https:\/\/adamasglobal.org\/wp-content\/uploads\/2020\/02\/adamas-logo-new-400.png\",\"contentUrl\":\"https:\/\/adamasglobal.org\/wp-content\/uploads\/2020\/02\/adamas-logo-new-400.png\",\"width\":600,\"height\":209,\"caption\":\"C\u00d4NG TY \u0110\u1ea6U T\u01af B\u1ea4T \u0110\u1ed8NG S\u1ea2N QU\u1ed0C T\u1ebe ADAMAS\"},\"image\":{\"@id\":\"https:\/\/adamasglobal.org\/#\/schema\/logo\/image\/\"}}]}<\/script>\n<!-- \/ Yoast SEO plugin. -->","yoast_head_json":{"title":"PARTNER - ADAMAS GLOBAL INVESTMENT","description":"C\u00f4ng Ty \u0110\u1ea7u T\u01b0 B\u1ea5t \u0110\u1ed9ng S\u1ea3n Qu\u1ed1c T\u1ebf Adamas c\u00f3 l\u1ecbch s\u1eed h\u00ecnh th\u00e0nh v\u1eefng ch\u00e3i v\u1edbi kinh nghi\u1ec7m ho\u1ea1t \u0111\u1ed9ng ti\u00ean phong v\u00e0 uy t\u00edn v\u1ec1 l\u0129nh v\u1ef1c \u0111\u1ea7u t\u01b0 B\u0110S.","robots":{"index":"index","follow":"follow","max-snippet":"max-snippet:-1","max-image-preview":"max-image-preview:large","max-video-preview":"max-video-preview:-1"},"canonical":"https:\/\/adamasglobal.org\/doi-tac-chien-luoc","og_locale":"en_US","og_type":"article","og_title":"[:vi]PARTNER - Adamas Global Investment[:en]PARTNER - ADAMAS GLOBAL INVESTMENT[:]","og_description":"C\u00f4ng Ty \u0110\u1ea7u T\u01b0 B\u1ea5t \u0110\u1ed9ng S\u1ea3n Qu\u1ed1c T\u1ebf Adamas c\u00f3 l\u1ecbch s\u1eed h\u00ecnh th\u00e0nh v\u1eefng ch\u00e3i v\u1edbi kinh nghi\u1ec7m ho\u1ea1t \u0111\u1ed9ng ti\u00ean phong v\u00e0 uy t\u00edn v\u1ec1 l\u0129nh v\u1ef1c \u0111\u1ea7u t\u01b0 B\u0110S.","og_url":"https:\/\/adamasglobal.org\/doi-tac-chien-luoc","og_site_name":"ADAMAS GLOBAL INVESTMENT","article_modified_time":"2025-10-03T06:14:21+00:00","twitter_card":"summary_large_image","twitter_misc":{"Est. reading time":"7 minutes"},"schema":{"@context":"https:\/\/schema.org","@graph":[{"@type":"WebPage","@id":"https:\/\/adamasglobal.org\/doi-tac-chien-luoc","url":"https:\/\/adamasglobal.org\/doi-tac-chien-luoc","name":"[:vi]PARTNER - Adamas Global Investment[:en]PARTNER - ADAMAS GLOBAL INVESTMENT[:]","isPartOf":{"@id":"https:\/\/adamasglobal.org\/#website"},"datePublished":"2019-09-19T03:56:11+00:00","dateModified":"2025-10-03T06:14:21+00:00","description":"C\u00f4ng Ty \u0110\u1ea7u T\u01b0 B\u1ea5t \u0110\u1ed9ng S\u1ea3n Qu\u1ed1c T\u1ebf Adamas c\u00f3 l\u1ecbch s\u1eed h\u00ecnh th\u00e0nh v\u1eefng ch\u00e3i v\u1edbi kinh nghi\u1ec7m ho\u1ea1t \u0111\u1ed9ng ti\u00ean phong v\u00e0 uy t\u00edn v\u1ec1 l\u0129nh v\u1ef1c \u0111\u1ea7u t\u01b0 B\u0110S.","breadcrumb":{"@id":"https:\/\/adamasglobal.org\/doi-tac-chien-luoc#breadcrumb"},"inLanguage":"en-US","potentialAction":[{"@type":"ReadAction","target":["https:\/\/adamasglobal.org\/doi-tac-chien-luoc"]}]},{"@type":"BreadcrumbList","@id":"https:\/\/adamasglobal.org\/doi-tac-chien-luoc#breadcrumb","itemListElement":[{"@type":"ListItem","position":1,"name":"Home","item":"https:\/\/adamasglobal.org\/"},{"@type":"ListItem","position":2,"name":"\u0110\u1ed0I T\u00c1C CHI\u1ebeN L\u01af\u1ee2C"}]},{"@type":"WebSite","@id":"https:\/\/adamasglobal.org\/#website","url":"https:\/\/adamasglobal.org\/","name":"ADAMAS GLOBAL INVESTMENT","description":"","publisher":{"@id":"https:\/\/adamasglobal.org\/#organization"},"potentialAction":[{"@type":"SearchAction","target":{"@type":"EntryPoint","urlTemplate":"https:\/\/adamasglobal.org\/?s={search_term_string}"},"query-input":"required name=search_term_string"}],"inLanguage":"en-US"},{"@type":"Organization","@id":"https:\/\/adamasglobal.org\/#organization","name":"C\u00d4NG TY \u0110\u1ea6U T\u01af B\u1ea4T \u0110\u1ed8NG S\u1ea2N QU\u1ed0C T\u1ebe ADAMAS","url":"https:\/\/adamasglobal.org\/","logo":{"@type":"ImageObject","inLanguage":"en-US","@id":"https:\/\/adamasglobal.org\/#\/schema\/logo\/image\/","url":"https:\/\/adamasglobal.org\/wp-content\/uploads\/2020\/02\/adamas-logo-new-400.png","contentUrl":"https:\/\/adamasglobal.org\/wp-content\/uploads\/2020\/02\/adamas-logo-new-400.png","width":600,"height":209,"caption":"C\u00d4NG TY \u0110\u1ea6U T\u01af B\u1ea4T \u0110\u1ed8NG S\u1ea2N QU\u1ed0C T\u1ebe ADAMAS"},"image":{"@id":"https:\/\/adamasglobal.org\/#\/schema\/logo\/image\/"}}]}},"_links":{"self":[{"href":"https:\/\/adamasglobal.org\/en\/wp-json\/wp\/v2\/pages\/5480"}],"collection":[{"href":"https:\/\/adamasglobal.org\/en\/wp-json\/wp\/v2\/pages"}],"about":[{"href":"https:\/\/adamasglobal.org\/en\/wp-json\/wp\/v2\/types\/page"}],"author":[{"embeddable":true,"href":"https:\/\/adamasglobal.org\/en\/wp-json\/wp\/v2\/users\/1"}],"replies":[{"embeddable":true,"href":"https:\/\/adamasglobal.org\/en\/wp-json\/wp\/v2\/comments?post=5480"}],"version-history":[{"count":59,"href":"https:\/\/adamasglobal.org\/en\/wp-json\/wp\/v2\/pages\/5480\/revisions"}],"predecessor-version":[{"id":19369,"href":"https:\/\/adamasglobal.org\/en\/wp-json\/wp\/v2\/pages\/5480\/revisions\/19369"}],"wp:attachment":[{"href":"https:\/\/adamasglobal.org\/en\/wp-json\/wp\/v2\/media?parent=5480"}],"curies":[{"name":"wp","href":"https:\/\/api.w.org\/{rel}","templated":true}]}}