{"id":15403,"date":"2021-01-19T12:13:22","date_gmt":"2021-01-19T05:13:22","guid":{"rendered":"https:\/\/adamasglobal.org\/?page_id=15403"},"modified":"2023-10-07T20:56:03","modified_gmt":"2023-10-07T13:56:03","slug":"bat-dong-san-trong-nuoc","status":"publish","type":"page","link":"https:\/\/adamasglobal.org\/en\/bat-dong-san-trong-nuoc","title":{"rendered":"REAL ESTATE IN VIETNAM"},"content":{"rendered":"\t\t<div data-elementor-type=\"wp-page\" data-elementor-id=\"15403\" class=\"elementor elementor-15403\" data-elementor-settings=\"[]\">\n\t\t\t\t\t\t<div class=\"elementor-inner\">\n\t\t\t\t\t\t\t<div class=\"elementor-section-wrap\">\n\t\t\t\t\t\t\t<section class=\"elementor-section elementor-top-section elementor-element elementor-element-7824473 elementor-section-full_width elementor-section-height-default elementor-section-height-default\" data-id=\"7824473\" data-element_type=\"section\">\n\t\t\t\t\t\t<div class=\"elementor-container elementor-column-gap-no\">\n\t\t\t\t\t\t\t<div class=\"elementor-row\">\n\t\t\t\t\t<div class=\"elementor-column elementor-col-100 elementor-top-column elementor-element elementor-element-f57a0eb\" data-id=\"f57a0eb\" data-element_type=\"column\">\n\t\t\t<div class=\"elementor-column-wrap elementor-element-populated\">\n\t\t\t\t\t\t\t<div class=\"elementor-widget-wrap\">\n\t\t\t\t\t\t<div class=\"elementor-element elementor-element-509e65b elementor-widget elementor-widget-image\" data-id=\"509e65b\" data-element_type=\"widget\" data-widget_type=\"image.default\">\n\t\t\t\t<div class=\"elementor-widget-container\">\n\t\t\t\t\t\t\t\t<div class=\"elementor-image\">\n\t\t\t\t\t\t\t\t\t\t\t\t<img decoding=\"async\" width=\"1903\" height=\"694\" src=\"https:\/\/adamasglobal.org\/wp-content\/uploads\/2021\/01\/slider_1-compressed.jpg\" class=\"attachment-full size-full\" alt=\"Real estate in Vietnam\" loading=\"lazy\" srcset=\"https:\/\/adamasglobal.org\/wp-content\/uploads\/2021\/01\/slider_1-compressed.jpg 1903w, https:\/\/adamasglobal.org\/wp-content\/uploads\/2021\/01\/slider_1-compressed-300x109.jpg 300w, https:\/\/adamasglobal.org\/wp-content\/uploads\/2021\/01\/slider_1-compressed-1024x373.jpg 1024w, https:\/\/adamasglobal.org\/wp-content\/uploads\/2021\/01\/slider_1-compressed-768x280.jpg 768w, https:\/\/adamasglobal.org\/wp-content\/uploads\/2021\/01\/slider_1-compressed-1536x560.jpg 1536w, https:\/\/adamasglobal.org\/wp-content\/uploads\/2021\/01\/slider_1-compressed-150x55.jpg 150w\" sizes=\"(max-width: 1903px) 100vw, 1903px\" \/>\t\t\t\t\t\t\t\t\t\t\t\t\t\t<\/div>\n\t\t\t\t\t\t<\/div>\n\t\t\t\t<\/div>\n\t\t\t\t\t\t<\/div>\n\t\t\t\t\t<\/div>\n\t\t<\/div>\n\t\t\t\t\t\t\t\t<\/div>\n\t\t\t\t\t<\/div>\n\t\t<\/section>\n\t\t\t\t<section class=\"elementor-section elementor-top-section elementor-element elementor-element-96e6a43 elementor-section-boxed elementor-section-height-default elementor-section-height-default\" data-id=\"96e6a43\" data-element_type=\"section\">\n\t\t\t\t\t\t<div class=\"elementor-container elementor-column-gap-default\">\n\t\t\t\t\t\t\t<div class=\"elementor-row\">\n\t\t\t\t\t<div class=\"elementor-column elementor-col-100 elementor-top-column elementor-element elementor-element-ae5b784\" data-id=\"ae5b784\" data-element_type=\"column\">\n\t\t\t<div class=\"elementor-column-wrap elementor-element-populated\">\n\t\t\t\t\t\t\t<div class=\"elementor-widget-wrap\">\n\t\t\t\t\t\t<div class=\"elementor-element elementor-element-dd62dd0 elementor-widget elementor-widget-heading\" data-id=\"dd62dd0\" data-element_type=\"widget\" data-widget_type=\"heading.default\">\n\t\t\t\t<div class=\"elementor-widget-container\">\n\t\t\t<h2 class=\"elementor-heading-title elementor-size-default\">CHU\u1ed6I D\u1ef0 \u00c1N NGH\u1ec8 D\u01af\u1ee0NG \u0110\u1eb8P NH\u1ea4T C\u1ee6A ADAMAS <br>T\u1ea0I B\u1ea2O L\u1ed8C - L\u00c2M \u0110\u1ed2NG<\/h2>\t\t<\/div>\n\t\t\t\t<\/div>\n\t\t\t\t\t\t<\/div>\n\t\t\t\t\t<\/div>\n\t\t<\/div>\n\t\t\t\t\t\t\t\t<\/div>\n\t\t\t\t\t<\/div>\n\t\t<\/section>\n\t\t\t\t<section class=\"elementor-section elementor-top-section elementor-element elementor-element-484d87e elementor-section-full_width elementor-section-height-default elementor-section-height-default\" data-id=\"484d87e\" data-element_type=\"section\">\n\t\t\t\t\t\t<div class=\"elementor-container elementor-column-gap-custom\">\n\t\t\t\t\t\t\t<div class=\"elementor-row\">\n\t\t\t\t\t<div class=\"elementor-column elementor-col-33 elementor-top-column elementor-element elementor-element-7d4ada9\" data-id=\"7d4ada9\" data-element_type=\"column\">\n\t\t\t<div class=\"elementor-column-wrap elementor-element-populated\">\n\t\t\t\t\t\t\t<div class=\"elementor-widget-wrap\">\n\t\t\t\t\t\t<div class=\"elementor-element elementor-element-a30b74e elementor-widget elementor-widget-image\" data-id=\"a30b74e\" data-element_type=\"widget\" data-widget_type=\"image.default\">\n\t\t\t\t<div class=\"elementor-widget-container\">\n\t\t\t\t\t\t\t\t<div class=\"elementor-image\">\n\t\t\t\t\t\t\t\t\t\t\t\t\t<a href=\"https:\/\/adamasglobal.org\/bat-dong-san-lam-dong\/green-life-1\">\n\t\t\t\t\t\t\t<img decoding=\"async\" width=\"828\" height=\"585\" src=\"https:\/\/adamasglobal.org\/wp-content\/uploads\/2023\/03\/GREEN-LIFE-compressed-compressed.jpg\" class=\"attachment-large size-large\" alt=\"GREEN LIFE 1\" loading=\"lazy\" srcset=\"https:\/\/adamasglobal.org\/wp-content\/uploads\/2023\/03\/GREEN-LIFE-compressed-compressed.jpg 1000w, https:\/\/adamasglobal.org\/wp-content\/uploads\/2023\/03\/GREEN-LIFE-compressed-compressed-300x212.jpg 300w, https:\/\/adamasglobal.org\/wp-content\/uploads\/2023\/03\/GREEN-LIFE-compressed-compressed-768x543.jpg 768w, https:\/\/adamasglobal.org\/wp-content\/uploads\/2023\/03\/GREEN-LIFE-compressed-compressed-150x106.jpg 150w\" sizes=\"(max-width: 828px) 100vw, 828px\" \/>\t\t\t\t\t\t\t\t<\/a>\n\t\t\t\t\t\t\t\t\t\t\t\t\t\t<\/div>\n\t\t\t\t\t\t<\/div>\n\t\t\t\t<\/div>\n\t\t\t\t<div class=\"elementor-element elementor-element-56fc2f1 elementor-widget elementor-widget-heading\" data-id=\"56fc2f1\" data-element_type=\"widget\" data-widget_type=\"heading.default\">\n\t\t\t\t<div class=\"elementor-widget-container\">\n\t\t\t<h3 class=\"elementor-heading-title elementor-size-default\"><a href=\"https:\/\/adamasglobal.org\/bat-dong-san-lam-dong\/green-life-1\">GREEN LIFE 1<\/a><\/h3>\t\t<\/div>\n\t\t\t\t<\/div>\n\t\t\t\t<div class=\"elementor-element elementor-element-c7cdfdc elementor-widget elementor-widget-text-editor\" data-id=\"c7cdfdc\" data-element_type=\"widget\" data-widget_type=\"text-editor.default\">\n\t\t\t\t<div class=\"elementor-widget-container\">\n\t\t\t\t\t\t\t\t<div class=\"elementor-text-editor elementor-clearfix\">\n\t\t\t\t<div style=\"font-size: 18px; line-height: 30px;text-align: justify;\">\n\nGreen Life 1 \u0111\u01b0\u1ee3c th\u1eeba h\u01b0\u1edfng nhi\u1ec1u thu\u1eadn l\u1ee3i v\u1edbi t\u1ed1c \u0111\u1ed9 ph\u00e1t tri\u1ec3n nhanh ch\u00f3ng tr\u00ean l\u1ed9 tr\u00ecnh \u0111\u01b0a th\u00e0nh ph\u1ed1 B\u1ea3o L\u1ed9c th\u00e0nh \u0111\u00f4 th\u1ecb t\u1ec9nh l\u1ef5 c\u1ee7a L\u00e2m \u0110\u1ed3ng, TP \u0110\u00e0 L\u1ea1t ph\u00e1t tri\u1ec3n l\u00ean th\u00e0nh ph\u1ed1 tr\u1ef1c thu\u1ed9c trung \u01b0\u01a1ng.\n\n<\/div>\t\t\t\t\t<\/div>\n\t\t\t\t\t\t<\/div>\n\t\t\t\t<\/div>\n\t\t\t\t\t\t<\/div>\n\t\t\t\t\t<\/div>\n\t\t<\/div>\n\t\t\t\t<div class=\"elementor-column elementor-col-33 elementor-top-column elementor-element elementor-element-afd92cd\" data-id=\"afd92cd\" data-element_type=\"column\">\n\t\t\t<div class=\"elementor-column-wrap elementor-element-populated\">\n\t\t\t\t\t\t\t<div class=\"elementor-widget-wrap\">\n\t\t\t\t\t\t<div class=\"elementor-element elementor-element-45db08e elementor-widget elementor-widget-image\" data-id=\"45db08e\" data-element_type=\"widget\" data-widget_type=\"image.default\">\n\t\t\t\t<div class=\"elementor-widget-container\">\n\t\t\t\t\t\t\t\t<div class=\"elementor-image\">\n\t\t\t\t\t\t\t\t\t\t\t\t\t<a href=\"https:\/\/adamasglobal.org\/bat-dong-san-lam-dong\/phuc-tho-village\">\n\t\t\t\t\t\t\t<img decoding=\"async\" width=\"828\" height=\"585\" src=\"https:\/\/adamasglobal.org\/wp-content\/uploads\/2023\/03\/PHUC-THO-VILLAGE-compressed-compressed.jpg\" class=\"attachment-large size-large\" alt=\"PHUC-THO-VILLAGE\" loading=\"lazy\" srcset=\"https:\/\/adamasglobal.org\/wp-content\/uploads\/2023\/03\/PHUC-THO-VILLAGE-compressed-compressed.jpg 1000w, https:\/\/adamasglobal.org\/wp-content\/uploads\/2023\/03\/PHUC-THO-VILLAGE-compressed-compressed-300x212.jpg 300w, https:\/\/adamasglobal.org\/wp-content\/uploads\/2023\/03\/PHUC-THO-VILLAGE-compressed-compressed-768x543.jpg 768w, https:\/\/adamasglobal.org\/wp-content\/uploads\/2023\/03\/PHUC-THO-VILLAGE-compressed-compressed-150x106.jpg 150w\" sizes=\"(max-width: 828px) 100vw, 828px\" \/>\t\t\t\t\t\t\t\t<\/a>\n\t\t\t\t\t\t\t\t\t\t\t\t\t\t<\/div>\n\t\t\t\t\t\t<\/div>\n\t\t\t\t<\/div>\n\t\t\t\t<div class=\"elementor-element elementor-element-c9cb005 elementor-widget elementor-widget-heading\" data-id=\"c9cb005\" data-element_type=\"widget\" data-widget_type=\"heading.default\">\n\t\t\t\t<div class=\"elementor-widget-container\">\n\t\t\t<h3 class=\"elementor-heading-title elementor-size-default\"><a href=\"https:\/\/adamasglobal.org\/bat-dong-san-lam-dong\/phuc-tho-village\">PH\u00daC TH\u1ecc VILLAGE<\/a><\/h3>\t\t<\/div>\n\t\t\t\t<\/div>\n\t\t\t\t<div class=\"elementor-element elementor-element-828c381 elementor-widget elementor-widget-text-editor\" data-id=\"828c381\" data-element_type=\"widget\" data-widget_type=\"text-editor.default\">\n\t\t\t\t<div class=\"elementor-widget-container\">\n\t\t\t\t\t\t\t\t<div class=\"elementor-text-editor elementor-clearfix\">\n\t\t\t\t<div style=\"font-size: 18px; line-height: 30px; text-align: justify;\">\n\nPh\u00fac Th\u1ecd Village \u0111\u01b0\u1ee3c th\u1ee5 h\u01b0\u1edfng v\u1ecb tr\u00ed tuy\u1ec7t \u0111\u1eb9p ng\u1eafm tr\u1ecdn to\u00e0n c\u1ea3nh H\u1ed3 Ph\u00fac Th\u1ecd v\u1edbi l\u00e0n n\u01b0\u1edbc trong xanh xen l\u1eabn nh\u1eefng \u0111\u1ed3i ch\u00e8 xanh m\u01b0\u1edbt.\n<\/div>\t\t\t\t\t<\/div>\n\t\t\t\t\t\t<\/div>\n\t\t\t\t<\/div>\n\t\t\t\t\t\t<\/div>\n\t\t\t\t\t<\/div>\n\t\t<\/div>\n\t\t\t\t<div class=\"elementor-column elementor-col-33 elementor-top-column elementor-element elementor-element-93270bf\" data-id=\"93270bf\" data-element_type=\"column\">\n\t\t\t<div class=\"elementor-column-wrap elementor-element-populated\">\n\t\t\t\t\t\t\t<div class=\"elementor-widget-wrap\">\n\t\t\t\t\t\t<div class=\"elementor-element elementor-element-c5ff84d elementor-widget elementor-widget-image\" data-id=\"c5ff84d\" data-element_type=\"widget\" data-widget_type=\"image.default\">\n\t\t\t\t<div class=\"elementor-widget-container\">\n\t\t\t\t\t\t\t\t<div class=\"elementor-image\">\n\t\t\t\t\t\t\t\t\t\t\t\t\t<a href=\"https:\/\/adamasglobal.org\/bat-dong-san-lam-dong\/loc-tan-farm-38\">\n\t\t\t\t\t\t\t<img decoding=\"async\" width=\"828\" height=\"585\" src=\"https:\/\/adamasglobal.org\/wp-content\/uploads\/2023\/03\/LOC-TAN-FARM-compressed-compressed.jpg\" class=\"attachment-large size-large\" alt=\"LOC-TAN-FARM\" loading=\"lazy\" srcset=\"https:\/\/adamasglobal.org\/wp-content\/uploads\/2023\/03\/LOC-TAN-FARM-compressed-compressed.jpg 1000w, https:\/\/adamasglobal.org\/wp-content\/uploads\/2023\/03\/LOC-TAN-FARM-compressed-compressed-300x212.jpg 300w, https:\/\/adamasglobal.org\/wp-content\/uploads\/2023\/03\/LOC-TAN-FARM-compressed-compressed-768x543.jpg 768w, https:\/\/adamasglobal.org\/wp-content\/uploads\/2023\/03\/LOC-TAN-FARM-compressed-compressed-150x106.jpg 150w\" sizes=\"(max-width: 828px) 100vw, 828px\" \/>\t\t\t\t\t\t\t\t<\/a>\n\t\t\t\t\t\t\t\t\t\t\t\t\t\t<\/div>\n\t\t\t\t\t\t<\/div>\n\t\t\t\t<\/div>\n\t\t\t\t<div class=\"elementor-element elementor-element-c6b6832 elementor-widget elementor-widget-heading\" data-id=\"c6b6832\" data-element_type=\"widget\" data-widget_type=\"heading.default\">\n\t\t\t\t<div class=\"elementor-widget-container\">\n\t\t\t<h3 class=\"elementor-heading-title elementor-size-default\"><a href=\"https:\/\/adamasglobal.org\/bat-dong-san-lam-dong\/loc-tan-farm-38\">L\u1ed8C T\u00c2N FARM 38<\/a><\/h3>\t\t<\/div>\n\t\t\t\t<\/div>\n\t\t\t\t<div class=\"elementor-element elementor-element-2f748d2 elementor-widget elementor-widget-text-editor\" data-id=\"2f748d2\" data-element_type=\"widget\" data-widget_type=\"text-editor.default\">\n\t\t\t\t<div class=\"elementor-widget-container\">\n\t\t\t\t\t\t\t\t<div class=\"elementor-text-editor elementor-clearfix\">\n\t\t\t\t<div style=\"font-size: 18px; line-height: 30px;text-align: justify;\">\n\nL\u1ed9c T\u00e2n Farm 38 g\u1ed3m nh\u1eefng c\u0103n nh\u00e0 g\u1ed7 thu\u1eadn theo t\u1ef1 nhi\u00ean, chi ph\u00ed r\u1ebb, thi\u1ebft k\u1ebf b\u1ed1 tr\u00ed h\u00e0i h\u00f2a nh\u01b0ng \u0111\u1ea7y \u0111\u1ee7 ti\u1ec7n \u00edch.\n\n<\/div>\t\t\t\t\t<\/div>\n\t\t\t\t\t\t<\/div>\n\t\t\t\t<\/div>\n\t\t\t\t\t\t<\/div>\n\t\t\t\t\t<\/div>\n\t\t<\/div>\n\t\t\t\t\t\t\t\t<\/div>\n\t\t\t\t\t<\/div>\n\t\t<\/section>\n\t\t\t\t<section class=\"elementor-section elementor-top-section elementor-element elementor-element-96061e6 elementor-section-full_width elementor-section-height-default elementor-section-height-default\" data-id=\"96061e6\" data-element_type=\"section\">\n\t\t\t\t\t\t<div class=\"elementor-container elementor-column-gap-custom\">\n\t\t\t\t\t\t\t<div class=\"elementor-row\">\n\t\t\t\t\t<div class=\"elementor-column elementor-col-33 elementor-top-column elementor-element elementor-element-a654083\" data-id=\"a654083\" data-element_type=\"column\">\n\t\t\t<div class=\"elementor-column-wrap\">\n\t\t\t\t\t\t\t<div class=\"elementor-widget-wrap\">\n\t\t\t\t\t\t\t\t<\/div>\n\t\t\t\t\t<\/div>\n\t\t<\/div>\n\t\t\t\t<div class=\"elementor-column elementor-col-33 elementor-top-column elementor-element elementor-element-9db26fa elementor-hidden-desktop elementor-hidden-tablet elementor-hidden-mobile\" data-id=\"9db26fa\" data-element_type=\"column\">\n\t\t\t<div class=\"elementor-column-wrap elementor-element-populated\">\n\t\t\t\t\t\t\t<div class=\"elementor-widget-wrap\">\n\t\t\t\t\t\t<div class=\"elementor-element elementor-element-b678aec elementor-widget elementor-widget-image\" data-id=\"b678aec\" data-element_type=\"widget\" data-widget_type=\"image.default\">\n\t\t\t\t<div class=\"elementor-widget-container\">\n\t\t\t\t\t\t\t\t<div class=\"elementor-image\">\n\t\t\t\t\t\t\t\t\t\t\t\t\t<a href=\"https:\/\/adamasglobal.org\/bat-dong-san-lam-dong\/doi-mong-mo\">\n\t\t\t\t\t\t\t<img decoding=\"async\" width=\"828\" height=\"585\" src=\"https:\/\/adamasglobal.org\/wp-content\/uploads\/2021\/10\/image-087-compressed-2.jpg\" class=\"attachment-large size-large\" alt=\"B\u00c1T \u0110\u1ed8NG S\u1ea2N L\u00c2M \u0110\u1ed2NG \u0110\u1ed2I M\u1ed8NG M\u01a0 - ADAMAS GLOBAL INVESTMENT\" loading=\"lazy\" srcset=\"https:\/\/adamasglobal.org\/wp-content\/uploads\/2021\/10\/image-087-compressed-2.jpg 1000w, https:\/\/adamasglobal.org\/wp-content\/uploads\/2021\/10\/image-087-compressed-2-300x212.jpg 300w, https:\/\/adamasglobal.org\/wp-content\/uploads\/2021\/10\/image-087-compressed-2-768x543.jpg 768w, https:\/\/adamasglobal.org\/wp-content\/uploads\/2021\/10\/image-087-compressed-2-150x106.jpg 150w\" sizes=\"(max-width: 828px) 100vw, 828px\" \/>\t\t\t\t\t\t\t\t<\/a>\n\t\t\t\t\t\t\t\t\t\t\t\t\t\t<\/div>\n\t\t\t\t\t\t<\/div>\n\t\t\t\t<\/div>\n\t\t\t\t<div class=\"elementor-element elementor-element-8d84cd3 elementor-widget elementor-widget-heading\" data-id=\"8d84cd3\" data-element_type=\"widget\" data-widget_type=\"heading.default\">\n\t\t\t\t<div class=\"elementor-widget-container\">\n\t\t\t<h3 class=\"elementor-heading-title elementor-size-default\"><a href=\"https:\/\/adamasglobal.org\/bat-dong-san-lam-dong\/doi-mong-mo\">\u0110\u1ed2I M\u1ed8NG M\u01a0<\/a><\/h3>\t\t<\/div>\n\t\t\t\t<\/div>\n\t\t\t\t<div class=\"elementor-element elementor-element-1647425 elementor-widget elementor-widget-text-editor\" data-id=\"1647425\" data-element_type=\"widget\" data-widget_type=\"text-editor.default\">\n\t\t\t\t<div class=\"elementor-widget-container\">\n\t\t\t\t\t\t\t\t<div class=\"elementor-text-editor elementor-clearfix\">\n\t\t\t\t<div style=\"font-size: 18px; line-height: 30px; text-align: justify;\">\n\n\u0110\u1ed3i M\u1ed9ng M\u01a1 \u0111\u01b0\u1ee3c th\u1eeba h\u01b0\u1edfng nhi\u1ec1u thu\u1eadn l\u1ee3i c\u1ee7a v\u1ecb tr\u00ed c\u00f3 view to\u00e0n khu v\u1ef1c r\u1ea5t \u0111\u1eb9p, c\u00e1c \u0111i\u1ec3m check-in n\u1ed5i ti\u1ebfng, ph\u00f9 h\u1ee3p v\u1edbi c\u00e1c m\u00f4 h\u00ecnh c\u1eafm tr\u1ea1i, ngh\u1ec9 d\u01b0\u1ee1ng g\u1ea7n g\u0169i v\u1edbi thi\u00ean nhi\u00ean trong l\u00e0nh. \n\n<\/div>\t\t\t\t\t<\/div>\n\t\t\t\t\t\t<\/div>\n\t\t\t\t<\/div>\n\t\t\t\t\t\t<\/div>\n\t\t\t\t\t<\/div>\n\t\t<\/div>\n\t\t\t\t<div class=\"elementor-column elementor-col-33 elementor-top-column elementor-element elementor-element-a119f7b\" data-id=\"a119f7b\" data-element_type=\"column\">\n\t\t\t<div class=\"elementor-column-wrap\">\n\t\t\t\t\t\t\t<div class=\"elementor-widget-wrap\">\n\t\t\t\t\t\t\t\t<\/div>\n\t\t\t\t\t<\/div>\n\t\t<\/div>\n\t\t\t\t\t\t\t\t<\/div>\n\t\t\t\t\t<\/div>\n\t\t<\/section>\n\t\t\t\t\t\t<\/div>\n\t\t\t\t\t\t<\/div>\n\t\t\t\t\t<\/div>\n\t\t","protected":false},"excerpt":{"rendered":"<p>CHU\u1ed6I D\u1ef0 \u00c1N NGH\u1ec8 D\u01af\u1ee0NG \u0110\u1eb8P NH\u1ea4T C\u1ee6A ADAMAS T\u1ea0I B\u1ea2O L\u1ed8C &#8211; L\u00c2M \u0110\u1ed2NG GREEN LIFE 1 Green Life 1 \u0111\u01b0\u1ee3c th\u1eeba h\u01b0\u1edfng nhi\u1ec1u thu\u1eadn l\u1ee3i v\u1edbi t\u1ed1c \u0111\u1ed9 ph\u00e1t tri\u1ec3n nhanh ch\u00f3ng tr\u00ean l\u1ed9 tr\u00ecnh \u0111\u01b0a th\u00e0nh ph\u1ed1 B\u1ea3o L\u1ed9c th\u00e0nh \u0111\u00f4 th\u1ecb t\u1ec9nh l\u1ef5 c\u1ee7a L\u00e2m \u0110\u1ed3ng, TP \u0110\u00e0 L\u1ea1t ph\u00e1t tri\u1ec3n&#8230;<\/p>\n","protected":false},"author":1,"featured_media":0,"parent":0,"menu_order":0,"comment_status":"closed","ping_status":"closed","template":"elementor_header_footer","meta":[],"yoast_head":"<!-- This site is optimized with the Yoast SEO plugin v21.1 - https:\/\/yoast.com\/wordpress\/plugins\/seo\/ -->\n<title>REAL ESTATE IN VIETNAM - ADAMAS GLOBAL INVESTMENT<\/title>\n<meta name=\"robots\" content=\"index, follow, max-snippet:-1, max-image-preview:large, max-video-preview:-1\" \/>\n<link rel=\"canonical\" href=\"https:\/\/adamasglobal.org\/bat-dong-san-trong-nuoc\" \/>\n<meta property=\"og:locale\" content=\"en_US\" \/>\n<meta property=\"og:type\" content=\"article\" \/>\n<meta property=\"og:title\" content=\"REAL ESTATE IN VIETNAM - ADAMAS GLOBAL INVESTMENT\" \/>\n<meta property=\"og:description\" content=\"CHU\u1ed6I D\u1ef0 \u00c1N NGH\u1ec8 D\u01af\u1ee0NG \u0110\u1eb8P NH\u1ea4T C\u1ee6A ADAMAS T\u1ea0I B\u1ea2O L\u1ed8C &#8211; L\u00c2M \u0110\u1ed2NG GREEN LIFE 1 Green Life 1 \u0111\u01b0\u1ee3c th\u1eeba h\u01b0\u1edfng nhi\u1ec1u thu\u1eadn l\u1ee3i v\u1edbi t\u1ed1c \u0111\u1ed9 ph\u00e1t tri\u1ec3n nhanh ch\u00f3ng tr\u00ean l\u1ed9 tr\u00ecnh \u0111\u01b0a th\u00e0nh ph\u1ed1 B\u1ea3o L\u1ed9c th\u00e0nh \u0111\u00f4 th\u1ecb t\u1ec9nh l\u1ef5 c\u1ee7a L\u00e2m \u0110\u1ed3ng, TP \u0110\u00e0 L\u1ea1t ph\u00e1t tri\u1ec3n...\" \/>\n<meta property=\"og:url\" content=\"https:\/\/adamasglobal.org\/bat-dong-san-trong-nuoc\" \/>\n<meta property=\"og:site_name\" content=\"ADAMAS GLOBAL INVESTMENT\" \/>\n<meta property=\"article:modified_time\" content=\"2023-10-07T13:56:03+00:00\" \/>\n<meta property=\"og:image\" content=\"https:\/\/adamasglobal.org\/wp-content\/uploads\/2021\/01\/slider_1-compressed.jpg\" \/>\n<meta name=\"twitter:card\" content=\"summary_large_image\" \/>\n<meta name=\"twitter:label1\" content=\"Est. reading time\" \/>\n\t<meta name=\"twitter:data1\" content=\"2 minutes\" \/>\n<script type=\"application\/ld+json\" class=\"yoast-schema-graph\">{\"@context\":\"https:\/\/schema.org\",\"@graph\":[{\"@type\":\"WebPage\",\"@id\":\"https:\/\/adamasglobal.org\/bat-dong-san-trong-nuoc\",\"url\":\"https:\/\/adamasglobal.org\/bat-dong-san-trong-nuoc\",\"name\":\"REAL ESTATE IN VIETNAM - ADAMAS GLOBAL INVESTMENT\",\"isPartOf\":{\"@id\":\"https:\/\/adamasglobal.org\/#website\"},\"datePublished\":\"2021-01-19T05:13:22+00:00\",\"dateModified\":\"2023-10-07T13:56:03+00:00\",\"breadcrumb\":{\"@id\":\"https:\/\/adamasglobal.org\/bat-dong-san-trong-nuoc#breadcrumb\"},\"inLanguage\":\"en-US\",\"potentialAction\":[{\"@type\":\"ReadAction\",\"target\":[\"https:\/\/adamasglobal.org\/bat-dong-san-trong-nuoc\"]}]},{\"@type\":\"BreadcrumbList\",\"@id\":\"https:\/\/adamasglobal.org\/bat-dong-san-trong-nuoc#breadcrumb\",\"itemListElement\":[{\"@type\":\"ListItem\",\"position\":1,\"name\":\"Home\",\"item\":\"https:\/\/adamasglobal.org\/\"},{\"@type\":\"ListItem\",\"position\":2,\"name\":\"[:vi]B\u1ea4T \u0110\u1ed8NG S\u1ea2N TRONG N\u01af\u1edaC[:en]REAL ESTATE IN VIETNAM[:]\"}]},{\"@type\":\"WebSite\",\"@id\":\"https:\/\/adamasglobal.org\/#website\",\"url\":\"https:\/\/adamasglobal.org\/\",\"name\":\"ADAMAS GLOBAL INVESTMENT\",\"description\":\"\",\"publisher\":{\"@id\":\"https:\/\/adamasglobal.org\/#organization\"},\"potentialAction\":[{\"@type\":\"SearchAction\",\"target\":{\"@type\":\"EntryPoint\",\"urlTemplate\":\"https:\/\/adamasglobal.org\/?s={search_term_string}\"},\"query-input\":\"required name=search_term_string\"}],\"inLanguage\":\"en-US\"},{\"@type\":\"Organization\",\"@id\":\"https:\/\/adamasglobal.org\/#organization\",\"name\":\"C\u00d4NG TY \u0110\u1ea6U T\u01af B\u1ea4T \u0110\u1ed8NG S\u1ea2N QU\u1ed0C T\u1ebe ADAMAS\",\"url\":\"https:\/\/adamasglobal.org\/\",\"logo\":{\"@type\":\"ImageObject\",\"inLanguage\":\"en-US\",\"@id\":\"https:\/\/adamasglobal.org\/#\/schema\/logo\/image\/\",\"url\":\"https:\/\/adamasglobal.org\/wp-content\/uploads\/2020\/02\/adamas-logo-new-400.png\",\"contentUrl\":\"https:\/\/adamasglobal.org\/wp-content\/uploads\/2020\/02\/adamas-logo-new-400.png\",\"width\":600,\"height\":209,\"caption\":\"C\u00d4NG TY \u0110\u1ea6U T\u01af B\u1ea4T \u0110\u1ed8NG S\u1ea2N QU\u1ed0C T\u1ebe ADAMAS\"},\"image\":{\"@id\":\"https:\/\/adamasglobal.org\/#\/schema\/logo\/image\/\"}}]}<\/script>\n<!-- \/ Yoast SEO plugin. -->","yoast_head_json":{"title":"REAL ESTATE IN VIETNAM - ADAMAS GLOBAL INVESTMENT","robots":{"index":"index","follow":"follow","max-snippet":"max-snippet:-1","max-image-preview":"max-image-preview:large","max-video-preview":"max-video-preview:-1"},"canonical":"https:\/\/adamasglobal.org\/bat-dong-san-trong-nuoc","og_locale":"en_US","og_type":"article","og_title":"REAL ESTATE IN VIETNAM - ADAMAS GLOBAL INVESTMENT","og_description":"CHU\u1ed6I D\u1ef0 \u00c1N NGH\u1ec8 D\u01af\u1ee0NG \u0110\u1eb8P NH\u1ea4T C\u1ee6A ADAMAS T\u1ea0I B\u1ea2O L\u1ed8C &#8211; L\u00c2M \u0110\u1ed2NG GREEN LIFE 1 Green Life 1 \u0111\u01b0\u1ee3c th\u1eeba h\u01b0\u1edfng nhi\u1ec1u thu\u1eadn l\u1ee3i v\u1edbi t\u1ed1c \u0111\u1ed9 ph\u00e1t tri\u1ec3n nhanh ch\u00f3ng tr\u00ean l\u1ed9 tr\u00ecnh \u0111\u01b0a th\u00e0nh ph\u1ed1 B\u1ea3o L\u1ed9c th\u00e0nh \u0111\u00f4 th\u1ecb t\u1ec9nh l\u1ef5 c\u1ee7a L\u00e2m \u0110\u1ed3ng, TP \u0110\u00e0 L\u1ea1t ph\u00e1t tri\u1ec3n...","og_url":"https:\/\/adamasglobal.org\/bat-dong-san-trong-nuoc","og_site_name":"ADAMAS GLOBAL INVESTMENT","article_modified_time":"2023-10-07T13:56:03+00:00","og_image":[{"url":"https:\/\/adamasglobal.org\/wp-content\/uploads\/2021\/01\/slider_1-compressed.jpg"}],"twitter_card":"summary_large_image","twitter_misc":{"Est. reading time":"2 minutes"},"schema":{"@context":"https:\/\/schema.org","@graph":[{"@type":"WebPage","@id":"https:\/\/adamasglobal.org\/bat-dong-san-trong-nuoc","url":"https:\/\/adamasglobal.org\/bat-dong-san-trong-nuoc","name":"REAL ESTATE IN VIETNAM - ADAMAS GLOBAL INVESTMENT","isPartOf":{"@id":"https:\/\/adamasglobal.org\/#website"},"datePublished":"2021-01-19T05:13:22+00:00","dateModified":"2023-10-07T13:56:03+00:00","breadcrumb":{"@id":"https:\/\/adamasglobal.org\/bat-dong-san-trong-nuoc#breadcrumb"},"inLanguage":"en-US","potentialAction":[{"@type":"ReadAction","target":["https:\/\/adamasglobal.org\/bat-dong-san-trong-nuoc"]}]},{"@type":"BreadcrumbList","@id":"https:\/\/adamasglobal.org\/bat-dong-san-trong-nuoc#breadcrumb","itemListElement":[{"@type":"ListItem","position":1,"name":"Home","item":"https:\/\/adamasglobal.org\/"},{"@type":"ListItem","position":2,"name":"[:vi]B\u1ea4T \u0110\u1ed8NG S\u1ea2N TRONG N\u01af\u1edaC[:en]REAL ESTATE IN VIETNAM[:]"}]},{"@type":"WebSite","@id":"https:\/\/adamasglobal.org\/#website","url":"https:\/\/adamasglobal.org\/","name":"ADAMAS GLOBAL INVESTMENT","description":"","publisher":{"@id":"https:\/\/adamasglobal.org\/#organization"},"potentialAction":[{"@type":"SearchAction","target":{"@type":"EntryPoint","urlTemplate":"https:\/\/adamasglobal.org\/?s={search_term_string}"},"query-input":"required name=search_term_string"}],"inLanguage":"en-US"},{"@type":"Organization","@id":"https:\/\/adamasglobal.org\/#organization","name":"C\u00d4NG TY \u0110\u1ea6U T\u01af B\u1ea4T \u0110\u1ed8NG S\u1ea2N QU\u1ed0C T\u1ebe ADAMAS","url":"https:\/\/adamasglobal.org\/","logo":{"@type":"ImageObject","inLanguage":"en-US","@id":"https:\/\/adamasglobal.org\/#\/schema\/logo\/image\/","url":"https:\/\/adamasglobal.org\/wp-content\/uploads\/2020\/02\/adamas-logo-new-400.png","contentUrl":"https:\/\/adamasglobal.org\/wp-content\/uploads\/2020\/02\/adamas-logo-new-400.png","width":600,"height":209,"caption":"C\u00d4NG TY \u0110\u1ea6U T\u01af B\u1ea4T \u0110\u1ed8NG S\u1ea2N QU\u1ed0C T\u1ebe ADAMAS"},"image":{"@id":"https:\/\/adamasglobal.org\/#\/schema\/logo\/image\/"}}]}},"_links":{"self":[{"href":"https:\/\/adamasglobal.org\/en\/wp-json\/wp\/v2\/pages\/15403"}],"collection":[{"href":"https:\/\/adamasglobal.org\/en\/wp-json\/wp\/v2\/pages"}],"about":[{"href":"https:\/\/adamasglobal.org\/en\/wp-json\/wp\/v2\/types\/page"}],"author":[{"embeddable":true,"href":"https:\/\/adamasglobal.org\/en\/wp-json\/wp\/v2\/users\/1"}],"replies":[{"embeddable":true,"href":"https:\/\/adamasglobal.org\/en\/wp-json\/wp\/v2\/comments?post=15403"}],"version-history":[{"count":71,"href":"https:\/\/adamasglobal.org\/en\/wp-json\/wp\/v2\/pages\/15403\/revisions"}],"predecessor-version":[{"id":19343,"href":"https:\/\/adamasglobal.org\/en\/wp-json\/wp\/v2\/pages\/15403\/revisions\/19343"}],"wp:attachment":[{"href":"https:\/\/adamasglobal.org\/en\/wp-json\/wp\/v2\/media?parent=15403"}],"curies":[{"name":"wp","href":"https:\/\/api.w.org\/{rel}","templated":true}]}}