{"id":14763,"date":"2020-08-21T14:19:14","date_gmt":"2020-08-21T07:19:14","guid":{"rendered":"https:\/\/adamasglobal.org\/?page_id=14763"},"modified":"2020-08-21T15:05:15","modified_gmt":"2020-08-21T08:05:15","slug":"elementor-14763","status":"publish","type":"page","link":"https:\/\/adamasglobal.org\/en\/elementor-14763","title":{"rendered":"WEBINAR  B\u1ea4T \u0110\u1ed8NG S\u1ea2N S\u00cdP \u2013 HY L\u1ea0P"},"content":{"rendered":"<div data-elementor-type=\"wp-page\" data-elementor-id=\"14763\" class=\"elementor elementor-14763\" data-elementor-settings=\"[]\">\n\t\t\t\t\t\t<div class=\"elementor-inner\">\n\t\t\t\t\t\t\t<div class=\"elementor-section-wrap\">\n\t\t\t\t\t\t\t<section class=\"elementor-section elementor-top-section elementor-element elementor-element-5d34a63 elementor-section-boxed elementor-section-height-default elementor-section-height-default\" data-id=\"5d34a63\" data-element_type=\"section\">\n\t\t\t\t\t\t\t<div class=\"elementor-background-overlay\"><\/div>\n\t\t\t\t\t\t\t<div class=\"elementor-container elementor-column-gap-default\">\n\t\t\t\t\t\t\t<div class=\"elementor-row\">\n\t\t\t\t\t<div class=\"elementor-column elementor-col-50 elementor-top-column elementor-element elementor-element-bbceec5\" data-id=\"bbceec5\" data-element_type=\"column\">\n\t\t\t<div class=\"elementor-column-wrap elementor-element-populated\">\n\t\t\t\t\t\t\t<div class=\"elementor-widget-wrap\">\n\t\t\t\t\t\t<div class=\"elementor-element elementor-element-13b8047 elementor-widget elementor-widget-heading\" data-id=\"13b8047\" data-element_type=\"widget\" data-widget_type=\"heading.default\">\n\t\t\t\t<div class=\"elementor-widget-container\">\n\t\t\t<h2 class=\"elementor-heading-title elementor-size-large\">WEBINAR<\/h2>\t\t<\/div>\n\t\t\t\t<\/div>\n\t\t\t\t<div class=\"elementor-element elementor-element-c5645dd elementor-widget-divider--view-line elementor-widget elementor-widget-divider\" data-id=\"c5645dd\" data-element_type=\"widget\" data-widget_type=\"divider.default\">\n\t\t\t\t<div class=\"elementor-widget-container\">\n\t\t\t\t\t<div class=\"elementor-divider\">\n\t\t\t<span class=\"elementor-divider-separator\">\n\t\t\t\t\t\t<\/span>\n\t\t<\/div>\n\t\t\t\t<\/div>\n\t\t\t\t<\/div>\n\t\t\t\t<div class=\"elementor-element elementor-element-406110e elementor-widget elementor-widget-heading\" data-id=\"406110e\" data-element_type=\"widget\" data-widget_type=\"heading.default\">\n\t\t\t\t<div class=\"elementor-widget-container\">\n\t\t\t<h2 class=\"elementor-heading-title elementor-size-xxl\">B\u1ea4T \u0110\u1ed8NG S\u1ea2N <br>\nS\u00cdP - HY L\u1ea0P <br>\n\u01afU \u0110\u00c3I V\u1ec0 THU\u1ebe<\/h2>\t\t<\/div>\n\t\t\t\t<\/div>\n\t\t\t\t\t\t<\/div>\n\t\t\t\t\t<\/div>\n\t\t<\/div>\n\t\t\t\t<div class=\"elementor-column elementor-col-50 elementor-top-column elementor-element elementor-element-7de1a93\" data-id=\"7de1a93\" data-element_type=\"column\">\n\t\t\t<div class=\"elementor-column-wrap elementor-element-populated\">\n\t\t\t\t\t\t\t<div class=\"elementor-widget-wrap\">\n\t\t\t\t\t\t<div class=\"elementor-element elementor-element-eefdbe2 elementor-widget elementor-widget-heading\" data-id=\"eefdbe2\" data-element_type=\"widget\" data-widget_type=\"heading.default\">\n\t\t\t\t<div class=\"elementor-widget-container\">\n\t\t\t<h2 class=\"elementor-heading-title elementor-size-large\">T\u00d4I MU\u1ed0N THAM D\u1ef0 H\u1ed8I TH\u1ea2O<\/h2>\t\t<\/div>\n\t\t\t\t<\/div>\n\t\t\t\t<div class=\"elementor-element elementor-element-1392541 elementor-widget elementor-widget-html\" data-id=\"1392541\" data-element_type=\"widget\" data-widget_type=\"html.default\">\n\t\t\t\t<div class=\"elementor-widget-container\">\n\t\t\t<div class='fluentform ff-default fluentform_wrapper_7 ffs_default_wrap'><form data-form_id=\"7\" id=\"fluentform_7\" class=\"frm-fluent-form fluent_form_7 ff-el-form-top ff_form_instance_7_1 ff-form-loading ffs_default\" data-form_instance=\"ff_form_instance_7_1\" method=\"POST\" ><fieldset  style=\"border: none!important;margin: 0!important;padding: 0!important;background-color: transparent!important;box-shadow: none!important;outline: none!important; min-inline-size: 100%;\">\n                    <legend class=\"ff_screen_reader_title\" style=\"display: block; margin: 0!important;padding: 0!important;height: 0!important;text-indent: -999999px;width: 0!important;overflow:hidden;\">WEBINAR<\/legend><input type='hidden' name='__fluent_form_embded_post_id' value='14763' \/><input type=\"hidden\" id=\"_fluentform_7_fluentformnonce\" name=\"_fluentform_7_fluentformnonce\" value=\"99910f5159\" \/><input type=\"hidden\" name=\"_wp_http_referer\" value=\"\/en\/wp-json\/wp\/v2\/pages\/14763\" \/><div data-type=\"name-element\" data-name=\"names\" class=\" ff-field_container ff-name-field-wrapper\" ><div class='ff-t-container'><div class='ff-t-cell '><div class='ff-el-group  ff-el-form-hide_label'><div class=\"ff-el-input--label ff-el-is-required asterisk-right\"><label for='ff_7_names_first_name_' >Full Name<\/label><\/div><div class='ff-el-input--content'><input type=\"text\" name=\"names[first_name]\" id=\"ff_7_names_first_name_\" class=\"ff-el-form-control\" placeholder=\"Full Name\" aria-invalid=\"false\" aria-required=true><\/div><\/div><\/div><\/div><\/div><div data-type=\"name-element\" data-name=\"phone\" class=\" ff-field_container ff-name-field-wrapper\" ><div class='ff-t-container'><div class='ff-t-cell '><div class='ff-el-group  ff-el-form-hide_label'><div class=\"ff-el-input--label ff-el-is-required asterisk-right\"><label for='ff_7_phone_first_name_' >Phone<\/label><\/div><div class='ff-el-input--content'><input type=\"text\" name=\"phone[first_name]\" id=\"ff_7_phone_first_name_\" class=\"ff-el-form-control\" placeholder=\"Phone\" aria-invalid=\"false\" aria-required=true><\/div><\/div><\/div><\/div><\/div><div class='ff-el-group ff-el-form-hide_label'><div class=\"ff-el-input--label ff-el-is-required asterisk-right\"><label for='ff_7_email' aria-label=\"Email\">Email<\/label><\/div><div class='ff-el-input--content'><input type=\"email\" name=\"email\" id=\"ff_7_email\" class=\"ff-el-form-control\" placeholder=\"Email\" data-name=\"email\"  aria-invalid=\"false\" aria-required=true><\/div><\/div><div class='ff-el-group ff-el-form-hide_label'><div class=\"ff-el-input--label asterisk-right\"><label for='ff_7_description' aria-label=\"L\u1eddi nh\u1eafn\">L\u1eddi nh\u1eafn<\/label><\/div><div class='ff-el-input--content'><textarea aria-invalid=\"false\" aria-required=false name=\"description\" id=\"ff_7_description\" class=\"ff-el-form-control\" placeholder=\"L\u1eddi nh\u1eafn\" rows=\"4\" cols=\"2\" data-name=\"description\" ><\/textarea><\/div><\/div><div class='ff-el-group ff-text-center ff_submit_btn_wrapper'><button type=\"submit\" class=\"ff-btn ff-btn-submit ff-btn-lg ff_btn_style wpf_has_custom_css\" >\u0110\u0103ng k\u00fd<\/button><\/div><\/fieldset><\/form><div id='fluentform_7_errors' class='ff-errors-in-stack ff_form_instance_7_1 ff-form-loading_errors ff_form_instance_7_1_errors'><\/div><\/div>            <script type=\"text\/javascript\">\n                window.fluent_form_ff_form_instance_7_1 = {\"id\":\"7\",\"settings\":{\"layout\":{\"labelPlacement\":\"top\",\"helpMessagePlacement\":\"with_label\",\"errorMessagePlacement\":\"inline\"},\"id\":\"13\",\"restrictions\":{\"denyEmptySubmission\":{\"enabled\":false}}},\"form_instance\":\"ff_form_instance_7_1\",\"form_id_selector\":\"fluentform_7\",\"rules\":{\"names[first_name]\":{\"required\":{\"value\":true,\"message\":\"Xin vui l\\u00f2ng \\u0111i\\u1ec1n \\u0111\\u1ea7y \\u0111\\u1ee7 c\\u00e1c m\\u1ee5c b\\u1eaft bu\\u1ed9c n\\u00e0y\"}},\"names[middle_name]\":{\"required\":{\"value\":false,\"message\":\"This field is required\"}},\"names[last_name]\":{\"required\":{\"value\":false,\"message\":\"This field is required\"}},\"phone[first_name]\":{\"required\":{\"value\":true,\"message\":\"Xin vui l\\u00f2ng \\u0111i\\u1ec1n \\u0111\\u1ea7y \\u0111\\u1ee7 c\\u00e1c m\\u1ee5c b\\u1eaft bu\\u1ed9c n\\u00e0y\"}},\"phone[middle_name]\":{\"required\":{\"value\":false,\"message\":\"This field is required\"}},\"phone[last_name]\":{\"required\":{\"value\":false,\"message\":\"This field is required\"}},\"email\":{\"required\":{\"value\":true,\"message\":\"Xin vui l\\u00f2ng \\u0111i\\u1ec1n \\u0111\\u1ea7y \\u0111\\u1ee7 c\\u00e1c m\\u1ee5c b\\u1eaft bu\\u1ed9c n\\u00e0y\"},\"email\":{\"value\":true,\"message\":\"This field must contain a valid email\"}},\"description\":{\"required\":{\"value\":false,\"message\":\"This field is required\"}}},\"debounce_time\":300};\n                            <\/script>\n            \t\t<\/div>\n\t\t\t\t<\/div>\n\t\t\t\t\t\t<\/div>\n\t\t\t\t\t<\/div>\n\t\t<\/div>\n\t\t\t\t\t\t\t\t<\/div>\n\t\t\t\t\t<\/div>\n\t\t<\/section>\n\t\t\t\t<section class=\"elementor-section elementor-top-section elementor-element elementor-element-f9f301d elementor-section-boxed elementor-section-height-default elementor-section-height-default\" data-id=\"f9f301d\" data-element_type=\"section\">\n\t\t\t\t\t\t<div class=\"elementor-container elementor-column-gap-default\">\n\t\t\t\t\t\t\t<div class=\"elementor-row\">\n\t\t\t\t\t<div class=\"elementor-column elementor-col-50 elementor-top-column elementor-element elementor-element-e726726\" data-id=\"e726726\" data-element_type=\"column\">\n\t\t\t<div class=\"elementor-column-wrap\">\n\t\t\t\t\t\t\t<div class=\"elementor-widget-wrap\">\n\t\t\t\t\t\t\t\t<\/div>\n\t\t\t\t\t<\/div>\n\t\t<\/div>\n\t\t\t\t<div class=\"elementor-column elementor-col-50 elementor-top-column elementor-element elementor-element-fba473c\" data-id=\"fba473c\" data-element_type=\"column\">\n\t\t\t<div class=\"elementor-column-wrap\">\n\t\t\t\t\t\t\t<div class=\"elementor-widget-wrap\">\n\t\t\t\t\t\t\t\t<\/div>\n\t\t\t\t\t<\/div>\n\t\t<\/div>\n\t\t\t\t\t\t\t\t<\/div>\n\t\t\t\t\t<\/div>\n\t\t<\/section>\n\t\t\t\t\t\t<\/div>\n\t\t\t\t\t\t<\/div>\n\t\t\t\t\t<\/div>","protected":false},"excerpt":{"rendered":"<p>WEBINAR B\u1ea4T \u0110\u1ed8NG S\u1ea2N S\u00cdP &#8211; HY L\u1ea0P \u01afU \u0110\u00c3I V\u1ec0 THU\u1ebe T\u00d4I MU\u1ed0N THAM D\u1ef0 H\u1ed8I TH\u1ea2O<\/p>\n","protected":false},"author":1,"featured_media":0,"parent":0,"menu_order":0,"comment_status":"closed","ping_status":"closed","template":"elementor_header_footer","meta":[],"yoast_head":"<!-- This site is optimized with the Yoast SEO plugin v21.1 - https:\/\/yoast.com\/wordpress\/plugins\/seo\/ -->\n<title>WEBINAR B\u1ea4T \u0110\u1ed8NG S\u1ea2N S\u00cdP \u2013 HY L\u1ea0P - ADAMAS GLOBAL INVESTMENT<\/title>\n<meta name=\"robots\" content=\"index, follow, max-snippet:-1, max-image-preview:large, max-video-preview:-1\" \/>\n<link rel=\"canonical\" href=\"https:\/\/adamasglobal.org\/elementor-14763\" \/>\n<meta property=\"og:locale\" content=\"en_US\" \/>\n<meta property=\"og:type\" content=\"article\" \/>\n<meta property=\"og:title\" content=\"WEBINAR B\u1ea4T \u0110\u1ed8NG S\u1ea2N S\u00cdP \u2013 HY L\u1ea0P - ADAMAS GLOBAL INVESTMENT\" \/>\n<meta property=\"og:description\" content=\"WEBINAR B\u1ea4T \u0110\u1ed8NG S\u1ea2N S\u00cdP &#8211; HY L\u1ea0P \u01afU \u0110\u00c3I V\u1ec0 THU\u1ebe T\u00d4I MU\u1ed0N THAM D\u1ef0 H\u1ed8I TH\u1ea2O\" \/>\n<meta property=\"og:url\" content=\"https:\/\/adamasglobal.org\/elementor-14763\" \/>\n<meta property=\"og:site_name\" content=\"ADAMAS GLOBAL INVESTMENT\" \/>\n<meta property=\"article:modified_time\" content=\"2020-08-21T08:05:15+00:00\" \/>\n<meta name=\"twitter:card\" content=\"summary_large_image\" \/>\n<script type=\"application\/ld+json\" class=\"yoast-schema-graph\">{\"@context\":\"https:\/\/schema.org\",\"@graph\":[{\"@type\":\"WebPage\",\"@id\":\"https:\/\/adamasglobal.org\/elementor-14763\",\"url\":\"https:\/\/adamasglobal.org\/elementor-14763\",\"name\":\"WEBINAR B\u1ea4T \u0110\u1ed8NG S\u1ea2N S\u00cdP \u2013 HY L\u1ea0P - ADAMAS GLOBAL INVESTMENT\",\"isPartOf\":{\"@id\":\"https:\/\/adamasglobal.org\/#website\"},\"datePublished\":\"2020-08-21T07:19:14+00:00\",\"dateModified\":\"2020-08-21T08:05:15+00:00\",\"breadcrumb\":{\"@id\":\"https:\/\/adamasglobal.org\/elementor-14763#breadcrumb\"},\"inLanguage\":\"en-US\",\"potentialAction\":[{\"@type\":\"ReadAction\",\"target\":[\"https:\/\/adamasglobal.org\/elementor-14763\"]}]},{\"@type\":\"BreadcrumbList\",\"@id\":\"https:\/\/adamasglobal.org\/elementor-14763#breadcrumb\",\"itemListElement\":[{\"@type\":\"ListItem\",\"position\":1,\"name\":\"Home\",\"item\":\"https:\/\/adamasglobal.org\/\"},{\"@type\":\"ListItem\",\"position\":2,\"name\":\"WEBINAR B\u1ea4T \u0110\u1ed8NG S\u1ea2N S\u00cdP \u2013 HY L\u1ea0P\"}]},{\"@type\":\"WebSite\",\"@id\":\"https:\/\/adamasglobal.org\/#website\",\"url\":\"https:\/\/adamasglobal.org\/\",\"name\":\"ADAMAS GLOBAL INVESTMENT\",\"description\":\"\",\"publisher\":{\"@id\":\"https:\/\/adamasglobal.org\/#organization\"},\"potentialAction\":[{\"@type\":\"SearchAction\",\"target\":{\"@type\":\"EntryPoint\",\"urlTemplate\":\"https:\/\/adamasglobal.org\/?s={search_term_string}\"},\"query-input\":\"required name=search_term_string\"}],\"inLanguage\":\"en-US\"},{\"@type\":\"Organization\",\"@id\":\"https:\/\/adamasglobal.org\/#organization\",\"name\":\"C\u00d4NG TY \u0110\u1ea6U T\u01af B\u1ea4T \u0110\u1ed8NG S\u1ea2N QU\u1ed0C T\u1ebe ADAMAS\",\"url\":\"https:\/\/adamasglobal.org\/\",\"logo\":{\"@type\":\"ImageObject\",\"inLanguage\":\"en-US\",\"@id\":\"https:\/\/adamasglobal.org\/#\/schema\/logo\/image\/\",\"url\":\"https:\/\/adamasglobal.org\/wp-content\/uploads\/2020\/02\/adamas-logo-new-400.png\",\"contentUrl\":\"https:\/\/adamasglobal.org\/wp-content\/uploads\/2020\/02\/adamas-logo-new-400.png\",\"width\":600,\"height\":209,\"caption\":\"C\u00d4NG TY \u0110\u1ea6U T\u01af B\u1ea4T \u0110\u1ed8NG S\u1ea2N QU\u1ed0C T\u1ebe ADAMAS\"},\"image\":{\"@id\":\"https:\/\/adamasglobal.org\/#\/schema\/logo\/image\/\"}}]}<\/script>\n<!-- \/ Yoast SEO plugin. -->","yoast_head_json":{"title":"WEBINAR B\u1ea4T \u0110\u1ed8NG S\u1ea2N S\u00cdP \u2013 HY L\u1ea0P - ADAMAS GLOBAL INVESTMENT","robots":{"index":"index","follow":"follow","max-snippet":"max-snippet:-1","max-image-preview":"max-image-preview:large","max-video-preview":"max-video-preview:-1"},"canonical":"https:\/\/adamasglobal.org\/elementor-14763","og_locale":"en_US","og_type":"article","og_title":"WEBINAR B\u1ea4T \u0110\u1ed8NG S\u1ea2N S\u00cdP \u2013 HY L\u1ea0P - ADAMAS GLOBAL INVESTMENT","og_description":"WEBINAR B\u1ea4T \u0110\u1ed8NG S\u1ea2N S\u00cdP &#8211; HY L\u1ea0P \u01afU \u0110\u00c3I V\u1ec0 THU\u1ebe T\u00d4I MU\u1ed0N THAM D\u1ef0 H\u1ed8I TH\u1ea2O","og_url":"https:\/\/adamasglobal.org\/elementor-14763","og_site_name":"ADAMAS GLOBAL INVESTMENT","article_modified_time":"2020-08-21T08:05:15+00:00","twitter_card":"summary_large_image","schema":{"@context":"https:\/\/schema.org","@graph":[{"@type":"WebPage","@id":"https:\/\/adamasglobal.org\/elementor-14763","url":"https:\/\/adamasglobal.org\/elementor-14763","name":"WEBINAR B\u1ea4T \u0110\u1ed8NG S\u1ea2N S\u00cdP \u2013 HY L\u1ea0P - ADAMAS GLOBAL INVESTMENT","isPartOf":{"@id":"https:\/\/adamasglobal.org\/#website"},"datePublished":"2020-08-21T07:19:14+00:00","dateModified":"2020-08-21T08:05:15+00:00","breadcrumb":{"@id":"https:\/\/adamasglobal.org\/elementor-14763#breadcrumb"},"inLanguage":"en-US","potentialAction":[{"@type":"ReadAction","target":["https:\/\/adamasglobal.org\/elementor-14763"]}]},{"@type":"BreadcrumbList","@id":"https:\/\/adamasglobal.org\/elementor-14763#breadcrumb","itemListElement":[{"@type":"ListItem","position":1,"name":"Home","item":"https:\/\/adamasglobal.org\/"},{"@type":"ListItem","position":2,"name":"WEBINAR B\u1ea4T \u0110\u1ed8NG S\u1ea2N S\u00cdP \u2013 HY L\u1ea0P"}]},{"@type":"WebSite","@id":"https:\/\/adamasglobal.org\/#website","url":"https:\/\/adamasglobal.org\/","name":"ADAMAS GLOBAL INVESTMENT","description":"","publisher":{"@id":"https:\/\/adamasglobal.org\/#organization"},"potentialAction":[{"@type":"SearchAction","target":{"@type":"EntryPoint","urlTemplate":"https:\/\/adamasglobal.org\/?s={search_term_string}"},"query-input":"required name=search_term_string"}],"inLanguage":"en-US"},{"@type":"Organization","@id":"https:\/\/adamasglobal.org\/#organization","name":"C\u00d4NG TY \u0110\u1ea6U T\u01af B\u1ea4T \u0110\u1ed8NG S\u1ea2N QU\u1ed0C T\u1ebe ADAMAS","url":"https:\/\/adamasglobal.org\/","logo":{"@type":"ImageObject","inLanguage":"en-US","@id":"https:\/\/adamasglobal.org\/#\/schema\/logo\/image\/","url":"https:\/\/adamasglobal.org\/wp-content\/uploads\/2020\/02\/adamas-logo-new-400.png","contentUrl":"https:\/\/adamasglobal.org\/wp-content\/uploads\/2020\/02\/adamas-logo-new-400.png","width":600,"height":209,"caption":"C\u00d4NG TY \u0110\u1ea6U T\u01af B\u1ea4T \u0110\u1ed8NG S\u1ea2N QU\u1ed0C T\u1ebe ADAMAS"},"image":{"@id":"https:\/\/adamasglobal.org\/#\/schema\/logo\/image\/"}}]}},"_links":{"self":[{"href":"https:\/\/adamasglobal.org\/en\/wp-json\/wp\/v2\/pages\/14763"}],"collection":[{"href":"https:\/\/adamasglobal.org\/en\/wp-json\/wp\/v2\/pages"}],"about":[{"href":"https:\/\/adamasglobal.org\/en\/wp-json\/wp\/v2\/types\/page"}],"author":[{"embeddable":true,"href":"https:\/\/adamasglobal.org\/en\/wp-json\/wp\/v2\/users\/1"}],"replies":[{"embeddable":true,"href":"https:\/\/adamasglobal.org\/en\/wp-json\/wp\/v2\/comments?post=14763"}],"version-history":[{"count":13,"href":"https:\/\/adamasglobal.org\/en\/wp-json\/wp\/v2\/pages\/14763\/revisions"}],"predecessor-version":[{"id":14780,"href":"https:\/\/adamasglobal.org\/en\/wp-json\/wp\/v2\/pages\/14763\/revisions\/14780"}],"wp:attachment":[{"href":"https:\/\/adamasglobal.org\/en\/wp-json\/wp\/v2\/media?parent=14763"}],"curies":[{"name":"wp","href":"https:\/\/api.w.org\/{rel}","templated":true}]}}