{"id":10651,"date":"2020-02-07T08:22:36","date_gmt":"2020-02-07T08:22:36","guid":{"rendered":"https:\/\/adamasglobal.org\/?page_id=10651"},"modified":"2020-05-11T15:54:43","modified_gmt":"2020-05-11T08:54:43","slug":"du-an-skyprime","status":"publish","type":"page","link":"https:\/\/adamasglobal.org\/en\/du-an-skyprime","title":{"rendered":"Skyprime Projects"},"content":{"rendered":"<p>[vc_section][vc_row][vc_column][vc_single_image image=&#8221;10653&#8243; img_size=&#8221;full&#8221; alignment=&#8221;center&#8221;][\/vc_column][\/vc_row][vc_row][vc_column width=&#8221;1\/5&#8243;][\/vc_column][vc_column width=&#8221;3\/5&#8243;][vc_column_text]<\/p>\n<header class=\"entry-header\">\n<h1 class=\"entry-title\" style=\"text-align: center; font-size: 34px; color: #e9bc67; letter-spacing: 2px; line-height: 40px; font-family: initial; padding-bottom: 30px;\">D\u1ef1 \u00c1n Skyprime<\/h1>\n<\/header>\n<p style=\"text-align: center; font-size: 22px; line-height: 40px;\">C\u00e1c d\u1ef1 \u00e1n hi\u1ec7n t\u1ea1i c\u1ee7a SkyPrime, n\u1eb1m \u1edf khu v\u1ef1c Cape Greco, m\u1ed9t v\u00f9ng \u0111\u1ea5t \u1edf b\u1edd bi\u1ec3n ph\u00eda \u0111\u00f4ng nam \u0111\u1ea3o S\u00edp. SkyPrime c\u0169ng \u0111\u00e3 m\u1edf r\u1ed9ng c\u00e1c d\u1ef1 \u00e1n sang khu v\u1ef1c qu\u1ed1c t\u1ebf c\u1ee7a Limassol.<\/p>\n<p>[\/vc_column_text][\/vc_column][vc_column width=&#8221;1\/5&#8243;][\/vc_column][\/vc_row][vc_row][vc_column width=&#8221;1\/6&#8243;][\/vc_column][vc_column width=&#8221;2\/6&#8243; css=&#8221;.vc_custom_1588734183719{margin-top: 5px !important;margin-right: 0px !important;margin-bottom: 5px !important;margin-left: 0px !important;border-top-width: 1px !important;border-right-width: 1px !important;border-bottom-width: 1px !important;border-left-width: 1px !important;border-left-color: #e9bc67 !important;border-left-style: solid !important;border-right-color: #e9bc67 !important;border-right-style: solid !important;border-top-color: #e9bc67 !important;border-top-style: solid !important;border-bottom-color: #e9bc67 !important;border-bottom-style: solid !important;border-radius: 4px !important;}&#8221;][vc_single_image image=&#8221;9226&#8243; img_size=&#8221;full&#8221; alignment=&#8221;center&#8221; onclick=&#8221;custom_link&#8221; link=&#8221;https:\/\/adamasglobal.org\/dao-sip\/bat-dong-san-skyprime\/du-an-love-bridge&#8221;][vc_column_text]<\/p>\n<h3 class=\"elementor-heading-title elementor-size-medium\" style=\"text-align: center;\"><a href=\"https:\/\/adamasglobal.org\/dao-sip\/bat-dong-san-skyprime\/du-an-love-bridge\">LOVE BRIDGE RESIDENCES<\/a><\/h3>\n<p>[\/vc_column_text][\/vc_column][vc_column width=&#8221;2\/6&#8243; css=&#8221;.vc_custom_1588733741943{margin-top: 5px !important;margin-right: 5px !important;margin-bottom: 5px !important;margin-left: 5px !important;border-top-width: 1px !important;border-right-width: 1px !important;border-bottom-width: 1px !important;border-left-width: 1px !important;border-left-color: #e9bc67 !important;border-left-style: solid !important;border-right-color: #e9bc67 !important;border-right-style: solid !important;border-top-color: #e9bc67 !important;border-top-style: solid !important;border-bottom-color: #e9bc67 !important;border-bottom-style: solid !important;border-radius: 4px !important;}&#8221;][vc_single_image image=&#8221;9228&#8243; img_size=&#8221;full&#8221; alignment=&#8221;center&#8221; onclick=&#8221;custom_link&#8221; link=&#8221;https:\/\/adamasglobal.org\/dao-sip\/bat-dong-san-skyprime\/du-an-city-napa\/&#8221;][vc_column_text]<\/p>\n<h3 class=\"elementor-heading-title elementor-size-medium\" style=\"text-align: center;\"><a href=\"https:\/\/adamasglobal.org\/dao-sip\/bat-dong-san-skyprime\/du-an-city-napa\/\">CITY NAPA RESIDENCES<\/a><\/h3>\n<p>[\/vc_column_text][\/vc_column][vc_column width=&#8221;1\/6&#8243;][\/vc_column][\/vc_row][vc_row][vc_column width=&#8221;1\/6&#8243;][\/vc_column][vc_column width=&#8221;2\/6&#8243; css=&#8221;.vc_custom_1588734191436{margin-top: 5px !important;margin-right: 0px !important;margin-bottom: 5px !important;margin-left: 0px !important;border-top-width: 1px !important;border-right-width: 1px !important;border-bottom-width: 1px !important;border-left-width: 1px !important;border-left-color: #e9bc67 !important;border-left-style: solid !important;border-right-color: #e9bc67 !important;border-right-style: solid !important;border-top-color: #e9bc67 !important;border-top-style: solid !important;border-bottom-color: #e9bc67 !important;border-bottom-style: solid !important;border-radius: 4px !important;}&#8221;][vc_single_image image=&#8221;10654&#8243; img_size=&#8221;full&#8221; alignment=&#8221;center&#8221; onclick=&#8221;custom_link&#8221; link=&#8221;https:\/\/adamasglobal.org\/dao-sip\/bat-dong-san-skyprime\/blue-bay-villas\/&#8221;][vc_column_text]<\/p>\n<h3 class=\"elementor-heading-title elementor-size-medium\" style=\"text-align: center;\"><a href=\"https:\/\/adamasglobal.org\/dao-sip\/bat-dong-san-skyprime\/blue-bay-villas\/\">BLUE BAY VILLAS<\/a><\/h3>\n<p>[\/vc_column_text][\/vc_column][vc_column width=&#8221;2\/6&#8243; css=&#8221;.vc_custom_1588734054480{margin-top: 5px !important;margin-right: 5px !important;margin-bottom: 5px !important;margin-left: 5px !important;border-top-width: 1px !important;border-right-width: 1px !important;border-bottom-width: 1px !important;border-left-width: 1px !important;border-left-color: #e9bc67 !important;border-left-style: solid !important;border-right-color: #e9bc67 !important;border-right-style: solid !important;border-top-color: #e9bc67 !important;border-top-style: solid !important;border-bottom-color: #e9bc67 !important;border-bottom-style: solid !important;border-radius: 4px !important;}&#8221;][vc_single_image image=&#8221;10659&#8243; img_size=&#8221;full&#8221; alignment=&#8221;center&#8221; onclick=&#8221;custom_link&#8221; link=&#8221;https:\/\/adamasglobal.org\/dao-sip\/bat-dong-san-skyprime\/cove-residences\/&#8221;][vc_column_text]<\/p>\n<h3 class=\"elementor-heading-title elementor-size-medium\" style=\"text-align: center;\"><a href=\"https:\/\/adamasglobal.org\/dao-sip\/bat-dong-san-skyprime\/cove-residences\/\">COVE RESIDENCES<\/a><\/h3>\n<p>[\/vc_column_text][\/vc_column][vc_column width=&#8221;1\/6&#8243;][\/vc_column][\/vc_row][vc_row][vc_column width=&#8221;1\/6&#8243;][\/vc_column][vc_column width=&#8221;2\/6&#8243; css=&#8221;.vc_custom_1588734270351{margin-top: 5px !important;margin-right: 0px !important;margin-bottom: 5px !important;margin-left: 0px !important;border-top-width: 1px !important;border-right-width: 1px !important;border-bottom-width: 1px !important;border-left-width: 1px !important;border-left-color: #e9bc67 !important;border-left-style: solid !important;border-right-color: #e9bc67 !important;border-right-style: solid !important;border-top-color: #e9bc67 !important;border-top-style: solid !important;border-bottom-color: #e9bc67 !important;border-bottom-style: solid !important;border-radius: 4px !important;}&#8221;][vc_single_image image=&#8221;10660&#8243; img_size=&#8221;full&#8221; alignment=&#8221;center&#8221; onclick=&#8221;custom_link&#8221; link=&#8221;https:\/\/adamasglobal.org\/dao-sip\/bat-dong-san-skyprime\/napa-hills-residences\/&#8221;][vc_column_text]<\/p>\n<h3 class=\"elementor-heading-title elementor-size-medium\" style=\"text-align: center;\"><a href=\"https:\/\/adamasglobal.org\/dao-sip\/bat-dong-san-skyprime\/napa-hills-residences\/\">NAPA HILLS RESIDENCES<\/a><\/h3>\n<p>[\/vc_column_text][\/vc_column][vc_column width=&#8221;2\/6&#8243; css=&#8221;.vc_custom_1588734355091{margin-top: 5px !important;margin-right: 0px !important;margin-bottom: 5px !important;margin-left: 0px !important;border-radius: 4px !important;}&#8221;][\/vc_column][vc_column width=&#8221;1\/6&#8243;][\/vc_column][\/vc_row][vc_row][vc_column][vc_separator color=&#8221;sandy_brown&#8221; el_width=&#8221;50&#8243;][\/vc_column][\/vc_row][vc_row][vc_column width=&#8221;1\/6&#8243;][\/vc_column][vc_column width=&#8221;4\/6&#8243;][vc_column_text]<\/p>\n<h2 class=\"elementor-heading-title elementor-size-medium\" style=\"text-align: center; font-size: 30px; line-height: 35px; font-family: initial;\">PH\u00c1T TRI\u1ec2N B\u1ea4T \u0110\u1ed8NG S\u1ea2N S\u00cdP<\/h2>\n<p>[\/vc_column_text][\/vc_column][vc_column width=&#8221;1\/6&#8243;][\/vc_column][\/vc_row][vc_row][vc_column width=&#8221;1\/6&#8243;][\/vc_column][vc_column width=&#8221;2\/6&#8243;][vc_btn title=&#8221;V\u1ecb tr\u00ed&#8221; style=&#8221;custom&#8221; custom_background=&#8221;&#8221; custom_text=&#8221;#000000&#8243; size=&#8221;lg&#8221; i_icon_fontawesome=&#8221;fa fa-map-marker&#8221; add_icon=&#8221;true&#8221;][vc_column_text]<\/p>\n<p style=\"text-align: justify; font-size: 20px; line-height: 35px;\">SkyPrime t\u1eadp trung v\u00e0o c\u00e1c \u0111\u1ecba \u0111i\u1ec3m c\u00f3 \u0111\u01b0\u1eddng b\u1edd bi\u1ec3n tuy\u1ec7t \u0111\u1eb9p, \u0111\u1eb7c bi\u1ec7t ch\u00fa \u00fd \u0111\u1ebfn khu v\u1ef1c m\u0169i Greco n\u1ed5i ti\u1ebfng v\u1edbi v\u1ebb \u0111\u1eb9p t\u1ef1 nhi\u00ean v\u00e0 l\u00e0n n\u01b0\u1edbc trong xanh. SkyPrime c\u0169ng \u0111\u00e3 ph\u00e2n nh\u00e1nh \u0111\u1ebfn c\u00e1c khu v\u1ef1c kh\u00e1c c\u1ee7a S\u00edp nh\u01b0 th\u00e0nh ph\u1ed1 qu\u1ed1c t\u1ebf Limassol.<\/p>\n<p style=\"text-align: justify; font-size: 20px; line-height: 35px;\">Cho d\u00f9 kh\u00e1ch h\u00e0ng \u0111ang t\u00ecm ki\u1ebfm m\u1ed9t ng\u00f4i nh\u00e0 v\u0129nh vi\u1ec5n, nh\u00e0 ngh\u1ec9 hay \u0111\u1ea7u t\u01b0 th\u00f4ng minh Skyprime \u0111\u1ec1u c\u00f3 v\u1ecb tr\u00ed v\u00e0 t\u00e0i s\u1ea3n l\u00fd t\u01b0\u1edfng.<\/p>\n<p>[\/vc_column_text][\/vc_column][vc_column width=&#8221;2\/6&#8243;][vc_btn title=&#8221;L\u1ed1i s\u1ed1ng&#8221; style=&#8221;custom&#8221; custom_background=&#8221;&#8221; custom_text=&#8221;#000000&#8243; size=&#8221;lg&#8221; i_icon_fontawesome=&#8221;fa fa-male&#8221; add_icon=&#8221;true&#8221;][vc_column_text]<\/p>\n<p style=\"text-align: justify; font-size: 20px; line-height: 35px;\">L\u1ed1i s\u1ed1ng c\u1ee7a S\u00edp \u0111\u01b0\u1ee3c bi\u1ebft \u0111\u1ebfn nh\u01b0 m\u1ed9t trong nh\u1eefng \u0111i\u1ec1u t\u1ed1t nh\u1ea5t. V\u0103n h\u00f3a \u0111\u00e1nh gi\u00e1 cao s\u1ef1 c\u00e2n b\u1eb1ng gi\u1eefa cu\u1ed9c s\u1ed1ng v\u00e0 c\u00f4ng vi\u1ec7c c\u00f3 th\u1ec3 v\u01b0\u1ee3t tr\u1ed9i trong c\u00e1c l\u0129nh v\u1ef1c kinh doanh v\u00e0 c\u00f4ng ty nh\u01b0ng c\u0169ng t\u1eadn h\u01b0\u1edfng nh\u1eefng \u0111i\u1ec1u k\u1ef3 di\u1ec7u m\u00e0 h\u00f2n \u0111\u1ea3o n\u00e0y mang l\u1ea1i nh\u01b0 b\u1edd bi\u1ec3n v\u00e0 n\u00fai non, kh\u00f4ng qu\u00ean s\u1ef1 hi\u1ebfu kh\u00e1ch c\u1ee7a ng\u01b0\u1eddi S\u00edp n\u1ed5i ti\u1ebfng.<\/p>\n<p style=\"text-align: justify; font-size: 20px; line-height: 35px;\">\u0110\u01b0\u1ee3c bi\u1ebft l\u00e0 c\u00f3 t\u1ef7 l\u1ec7 t\u1ed9i ph\u1ea1m th\u1ea5p v\u00e0 an to\u00e0n t\u1ed5ng th\u1ec3 t\u1ed1t, S\u00edp l\u00e0 n\u01a1i l\u00fd t\u01b0\u1edfng cho c\u00e1c gia \u0111\u00ecnh mu\u1ed1n c\u00f3 m\u1ed9t cu\u1ed9c s\u1ed1ng y\u00ean b\u00ecnh v\u00e0 \u1ed5n \u0111\u1ecbnh.<\/p>\n<p>[\/vc_column_text][\/vc_column][vc_column width=&#8221;1\/6&#8243;][\/vc_column][\/vc_row][\/vc_section]<\/p>\n","protected":false},"excerpt":{"rendered":"<p>[vc_section][vc_row][vc_column][vc_single_image image=&#8221;10653&#8243; img_size=&#8221;full&#8221; alignment=&#8221;center&#8221;][\/vc_column][\/vc_row][vc_row][vc_column width=&#8221;1\/5&#8243;][\/vc_column][vc_column width=&#8221;3\/5&#8243;][vc_column_text] D\u1ef1 \u00c1n Skyprime C\u00e1c d\u1ef1 \u00e1n hi\u1ec7n t\u1ea1i c\u1ee7a SkyPrime, n\u1eb1m \u1edf khu v\u1ef1c Cape Greco, m\u1ed9t v\u00f9ng \u0111\u1ea5t \u1edf b\u1edd bi\u1ec3n ph\u00eda \u0111\u00f4ng nam \u0111\u1ea3o S\u00edp. SkyPrime c\u0169ng \u0111\u00e3 m\u1edf r\u1ed9ng c\u00e1c d\u1ef1 \u00e1n sang khu v\u1ef1c qu\u1ed1c t\u1ebf c\u1ee7a Limassol. [\/vc_column_text][\/vc_column][vc_column width=&#8221;1\/5&#8243;][\/vc_column][\/vc_row][vc_row][vc_column width=&#8221;1\/6&#8243;][\/vc_column][vc_column width=&#8221;2\/6&#8243; css=&#8221;.vc_custom_1588734183719{margin-top: 5px !important;margin-right:&#8230;<\/p>\n","protected":false},"author":1,"featured_media":0,"parent":0,"menu_order":0,"comment_status":"closed","ping_status":"closed","template":"elementor_header_footer","meta":[],"yoast_head":"<!-- This site is optimized with the Yoast SEO plugin v21.1 - https:\/\/yoast.com\/wordpress\/plugins\/seo\/ -->\n<title>Skyprime Projects - ADAMAS GLOBAL INVESTMENT<\/title>\n<meta name=\"robots\" content=\"index, follow, max-snippet:-1, max-image-preview:large, max-video-preview:-1\" \/>\n<link rel=\"canonical\" href=\"https:\/\/adamasglobal.org\/en\/du-an-skyprime\" \/>\n<meta property=\"og:locale\" content=\"en_US\" \/>\n<meta property=\"og:type\" content=\"article\" \/>\n<meta property=\"og:title\" content=\"Skyprime Projects - ADAMAS GLOBAL INVESTMENT\" \/>\n<meta property=\"og:description\" content=\"[vc_section][vc_row][vc_column][vc_single_image image=&#8221;10653&#8243; img_size=&#8221;full&#8221; alignment=&#8221;center&#8221;][\/vc_column][\/vc_row][vc_row][vc_column width=&#8221;1\/5&#8243;][\/vc_column][vc_column width=&#8221;3\/5&#8243;][vc_column_text] D\u1ef1 \u00c1n Skyprime C\u00e1c d\u1ef1 \u00e1n hi\u1ec7n t\u1ea1i c\u1ee7a SkyPrime, n\u1eb1m \u1edf khu v\u1ef1c Cape Greco, m\u1ed9t v\u00f9ng \u0111\u1ea5t \u1edf b\u1edd bi\u1ec3n ph\u00eda \u0111\u00f4ng nam \u0111\u1ea3o S\u00edp. SkyPrime c\u0169ng \u0111\u00e3 m\u1edf r\u1ed9ng c\u00e1c d\u1ef1 \u00e1n sang khu v\u1ef1c qu\u1ed1c t\u1ebf c\u1ee7a Limassol. [\/vc_column_text][\/vc_column][vc_column width=&#8221;1\/5&#8243;][\/vc_column][\/vc_row][vc_row][vc_column width=&#8221;1\/6&#8243;][\/vc_column][vc_column width=&#8221;2\/6&#8243; css=&#8221;.vc_custom_1588734183719{margin-top: 5px !important;margin-right:...\" \/>\n<meta property=\"og:url\" content=\"https:\/\/adamasglobal.org\/en\/du-an-skyprime\" \/>\n<meta property=\"og:site_name\" content=\"ADAMAS GLOBAL INVESTMENT\" \/>\n<meta property=\"article:modified_time\" content=\"2020-05-11T08:54:43+00:00\" \/>\n<meta name=\"twitter:card\" content=\"summary_large_image\" \/>\n<meta name=\"twitter:label1\" content=\"Est. reading time\" \/>\n\t<meta name=\"twitter:data1\" content=\"5 minutes\" \/>\n<script type=\"application\/ld+json\" class=\"yoast-schema-graph\">{\"@context\":\"https:\/\/schema.org\",\"@graph\":[{\"@type\":\"WebPage\",\"@id\":\"https:\/\/adamasglobal.org\/en\/du-an-skyprime\",\"url\":\"https:\/\/adamasglobal.org\/en\/du-an-skyprime\",\"name\":\"Skyprime Projects - ADAMAS GLOBAL INVESTMENT\",\"isPartOf\":{\"@id\":\"https:\/\/adamasglobal.org\/#website\"},\"datePublished\":\"2020-02-07T08:22:36+00:00\",\"dateModified\":\"2020-05-11T08:54:43+00:00\",\"breadcrumb\":{\"@id\":\"https:\/\/adamasglobal.org\/en\/du-an-skyprime#breadcrumb\"},\"inLanguage\":\"en-US\",\"potentialAction\":[{\"@type\":\"ReadAction\",\"target\":[\"https:\/\/adamasglobal.org\/en\/du-an-skyprime\"]}]},{\"@type\":\"BreadcrumbList\",\"@id\":\"https:\/\/adamasglobal.org\/en\/du-an-skyprime#breadcrumb\",\"itemListElement\":[{\"@type\":\"ListItem\",\"position\":1,\"name\":\"Home\",\"item\":\"https:\/\/adamasglobal.org\/\"},{\"@type\":\"ListItem\",\"position\":2,\"name\":\"Skyprime Projects\"}]},{\"@type\":\"WebSite\",\"@id\":\"https:\/\/adamasglobal.org\/#website\",\"url\":\"https:\/\/adamasglobal.org\/\",\"name\":\"ADAMAS GLOBAL INVESTMENT\",\"description\":\"\",\"publisher\":{\"@id\":\"https:\/\/adamasglobal.org\/#organization\"},\"potentialAction\":[{\"@type\":\"SearchAction\",\"target\":{\"@type\":\"EntryPoint\",\"urlTemplate\":\"https:\/\/adamasglobal.org\/?s={search_term_string}\"},\"query-input\":\"required name=search_term_string\"}],\"inLanguage\":\"en-US\"},{\"@type\":\"Organization\",\"@id\":\"https:\/\/adamasglobal.org\/#organization\",\"name\":\"C\u00d4NG TY \u0110\u1ea6U T\u01af B\u1ea4T \u0110\u1ed8NG S\u1ea2N QU\u1ed0C T\u1ebe ADAMAS\",\"url\":\"https:\/\/adamasglobal.org\/\",\"logo\":{\"@type\":\"ImageObject\",\"inLanguage\":\"en-US\",\"@id\":\"https:\/\/adamasglobal.org\/#\/schema\/logo\/image\/\",\"url\":\"https:\/\/adamasglobal.org\/wp-content\/uploads\/2020\/02\/adamas-logo-new-400.png\",\"contentUrl\":\"https:\/\/adamasglobal.org\/wp-content\/uploads\/2020\/02\/adamas-logo-new-400.png\",\"width\":600,\"height\":209,\"caption\":\"C\u00d4NG TY \u0110\u1ea6U T\u01af B\u1ea4T \u0110\u1ed8NG S\u1ea2N QU\u1ed0C T\u1ebe ADAMAS\"},\"image\":{\"@id\":\"https:\/\/adamasglobal.org\/#\/schema\/logo\/image\/\"}}]}<\/script>\n<!-- \/ Yoast SEO plugin. -->","yoast_head_json":{"title":"Skyprime Projects - ADAMAS GLOBAL INVESTMENT","robots":{"index":"index","follow":"follow","max-snippet":"max-snippet:-1","max-image-preview":"max-image-preview:large","max-video-preview":"max-video-preview:-1"},"canonical":"https:\/\/adamasglobal.org\/en\/du-an-skyprime","og_locale":"en_US","og_type":"article","og_title":"Skyprime Projects - ADAMAS GLOBAL INVESTMENT","og_description":"[vc_section][vc_row][vc_column][vc_single_image image=&#8221;10653&#8243; img_size=&#8221;full&#8221; alignment=&#8221;center&#8221;][\/vc_column][\/vc_row][vc_row][vc_column width=&#8221;1\/5&#8243;][\/vc_column][vc_column width=&#8221;3\/5&#8243;][vc_column_text] D\u1ef1 \u00c1n Skyprime C\u00e1c d\u1ef1 \u00e1n hi\u1ec7n t\u1ea1i c\u1ee7a SkyPrime, n\u1eb1m \u1edf khu v\u1ef1c Cape Greco, m\u1ed9t v\u00f9ng \u0111\u1ea5t \u1edf b\u1edd bi\u1ec3n ph\u00eda \u0111\u00f4ng nam \u0111\u1ea3o S\u00edp. SkyPrime c\u0169ng \u0111\u00e3 m\u1edf r\u1ed9ng c\u00e1c d\u1ef1 \u00e1n sang khu v\u1ef1c qu\u1ed1c t\u1ebf c\u1ee7a Limassol. [\/vc_column_text][\/vc_column][vc_column width=&#8221;1\/5&#8243;][\/vc_column][\/vc_row][vc_row][vc_column width=&#8221;1\/6&#8243;][\/vc_column][vc_column width=&#8221;2\/6&#8243; css=&#8221;.vc_custom_1588734183719{margin-top: 5px !important;margin-right:...","og_url":"https:\/\/adamasglobal.org\/en\/du-an-skyprime","og_site_name":"ADAMAS GLOBAL INVESTMENT","article_modified_time":"2020-05-11T08:54:43+00:00","twitter_card":"summary_large_image","twitter_misc":{"Est. reading time":"5 minutes"},"schema":{"@context":"https:\/\/schema.org","@graph":[{"@type":"WebPage","@id":"https:\/\/adamasglobal.org\/en\/du-an-skyprime","url":"https:\/\/adamasglobal.org\/en\/du-an-skyprime","name":"Skyprime Projects - ADAMAS GLOBAL INVESTMENT","isPartOf":{"@id":"https:\/\/adamasglobal.org\/#website"},"datePublished":"2020-02-07T08:22:36+00:00","dateModified":"2020-05-11T08:54:43+00:00","breadcrumb":{"@id":"https:\/\/adamasglobal.org\/en\/du-an-skyprime#breadcrumb"},"inLanguage":"en-US","potentialAction":[{"@type":"ReadAction","target":["https:\/\/adamasglobal.org\/en\/du-an-skyprime"]}]},{"@type":"BreadcrumbList","@id":"https:\/\/adamasglobal.org\/en\/du-an-skyprime#breadcrumb","itemListElement":[{"@type":"ListItem","position":1,"name":"Home","item":"https:\/\/adamasglobal.org\/"},{"@type":"ListItem","position":2,"name":"Skyprime Projects"}]},{"@type":"WebSite","@id":"https:\/\/adamasglobal.org\/#website","url":"https:\/\/adamasglobal.org\/","name":"ADAMAS GLOBAL INVESTMENT","description":"","publisher":{"@id":"https:\/\/adamasglobal.org\/#organization"},"potentialAction":[{"@type":"SearchAction","target":{"@type":"EntryPoint","urlTemplate":"https:\/\/adamasglobal.org\/?s={search_term_string}"},"query-input":"required name=search_term_string"}],"inLanguage":"en-US"},{"@type":"Organization","@id":"https:\/\/adamasglobal.org\/#organization","name":"C\u00d4NG TY \u0110\u1ea6U T\u01af B\u1ea4T \u0110\u1ed8NG S\u1ea2N QU\u1ed0C T\u1ebe ADAMAS","url":"https:\/\/adamasglobal.org\/","logo":{"@type":"ImageObject","inLanguage":"en-US","@id":"https:\/\/adamasglobal.org\/#\/schema\/logo\/image\/","url":"https:\/\/adamasglobal.org\/wp-content\/uploads\/2020\/02\/adamas-logo-new-400.png","contentUrl":"https:\/\/adamasglobal.org\/wp-content\/uploads\/2020\/02\/adamas-logo-new-400.png","width":600,"height":209,"caption":"C\u00d4NG TY \u0110\u1ea6U T\u01af B\u1ea4T \u0110\u1ed8NG S\u1ea2N QU\u1ed0C T\u1ebe ADAMAS"},"image":{"@id":"https:\/\/adamasglobal.org\/#\/schema\/logo\/image\/"}}]}},"_links":{"self":[{"href":"https:\/\/adamasglobal.org\/en\/wp-json\/wp\/v2\/pages\/10651"}],"collection":[{"href":"https:\/\/adamasglobal.org\/en\/wp-json\/wp\/v2\/pages"}],"about":[{"href":"https:\/\/adamasglobal.org\/en\/wp-json\/wp\/v2\/types\/page"}],"author":[{"embeddable":true,"href":"https:\/\/adamasglobal.org\/en\/wp-json\/wp\/v2\/users\/1"}],"replies":[{"embeddable":true,"href":"https:\/\/adamasglobal.org\/en\/wp-json\/wp\/v2\/comments?post=10651"}],"version-history":[{"count":27,"href":"https:\/\/adamasglobal.org\/en\/wp-json\/wp\/v2\/pages\/10651\/revisions"}],"predecessor-version":[{"id":12961,"href":"https:\/\/adamasglobal.org\/en\/wp-json\/wp\/v2\/pages\/10651\/revisions\/12961"}],"wp:attachment":[{"href":"https:\/\/adamasglobal.org\/en\/wp-json\/wp\/v2\/media?parent=10651"}],"curies":[{"name":"wp","href":"https:\/\/api.w.org\/{rel}","templated":true}]}}